{"id":454,"date":"2025-09-09T09:34:11","date_gmt":"2025-09-09T07:34:11","guid":{"rendered":"http:\/\/kotlinafishing.pl\/?post_type=product&#038;p=454"},"modified":"2026-02-20T17:35:50","modified_gmt":"2026-02-20T16:35:50","slug":"osmo-pro-pellet-bronze-0-9kg","status":"publish","type":"product","link":"https:\/\/kotlinafishing.pl\/?product=osmo-pro-pellet-bronze-0-9kg","title":{"rendered":"Osmo Pro Pellet Bronze &#8211; 0.9kg"},"content":{"rendered":"<p>Osmo Pro Pellet jest bogatym w bia\u0142ko pokarmem dla ryb. Doskonale wabi i utrzymuje ryby w \u0142owisku. Dobrze reaguje na namaczanie. Ma odpowiedni\u0105 kleisto\u015b\u0107 aby m\u00f3g\u0142 by\u0107 stosowany samodzielnie, bez dodatku zan\u0119ty. Zawiera m\u0105czki rybne oraz jest dodatkowo nas\u0105czany olejem rybnym, kt\u00f3ry wzbogaca jego prac\u0119 oraz wprowadza dodatkowe walory smakowe. Jasna barwa pelletu sprawia \u017ce jest dobrze widoczny na dnie. Dobrze nadaje si\u0119 do barwienia i aromatyzowania.<\/p>\n","protected":false},"excerpt":{"rendered":"<p>Osmo Pro Pellet jest bogatym w bia\u0142ko pokarmem dla ryb. Doskonale wabi i utrzymuje ryby w \u0142owisku. Dobrze reaguje na namaczanie. Ma odpowiedni\u0105 kleisto\u015b\u0107 aby m\u00f3g\u0142 by\u0107 stosowany samodzielnie, bez dodatku zan\u0119ty. Zawiera m\u0105czki rybne oraz jest dodatkowo nas\u0105czany olejem rybnym, kt\u00f3ry wzbogaca jego prac\u0119 oraz wprowadza dodatkowe walory smakowe. Jasna barwa pelletu sprawia \u017ce jest dobrze widoczny na dnie. Dobrze nadaje si\u0119 do barwienia i aromatyzowania.<\/p>\n","protected":false},"featured_media":2884,"template":"","meta":[],"product_brand":[25],"product_cat":[43,19,41],"product_tag":[],"class_list":{"0":"post-454","1":"product","2":"type-product","3":"status-publish","4":"has-post-thumbnail","6":"product_brand-osmo","7":"product_cat-pellety-zanetowe","8":"product_cat-grunt","9":"product_cat-zanety-przynety-dodatki-gliny","11":"first","12":"outofstock","13":"shipping-taxable","14":"purchasable","15":"product-type-simple"},"_links":{"self":[{"href":"https:\/\/kotlinafishing.pl\/index.php?rest_route=\/wp\/v2\/product\/454","targetHints":{"allow":["GET"]}}],"collection":[{"href":"https:\/\/kotlinafishing.pl\/index.php?rest_route=\/wp\/v2\/product"}],"about":[{"href":"https:\/\/kotlinafishing.pl\/index.php?rest_route=\/wp\/v2\/types\/product"}],"wp:featuredmedia":[{"embeddable":true,"href":"https:\/\/kotlinafishing.pl\/index.php?rest_route=\/wp\/v2\/media\/2884"}],"wp:attachment":[{"href":"https:\/\/kotlinafishing.pl\/index.php?rest_route=%2Fwp%2Fv2%2Fmedia&parent=454"}],"wp:term":[{"taxonomy":"product_brand","embeddable":true,"href":"https:\/\/kotlinafishing.pl\/index.php?rest_route=%2Fwp%2Fv2%2Fproduct_brand&post=454"},{"taxonomy":"product_cat","embeddable":true,"href":"https:\/\/kotlinafishing.pl\/index.php?rest_route=%2Fwp%2Fv2%2Fproduct_cat&post=454"},{"taxonomy":"product_tag","embeddable":true,"href":"https:\/\/kotlinafishing.pl\/index.php?rest_route=%2Fwp%2Fv2%2Fproduct_tag&post=454"}],"curies":[{"name":"wp","href":"https:\/\/api.w.org\/{rel}","templated":true}]}}