{"id":453,"date":"2025-09-09T09:32:15","date_gmt":"2025-09-09T07:32:15","guid":{"rendered":"http:\/\/kotlinafishing.pl\/?post_type=product&#038;p=453"},"modified":"2026-02-20T17:41:30","modified_gmt":"2026-02-20T16:41:30","slug":"osmo-pellet-alien-0-8kg","status":"publish","type":"product","link":"https:\/\/kotlinafishing.pl\/?product=osmo-pellet-alien-0-8kg","title":{"rendered":"Osmo Pellet Alien &#8211; 0.8kg"},"content":{"rendered":"<p>Pellet Alien sk\u0142ada si\u0119 z trzech wysokobia\u0142kowych pellet\u00f3w, kt\u00f3re s\u0105 bardzo atrakcyjne dla ryb i maj\u0105 dla nich bardzo dobre warto\u015bci od\u017cywcze. Pellet dodatkowo aromatyzowany jest aromatem aliena i jest obok przyn\u0119ty i liquidu, jest trzecim produktem, kt\u00f3ry ma ten specyficzny zapach. Alien nie raz udowodni\u0142 swoj\u0105 wysok\u0105 skuteczno\u015b\u0107 nie tylko na \u0142owiskach komercyjnych i jest jednym z najch\u0119tniej stosowanych produkt\u00f3w z naszej oferty.<\/p>\n","protected":false},"excerpt":{"rendered":"<p>Pellet Alien sk\u0142ada si\u0119 z trzech wysokobia\u0142kowych pellet\u00f3w, kt\u00f3re s\u0105 bardzo atrakcyjne dla ryb i maj\u0105 dla nich bardzo dobre warto\u015bci od\u017cywcze. Pellet dodatkowo aromatyzowany jest aromatem aliena i jest obok przyn\u0119ty i liquidu, jest trzecim produktem, kt\u00f3ry ma ten specyficzny zapach. Alien nie raz udowodni\u0142 swoj\u0105 wysok\u0105 skuteczno\u015b\u0107 nie tylko na \u0142owiskach komercyjnych i jest jednym z najch\u0119tniej stosowanych produkt\u00f3w z naszej oferty.<\/p>\n","protected":false},"featured_media":2881,"template":"","meta":[],"product_brand":[25],"product_cat":[43,19,41],"product_tag":[],"class_list":{"0":"post-453","1":"product","2":"type-product","3":"status-publish","4":"has-post-thumbnail","6":"product_brand-osmo","7":"product_cat-pellety-zanetowe","8":"product_cat-grunt","9":"product_cat-zanety-przynety-dodatki-gliny","10":"pa_marka-osmo","12":"first","13":"outofstock","14":"shipping-taxable","15":"purchasable","16":"product-type-simple"},"_links":{"self":[{"href":"https:\/\/kotlinafishing.pl\/index.php?rest_route=\/wp\/v2\/product\/453","targetHints":{"allow":["GET"]}}],"collection":[{"href":"https:\/\/kotlinafishing.pl\/index.php?rest_route=\/wp\/v2\/product"}],"about":[{"href":"https:\/\/kotlinafishing.pl\/index.php?rest_route=\/wp\/v2\/types\/product"}],"wp:featuredmedia":[{"embeddable":true,"href":"https:\/\/kotlinafishing.pl\/index.php?rest_route=\/wp\/v2\/media\/2881"}],"wp:attachment":[{"href":"https:\/\/kotlinafishing.pl\/index.php?rest_route=%2Fwp%2Fv2%2Fmedia&parent=453"}],"wp:term":[{"taxonomy":"product_brand","embeddable":true,"href":"https:\/\/kotlinafishing.pl\/index.php?rest_route=%2Fwp%2Fv2%2Fproduct_brand&post=453"},{"taxonomy":"product_cat","embeddable":true,"href":"https:\/\/kotlinafishing.pl\/index.php?rest_route=%2Fwp%2Fv2%2Fproduct_cat&post=453"},{"taxonomy":"product_tag","embeddable":true,"href":"https:\/\/kotlinafishing.pl\/index.php?rest_route=%2Fwp%2Fv2%2Fproduct_tag&post=453"}],"curies":[{"name":"wp","href":"https:\/\/api.w.org\/{rel}","templated":true}]}}