{"id":452,"date":"2025-09-09T09:31:17","date_gmt":"2025-09-09T07:31:17","guid":{"rendered":"http:\/\/kotlinafishing.pl\/?post_type=product&#038;p=452"},"modified":"2026-03-31T20:16:49","modified_gmt":"2026-03-31T18:16:49","slug":"osmo-method-mix-match-800g","status":"publish","type":"product","link":"https:\/\/kotlinafishing.pl\/?product=osmo-method-mix-match-800g","title":{"rendered":"Osmo Method Mix &#8211; Match 800g"},"content":{"rendered":"<p>W\u0119dkarstwo to sztuka, kt\u00f3ra wymaga nie tylko cierpliwo\u015bci, ale r\u00f3wnie\u017c odpowiedniego przygotowania sprz\u0119tu oraz przyn\u0119t. Kluczem do udanych po\u0142ow\u00f3w jest zan\u0119canie &#8211; proces przygotowania mieszanki, kt\u00f3ra przyci\u0105gnie ryby w nasze \u0142owisko. Dlatego Osmo Innovation Baits wprowadza na rynek now\u0105 zan\u0119t\u0119 w\u0119dkarsk\u0105, kt\u00f3ra zmieni spos\u00f3b, w jaki postrzegasz po\u0142owy &#8211; Method Mix Match.<\/p>\n","protected":false},"excerpt":{"rendered":"<p>W\u0119dkarstwo to sztuka, kt\u00f3ra wymaga nie tylko cierpliwo\u015bci, ale r\u00f3wnie\u017c odpowiedniego przygotowania sprz\u0119tu oraz przyn\u0119t. Kluczem do udanych po\u0142ow\u00f3w jest zan\u0119canie &#8211; proces przygotowania mieszanki, kt\u00f3ra przyci\u0105gnie ryby w nasze \u0142owisko. Dlatego Osmo Innovation Baits wprowadza na rynek now\u0105 zan\u0119t\u0119 w\u0119dkarsk\u0105, kt\u00f3ra zmieni spos\u00f3b, w jaki postrzegasz po\u0142owy &#8211; Method Mix Match.<\/p>\n","protected":false},"featured_media":2923,"template":"","meta":[],"product_brand":[25],"product_cat":[59,19,41],"product_tag":[],"class_list":{"0":"post-452","1":"product","2":"type-product","3":"status-publish","4":"has-post-thumbnail","6":"product_brand-osmo","7":"product_cat-method-mixy","8":"product_cat-grunt","9":"product_cat-zanety-przynety-dodatki-gliny","10":"pa_marka-osmo","12":"first","13":"instock","14":"shipping-taxable","15":"purchasable","16":"product-type-simple"},"_links":{"self":[{"href":"https:\/\/kotlinafishing.pl\/index.php?rest_route=\/wp\/v2\/product\/452","targetHints":{"allow":["GET"]}}],"collection":[{"href":"https:\/\/kotlinafishing.pl\/index.php?rest_route=\/wp\/v2\/product"}],"about":[{"href":"https:\/\/kotlinafishing.pl\/index.php?rest_route=\/wp\/v2\/types\/product"}],"wp:featuredmedia":[{"embeddable":true,"href":"https:\/\/kotlinafishing.pl\/index.php?rest_route=\/wp\/v2\/media\/2923"}],"wp:attachment":[{"href":"https:\/\/kotlinafishing.pl\/index.php?rest_route=%2Fwp%2Fv2%2Fmedia&parent=452"}],"wp:term":[{"taxonomy":"product_brand","embeddable":true,"href":"https:\/\/kotlinafishing.pl\/index.php?rest_route=%2Fwp%2Fv2%2Fproduct_brand&post=452"},{"taxonomy":"product_cat","embeddable":true,"href":"https:\/\/kotlinafishing.pl\/index.php?rest_route=%2Fwp%2Fv2%2Fproduct_cat&post=452"},{"taxonomy":"product_tag","embeddable":true,"href":"https:\/\/kotlinafishing.pl\/index.php?rest_route=%2Fwp%2Fv2%2Fproduct_tag&post=452"}],"curies":[{"name":"wp","href":"https:\/\/api.w.org\/{rel}","templated":true}]}}