{"id":448,"date":"2025-09-09T09:23:18","date_gmt":"2025-09-09T07:23:18","guid":{"rendered":"http:\/\/kotlinafishing.pl\/?post_type=product&#038;p=448"},"modified":"2026-02-20T17:55:22","modified_gmt":"2026-02-20T16:55:22","slug":"stinky-egg-wafters-eggstreme-fishing","status":"publish","type":"product","link":"https:\/\/kotlinafishing.pl\/?product=stinky-egg-wafters-eggstreme-fishing","title":{"rendered":"Stinky Egg Wafters &#8211; Eggstreme Fishing"},"content":{"rendered":"<p style=\"font-weight: 400;\"><b>Stinky EGG<\/b><span style=\"font-weight: 400;\"> to przyn\u0119ta o <\/span><b>ekstremalnie intensywnym, &#8222;\u015bmierdz\u0105cym&#8221; aromacie<\/b><span style=\"font-weight: 400;\">, kt\u00f3ry dzia\u0142a prowokuj\u0105co nawet na najbardziej ospa\u0142e karpie i jesiotry. Ten zapach nie bierze je\u0144c\u00f3w \u2013 to typowy <\/span><b>killer na trudne \u0142owiska<\/b><span style=\"font-weight: 400;\"> i zimn\u0105 wod\u0119.\u00a0<\/span><\/p>\n<p style=\"font-weight: 400;\"><b>Stinky EGG\u00a0\u2013 gdy chcesz zostawi\u0107 po sobie mocny \u015blad\u2026 i jeszcze mocniejsze brania.<\/b><\/p>\n<p style=\"font-weight: 400;\"><b>Eggstreme Fishing \u2013 Przyn\u0119ty, kt\u00f3re zmieniaj\u0105 zasady gry<\/b><\/p>\n<p style=\"font-weight: 400;\">Firma\u00a0<b>Eggstreme Fishing<\/b>\u00a0prezentuje lini\u0119 przyn\u0119t do method feeder, kt\u00f3re wyznaczaj\u0105 nowy standard w nowoczesnym w\u0119dkarstwie. Ich\u00a0<b>innowacyjny, opatentowany kszta\u0142t inspirowany jajkiem<\/b>\u00a0to nie tylko estetyczny wyr\u00f3\u017cnik, ale przede wszystkim funkcjonalne rozwi\u0105zanie, kt\u00f3re wp\u0142ywa na prac\u0119 przyn\u0119ty i jej atrakcyjno\u015b\u0107 w wodzie.<\/p>\n<p style=\"font-weight: 400;\">Ka\u017cda przyn\u0119ta zosta\u0142a zaprojektowana z my\u015bl\u0105 o\u00a0<b>maksymalnej skuteczno\u015bci<\/b>:<\/p>\n<ul>\n<li>Unikalna geometria<span style=\"font-weight: 400;\"> zapewnia optymalny balans i naturalne zachowanie na dnie,<\/span><\/li>\n<\/ul>\n<ul style=\"font-weight: 400;\">\n<li><b>Zbalansowana wyporno\u015b\u0107<\/b> czyni przyn\u0119ty niezwykle kusz\u0105cymi dla ostro\u017cnych karpiowatych,<\/li>\n<li>Dzi\u0119ki swojej formie, przyn\u0119ty Egg <b>wyr\u00f3\u017cniaj\u0105 si\u0119 w ka\u017cdych warunkach<\/b>, pracuj\u0105c nawet przy minimalnym ruchu wody.<\/li>\n<\/ul>\n<p style=\"font-weight: 400;\">To w\u0142a\u015bnie po\u0142\u0105czenie kszta\u0142tu, wyporno\u015bci i kompozycji czyni te przyn\u0119ty\u00a0<b>jedynymi w swoim rodzaju<\/b>. Niezale\u017cnie od \u0142owiska czy techniki \u2013 Eggstreme Fishing to przyn\u0119ta, kt\u00f3rej karpie nie potrafi\u0105 si\u0119 oprze\u0107.<\/p>\n<p style=\"font-weight: 400;\"><b>Eggstreme Fishing \u2013 kszta\u0142t sukcesu zaczyna si\u0119 od jajka.<\/b><\/p>\n","protected":false},"excerpt":{"rendered":"<p><b>Stinky EGG<\/b><span style=\"font-weight: 400;\"> to przyn\u0119ta o <\/span><b>ekstremalnie intensywnym, &#8222;\u015bmierdz\u0105cym&#8221; aromacie<\/b><span style=\"font-weight: 400;\">, kt\u00f3ry dzia\u0142a prowokuj\u0105co nawet na najbardziej ospa\u0142e karpie i jesiotry. Ten zapach nie bierze je\u0144c\u00f3w \u2013 to typowy <\/span><b>killer na trudne \u0142owiska<\/b><span style=\"font-weight: 400;\"> i zimn\u0105 wod\u0119.\u00a0<\/span><\/p>\n","protected":false},"featured_media":2889,"template":"","meta":[],"product_brand":[25],"product_cat":[44,19,41],"product_tag":[],"class_list":{"0":"post-448","1":"product","2":"type-product","3":"status-publish","4":"has-post-thumbnail","6":"product_brand-osmo","7":"product_cat-przynety-method-feeder","8":"product_cat-grunt","9":"product_cat-zanety-przynety-dodatki-gliny","10":"pa_marka-osmo","12":"first","13":"instock","14":"shipping-taxable","15":"purchasable","16":"product-type-simple"},"_links":{"self":[{"href":"https:\/\/kotlinafishing.pl\/index.php?rest_route=\/wp\/v2\/product\/448","targetHints":{"allow":["GET"]}}],"collection":[{"href":"https:\/\/kotlinafishing.pl\/index.php?rest_route=\/wp\/v2\/product"}],"about":[{"href":"https:\/\/kotlinafishing.pl\/index.php?rest_route=\/wp\/v2\/types\/product"}],"wp:featuredmedia":[{"embeddable":true,"href":"https:\/\/kotlinafishing.pl\/index.php?rest_route=\/wp\/v2\/media\/2889"}],"wp:attachment":[{"href":"https:\/\/kotlinafishing.pl\/index.php?rest_route=%2Fwp%2Fv2%2Fmedia&parent=448"}],"wp:term":[{"taxonomy":"product_brand","embeddable":true,"href":"https:\/\/kotlinafishing.pl\/index.php?rest_route=%2Fwp%2Fv2%2Fproduct_brand&post=448"},{"taxonomy":"product_cat","embeddable":true,"href":"https:\/\/kotlinafishing.pl\/index.php?rest_route=%2Fwp%2Fv2%2Fproduct_cat&post=448"},{"taxonomy":"product_tag","embeddable":true,"href":"https:\/\/kotlinafishing.pl\/index.php?rest_route=%2Fwp%2Fv2%2Fproduct_tag&post=448"}],"curies":[{"name":"wp","href":"https:\/\/api.w.org\/{rel}","templated":true}]}}