{"id":447,"date":"2025-09-09T09:22:53","date_gmt":"2025-09-09T07:22:53","guid":{"rendered":"http:\/\/kotlinafishing.pl\/?post_type=product&#038;p=447"},"modified":"2026-02-20T18:02:40","modified_gmt":"2026-02-20T17:02:40","slug":"crazy-egg-wafters-eggstreme-fishing","status":"publish","type":"product","link":"https:\/\/kotlinafishing.pl\/?product=crazy-egg-wafters-eggstreme-fishing","title":{"rendered":"Crazy Egg Wafters &#8211; Eggstreme Fishing"},"content":{"rendered":"<p style=\"font-weight: 400;\"><b>Crazy EGG<\/b><span style=\"font-weight: 400;\"> to <\/span><b>dwukolorowa przyn\u0119ta<\/b><span style=\"font-weight: 400;\"> od Eggstreme Fishing \u2013 po\u0142\u0105czenie energetycznej <\/span><b>pomara\u0144czy i \u017c\u00f3\u0142ci<\/b><span style=\"font-weight: 400;\">. Jej <\/span><b>s\u0142odki, intensywny aromat<\/b><span style=\"font-weight: 400;\"> dzia\u0142a natychmiastowo, skutecznie wabi\u0105c karpiowate nawet z du\u017cej odleg\u0142o\u015bci.<\/span><\/p>\n<p style=\"font-weight: 400;\"><b>Dzi\u0119ki\u00a0opatentowanemu kszta\u0142towi jajka, doskonale balansuje i pracuje tu\u017c nad dnem, przyci\u0105gaj\u0105c uwag\u0119 nie tylko zapachem, ale i wyrazist\u0105 kolorystyk\u0105.<\/b><\/p>\n<p style=\"font-weight: 400;\">Eggstreme Fishing \u2013 Przyn\u0119ty, kt\u00f3re zmieniaj\u0105 zasady gry<\/p>\n<p style=\"font-weight: 400;\">Firma\u00a0Eggstreme Fishing\u00a0prezentuje lini\u0119 przyn\u0119t do method feeder, kt\u00f3re wyznaczaj\u0105 nowy standard w nowoczesnym w\u0119dkarstwie. Ich\u00a0innowacyjny, opatentowany kszta\u0142t inspirowany jajkiem\u00a0to nie tylko estetyczny wyr\u00f3\u017cnik, ale przede wszystkim funkcjonalne rozwi\u0105zanie, kt\u00f3re wp\u0142ywa na prac\u0119 przyn\u0119ty i jej atrakcyjno\u015b\u0107 w wodzie.<\/p>\n<p style=\"font-weight: 400;\">Ka\u017cda przyn\u0119ta zosta\u0142a zaprojektowana z my\u015bl\u0105 o\u00a0maksymalnej skuteczno\u015bci:<\/p>\n<ul>\n<li>Unikalna geometria<span style=\"font-weight: 400;\"> zapewnia optymalny balans i naturalne zachowanie na dnie,<\/span><\/li>\n<\/ul>\n<ul style=\"font-weight: 400;\">\n<li>Zbalansowana wyporno\u015b\u0107 czyni przyn\u0119ty niezwykle kusz\u0105cymi dla ostro\u017cnych karpiowatych,<\/li>\n<li>Dzi\u0119ki swojej formie, przyn\u0119ty Egg wyr\u00f3\u017cniaj\u0105 si\u0119 w ka\u017cdych warunkach, pracuj\u0105c nawet przy minimalnym ruchu wody.<\/li>\n<\/ul>\n<p style=\"font-weight: 400;\">To w\u0142a\u015bnie po\u0142\u0105czenie kszta\u0142tu, wyporno\u015bci i kompozycji czyni te przyn\u0119ty\u00a0jedynymi w swoim rodzaju. Niezale\u017cnie od \u0142owiska czy techniki \u2013 Eggstreme Fishing to przyn\u0119ta, kt\u00f3rej karpie nie potrafi\u0105 si\u0119 oprze\u0107.<\/p>\n<p style=\"font-weight: 400;\">Eggstreme Fishing \u2013 kszta\u0142t sukcesu zaczyna si\u0119 od jajka.<\/p>\n","protected":false},"excerpt":{"rendered":"<p><b>Crazy EGG<\/b><span style=\"font-weight: 400;\"> to <\/span><b>dwukolorowa przyn\u0119ta<\/b><span style=\"font-weight: 400;\"> od Eggstreme Fishing \u2013 po\u0142\u0105czenie energetycznej <\/span><b>pomara\u0144czy i \u017c\u00f3\u0142ci<\/b><span style=\"font-weight: 400;\">. Jej <\/span><b>s\u0142odki, intensywny aromat<\/b><span style=\"font-weight: 400;\"> dzia\u0142a natychmiastowo, skutecznie wabi\u0105c karpiowate nawet z du\u017cej odleg\u0142o\u015bci.<\/span><\/p>\n","protected":false},"featured_media":2900,"template":"","meta":[],"product_brand":[25],"product_cat":[44,19,41],"product_tag":[],"class_list":{"0":"post-447","1":"product","2":"type-product","3":"status-publish","4":"has-post-thumbnail","6":"product_brand-osmo","7":"product_cat-przynety-method-feeder","8":"product_cat-grunt","9":"product_cat-zanety-przynety-dodatki-gliny","10":"pa_marka-osmo","12":"first","13":"outofstock","14":"shipping-taxable","15":"purchasable","16":"product-type-simple"},"_links":{"self":[{"href":"https:\/\/kotlinafishing.pl\/index.php?rest_route=\/wp\/v2\/product\/447","targetHints":{"allow":["GET"]}}],"collection":[{"href":"https:\/\/kotlinafishing.pl\/index.php?rest_route=\/wp\/v2\/product"}],"about":[{"href":"https:\/\/kotlinafishing.pl\/index.php?rest_route=\/wp\/v2\/types\/product"}],"wp:featuredmedia":[{"embeddable":true,"href":"https:\/\/kotlinafishing.pl\/index.php?rest_route=\/wp\/v2\/media\/2900"}],"wp:attachment":[{"href":"https:\/\/kotlinafishing.pl\/index.php?rest_route=%2Fwp%2Fv2%2Fmedia&parent=447"}],"wp:term":[{"taxonomy":"product_brand","embeddable":true,"href":"https:\/\/kotlinafishing.pl\/index.php?rest_route=%2Fwp%2Fv2%2Fproduct_brand&post=447"},{"taxonomy":"product_cat","embeddable":true,"href":"https:\/\/kotlinafishing.pl\/index.php?rest_route=%2Fwp%2Fv2%2Fproduct_cat&post=447"},{"taxonomy":"product_tag","embeddable":true,"href":"https:\/\/kotlinafishing.pl\/index.php?rest_route=%2Fwp%2Fv2%2Fproduct_tag&post=447"}],"curies":[{"name":"wp","href":"https:\/\/api.w.org\/{rel}","templated":true}]}}