{"id":445,"date":"2025-09-09T09:21:22","date_gmt":"2025-09-09T07:21:22","guid":{"rendered":"http:\/\/kotlinafishing.pl\/?post_type=product&#038;p=445"},"modified":"2026-02-20T18:06:55","modified_gmt":"2026-02-20T17:06:55","slug":"juicy-egg-wafters-eggstreame-fishing","status":"publish","type":"product","link":"https:\/\/kotlinafishing.pl\/?product=juicy-egg-wafters-eggstreame-fishing","title":{"rendered":"Juicy Egg Wafters &#8211; Eggstreame Fishing"},"content":{"rendered":"<p style=\"font-weight: 400;\">Juicy EGG to przyn\u0119ta stworzona z my\u015bl\u0105 o w\u0119dkarzach, kt\u00f3rzy szukaj\u0105 czego\u015b wi\u0119cej ni\u017c standardowego waftersa. Jej intensywny, owocowy aromat dzia\u0142a silnie na zmys\u0142y ryb, skutecznie prowokuj\u0105c do brania nawet w trudnych warunkach. Dost\u0119pna w trzech atrakcyjnych kolorach: \u017c\u00f3\u0142tym, r\u00f3\u017cowym i pomara\u0144czowym \u2013 \u015bwietnie widoczna na ka\u017cdym rodzaju dna.<\/p>\n<p style=\"font-weight: 400;\">Dzi\u0119ki\u00a0<b>opatentowanemu kszta\u0142towi jajka<\/b>, doskonale balansuje i pracuje tu\u017c nad dnem, przyci\u0105gaj\u0105c uwag\u0119 nie tylko zapachem, ale i wyrazist\u0105 kolorystyk\u0105.<\/p>\n<p style=\"font-weight: 400;\"><b>Juicy EGG to nie tylko smakowita przyn\u0119ta \u2013 to taktyczna przewaga nad ostro\u017cnymi rybami. Je\u015bli szukasz czego\u015b, co wyr\u00f3\u017cni Tw\u00f3j zestaw na tle innych \u2013 postaw na owocow\u0105 si\u0142\u0119 w nowoczesnym kszta\u0142cie. <\/b><\/p>\n<p style=\"font-weight: 400;\"><b>Eggstreme Fishing \u2013 Przyn\u0119ty, kt\u00f3re zmieniaj\u0105 zasady gry<\/b><\/p>\n<p style=\"font-weight: 400;\"><span style=\"font-weight: 400;\">Firma <\/span><b>Eggstreme Fishing<\/b><span style=\"font-weight: 400;\"> prezentuje lini\u0119 przyn\u0119t do method feeder, kt\u00f3re wyznaczaj\u0105 nowy standard w nowoczesnym w\u0119dkarstwie. Ich <\/span><b>innowacyjny, opatentowany kszta\u0142t inspirowany jajkiem<\/b><span style=\"font-weight: 400;\"> to nie tylko estetyczny wyr\u00f3\u017cnik, ale przede wszystkim funkcjonalne rozwi\u0105zanie, kt\u00f3re wp\u0142ywa na prac\u0119 przyn\u0119ty i jej atrakcyjno\u015b\u0107 w wodzie.<\/span><\/p>\n<p style=\"font-weight: 400;\"><span style=\"font-weight: 400;\">Ka\u017cda przyn\u0119ta zosta\u0142a zaprojektowana z my\u015bl\u0105 o <\/span><b>maksymalnej skuteczno\u015bci<\/b><span style=\"font-weight: 400;\">:<\/span><\/p>\n<ul>\n<li><b>Unikalna geometria<\/b><span style=\"font-weight: 400;\"> zapewnia optymalny balans i naturalne zachowanie na dnie,<\/span><\/li>\n<\/ul>\n<ul style=\"font-weight: 400;\">\n<li style=\"font-weight: 400;\"><b>Zbalansowana wyporno\u015b\u0107<\/b><span style=\"font-weight: 400;\"> czyni przyn\u0119ty niezwykle kusz\u0105cymi dla ostro\u017cnych karpiowatych,<\/span><\/li>\n<li style=\"font-weight: 400;\"><span style=\"font-weight: 400;\">Dzi\u0119ki swojej formie, przyn\u0119ty Egg <\/span><b>wyr\u00f3\u017cniaj\u0105 si\u0119 w ka\u017cdych warunkach<\/b><span style=\"font-weight: 400;\">, pracuj\u0105c nawet przy minimalnym ruchu wody.<\/span><\/li>\n<\/ul>\n<p style=\"font-weight: 400;\"><span style=\"font-weight: 400;\">To w\u0142a\u015bnie po\u0142\u0105czenie kszta\u0142tu, wyporno\u015bci i kompozycji czyni te przyn\u0119ty <\/span><b>jedynymi w swoim rodzaju<\/b><span style=\"font-weight: 400;\">. Niezale\u017cnie od \u0142owiska czy techniki \u2013 Eggstreme Fishing to przyn\u0119ta, kt\u00f3rej karpie nie potrafi\u0105 si\u0119 oprze\u0107.<\/span><\/p>\n<p style=\"font-weight: 400;\"><b>Eggstreme Fishing \u2013 kszta\u0142t sukcesu zaczyna si\u0119 od jajka.<\/b><\/p>\n","protected":false},"excerpt":{"rendered":"<p>Juicy EGG to przyn\u0119ta stworzona z my\u015bl\u0105 o w\u0119dkarzach, kt\u00f3rzy szukaj\u0105 czego\u015b wi\u0119cej ni\u017c standardowego waftersa. Jej intensywny, owocowy aromat dzia\u0142a silnie na zmys\u0142y ryb, skutecznie prowokuj\u0105c do brania nawet w trudnych warunkach. Dost\u0119pna w trzech atrakcyjnych kolorach: \u017c\u00f3\u0142tym, r\u00f3\u017cowym i pomara\u0144czowym \u2013 \u015bwietnie widoczna na ka\u017cdym rodzaju dna.<\/p>\n","protected":false},"featured_media":2909,"template":"","meta":[],"product_brand":[25],"product_cat":[44,19,41],"product_tag":[],"class_list":{"0":"post-445","1":"product","2":"type-product","3":"status-publish","4":"has-post-thumbnail","6":"product_brand-osmo","7":"product_cat-przynety-method-feeder","8":"product_cat-grunt","9":"product_cat-zanety-przynety-dodatki-gliny","10":"pa_marka-osmo","12":"first","13":"outofstock","14":"shipping-taxable","15":"purchasable","16":"product-type-simple"},"_links":{"self":[{"href":"https:\/\/kotlinafishing.pl\/index.php?rest_route=\/wp\/v2\/product\/445","targetHints":{"allow":["GET"]}}],"collection":[{"href":"https:\/\/kotlinafishing.pl\/index.php?rest_route=\/wp\/v2\/product"}],"about":[{"href":"https:\/\/kotlinafishing.pl\/index.php?rest_route=\/wp\/v2\/types\/product"}],"wp:featuredmedia":[{"embeddable":true,"href":"https:\/\/kotlinafishing.pl\/index.php?rest_route=\/wp\/v2\/media\/2909"}],"wp:attachment":[{"href":"https:\/\/kotlinafishing.pl\/index.php?rest_route=%2Fwp%2Fv2%2Fmedia&parent=445"}],"wp:term":[{"taxonomy":"product_brand","embeddable":true,"href":"https:\/\/kotlinafishing.pl\/index.php?rest_route=%2Fwp%2Fv2%2Fproduct_brand&post=445"},{"taxonomy":"product_cat","embeddable":true,"href":"https:\/\/kotlinafishing.pl\/index.php?rest_route=%2Fwp%2Fv2%2Fproduct_cat&post=445"},{"taxonomy":"product_tag","embeddable":true,"href":"https:\/\/kotlinafishing.pl\/index.php?rest_route=%2Fwp%2Fv2%2Fproduct_tag&post=445"}],"curies":[{"name":"wp","href":"https:\/\/api.w.org\/{rel}","templated":true}]}}