{"id":441,"date":"2025-09-09T08:53:12","date_gmt":"2025-09-09T06:53:12","guid":{"rendered":"http:\/\/kotlinafishing.pl\/?post_type=product&#038;p=441"},"modified":"2026-03-29T18:52:53","modified_gmt":"2026-03-29T16:52:53","slug":"osmo-mini-larwa-dual-milky","status":"publish","type":"product","link":"https:\/\/kotlinafishing.pl\/?product=osmo-mini-larwa-dual-milky","title":{"rendered":"Osmo Mini Larwa Dual &#8211; Milky"},"content":{"rendered":"<p>Przedstawiamy Milky \u2013 nasz\u0105 wyj\u0105tkow\u0105, dwukolorow\u0105 przyn\u0119t\u0119 method feeder, stworzon\u0105 z my\u015bl\u0105 o w\u0119dkarzach, kt\u00f3rzy oczekuj\u0105 najwy\u017cszej skuteczno\u015bci. Po\u0142\u0105czenie subtelnych kolor\u00f3w \u2013 bieli i pudrowego r\u00f3\u017cu \u2013 z intensywnym, s\u0142odkim aromatem karmelowo-waniliowym czyni Milky przyn\u0119t\u0105, obok kt\u00f3rej ryby nie potrafi\u0105 przep\u0142yn\u0105\u0107 oboj\u0119tnie.<\/p>\n<p>To w\u0142a\u015bnie harmonijne zestawienie koloru i zapachu decyduje o wyj\u0105tkowej skuteczno\u015bci Milky. W wodzie przyn\u0119ta staje si\u0119 nie tylko wizualnym punktem orientacyjnym, ale tak\u017ce \u017ar\u00f3d\u0142em kusz\u0105cego aromatu, kt\u00f3ry szybko rozchodzi si\u0119 w \u0142owisku. Ryby przyci\u0105gane przez s\u0142odk\u0105 nut\u0119 karmelu i wanilii zbli\u017caj\u0105 si\u0119, a widok atrakcyjnej, dwukolorowej przyn\u0119ty sk\u0142ania je do brania.<\/p>\n<p>W Osmo Baits wierzymy, \u017ce detale maj\u0105 znaczenie. Milky to efekt naszej pasji i do\u015bwiadczenia, kt\u00f3ry pomo\u017ce Wam osi\u0105gn\u0105\u0107 jeszcze lepsze wyniki. Niezale\u017cnie od tego, czy celujecie w karpie, leszcze, czy inne ryby spokojnego \u017ceru \u2013 Milky stanie si\u0119 Waszym niezast\u0105pionym sprzymierze\u0144cem.<\/p>\n<p>Zaufajcie Milky od Osmo Baits \u2013 bo skuteczno\u015b\u0107 tkwi w szczeg\u00f3\u0142ach!<\/p>\n","protected":false},"excerpt":{"rendered":"<p>Przedstawiamy Milky \u2013 nasz\u0105 wyj\u0105tkow\u0105, dwukolorow\u0105 przyn\u0119t\u0119 method feeder, stworzon\u0105 z my\u015bl\u0105 o w\u0119dkarzach, kt\u00f3rzy oczekuj\u0105 najwy\u017cszej skuteczno\u015bci. Po\u0142\u0105czenie subtelnych kolor\u00f3w \u2013 bieli i pudrowego r\u00f3\u017cu \u2013 z intensywnym, s\u0142odkim aromatem karmelowo-waniliowym czyni Milky przyn\u0119t\u0105, obok kt\u00f3rej ryby nie potrafi\u0105 przep\u0142yn\u0105\u0107 oboj\u0119tnie.<\/p>\n","protected":false},"featured_media":2915,"template":"","meta":[],"product_brand":[25],"product_cat":[44,19,41],"product_tag":[],"class_list":{"0":"post-441","1":"product","2":"type-product","3":"status-publish","4":"has-post-thumbnail","6":"product_brand-osmo","7":"product_cat-przynety-method-feeder","8":"product_cat-grunt","9":"product_cat-zanety-przynety-dodatki-gliny","10":"pa_marka-osmo","12":"first","13":"instock","14":"shipping-taxable","15":"purchasable","16":"product-type-simple"},"_links":{"self":[{"href":"https:\/\/kotlinafishing.pl\/index.php?rest_route=\/wp\/v2\/product\/441","targetHints":{"allow":["GET"]}}],"collection":[{"href":"https:\/\/kotlinafishing.pl\/index.php?rest_route=\/wp\/v2\/product"}],"about":[{"href":"https:\/\/kotlinafishing.pl\/index.php?rest_route=\/wp\/v2\/types\/product"}],"wp:featuredmedia":[{"embeddable":true,"href":"https:\/\/kotlinafishing.pl\/index.php?rest_route=\/wp\/v2\/media\/2915"}],"wp:attachment":[{"href":"https:\/\/kotlinafishing.pl\/index.php?rest_route=%2Fwp%2Fv2%2Fmedia&parent=441"}],"wp:term":[{"taxonomy":"product_brand","embeddable":true,"href":"https:\/\/kotlinafishing.pl\/index.php?rest_route=%2Fwp%2Fv2%2Fproduct_brand&post=441"},{"taxonomy":"product_cat","embeddable":true,"href":"https:\/\/kotlinafishing.pl\/index.php?rest_route=%2Fwp%2Fv2%2Fproduct_cat&post=441"},{"taxonomy":"product_tag","embeddable":true,"href":"https:\/\/kotlinafishing.pl\/index.php?rest_route=%2Fwp%2Fv2%2Fproduct_tag&post=441"}],"curies":[{"name":"wp","href":"https:\/\/api.w.org\/{rel}","templated":true}]}}