{"id":440,"date":"2025-09-09T08:52:46","date_gmt":"2025-09-09T06:52:46","guid":{"rendered":"http:\/\/kotlinafishing.pl\/?post_type=product&#038;p=440"},"modified":"2026-03-31T20:33:07","modified_gmt":"2026-03-31T18:33:07","slug":"osmo-mini-larwa-turbo","status":"publish","type":"product","link":"https:\/\/kotlinafishing.pl\/?product=osmo-mini-larwa-turbo","title":{"rendered":"Osmo Mini Larwa &#8211; Turbo"},"content":{"rendered":"<p>OSMO Mini Larwa Wafters to innowacyjne przyn\u0119ty charakteryzuj\u0105 si\u0119 wyj\u0105tkowym kszta\u0142tem oraz ma\u0142ym 7mm rozmiarem. Turbo to zapach znanej gumy balonowej w kolorach \u017c\u00f3\u0142tym i pomara\u0144czowym<\/p>\n<p>Jak wszystkie maj\u0105 spor\u0105 wyporno\u015b\u0107 jak na waftersy, haki kt\u00f3re je balansuj\u0105 (wa\u017cne: balansujemy larwy hakami nie bagnetami) to rozmiary 8, 10, 12. Wyporno\u015b\u0107 to dla OSMO bardzo wa\u017cna sprawa i tym wyr\u00f3\u017cniamy si\u0119 na rynku przyn\u0119t, uwa\u017camy \u017ce w naszych wodach, gdzie karpie dorastaj\u0105 do sporych rozmiar\u00f3w, stosowanie odpowiednio du\u017cych hak\u00f3w to podstawa. Dlatego nasze larwy w kombinacji z hakami o odpowiednich rozmiarach z \u0142atwo\u015bci\u0105 wp\u0142ywaj\u0105 do karpich paszcz, jak baloniki.<\/p>\n","protected":false},"excerpt":{"rendered":"<p>OSMO Mini Larwa Wafters to innowacyjne przyn\u0119ty charakteryzuj\u0105 si\u0119 wyj\u0105tkowym kszta\u0142tem oraz ma\u0142ym 7mm rozmiarem. Turbo to zapach znanej gumy balonowej w kolorach \u017c\u00f3\u0142tym i pomara\u0144czowym<\/p>\n<p>Jak wszystkie maj\u0105 spor\u0105 wyporno\u015b\u0107 jak na waftersy, haki kt\u00f3re je balansuj\u0105 (wa\u017cne: balansujemy larwy hakami nie bagnetami) to rozmiary 8, 10, 12. Wyporno\u015b\u0107 to dla OSMO bardzo wa\u017cna sprawa i tym wyr\u00f3\u017cniamy si\u0119 na rynku przyn\u0119t, uwa\u017camy \u017ce w naszych wodach, gdzie karpie dorastaj\u0105 do sporych rozmiar\u00f3w, stosowanie odpowiednio du\u017cych hak\u00f3w to podstawa. Dlatego nasze larwy w kombinacji z hakami o odpowiednich rozmiarach z \u0142atwo\u015bci\u0105 wp\u0142ywaj\u0105 do karpich paszcz, jak baloniki.<\/p>\n","protected":false},"featured_media":2893,"template":"","meta":[],"product_brand":[25],"product_cat":[44,19,41],"product_tag":[],"class_list":{"0":"post-440","1":"product","2":"type-product","3":"status-publish","4":"has-post-thumbnail","6":"product_brand-osmo","7":"product_cat-przynety-method-feeder","8":"product_cat-grunt","9":"product_cat-zanety-przynety-dodatki-gliny","10":"pa_marka-osmo","12":"first","13":"outofstock","14":"shipping-taxable","15":"purchasable","16":"product-type-simple"},"_links":{"self":[{"href":"https:\/\/kotlinafishing.pl\/index.php?rest_route=\/wp\/v2\/product\/440","targetHints":{"allow":["GET"]}}],"collection":[{"href":"https:\/\/kotlinafishing.pl\/index.php?rest_route=\/wp\/v2\/product"}],"about":[{"href":"https:\/\/kotlinafishing.pl\/index.php?rest_route=\/wp\/v2\/types\/product"}],"wp:featuredmedia":[{"embeddable":true,"href":"https:\/\/kotlinafishing.pl\/index.php?rest_route=\/wp\/v2\/media\/2893"}],"wp:attachment":[{"href":"https:\/\/kotlinafishing.pl\/index.php?rest_route=%2Fwp%2Fv2%2Fmedia&parent=440"}],"wp:term":[{"taxonomy":"product_brand","embeddable":true,"href":"https:\/\/kotlinafishing.pl\/index.php?rest_route=%2Fwp%2Fv2%2Fproduct_brand&post=440"},{"taxonomy":"product_cat","embeddable":true,"href":"https:\/\/kotlinafishing.pl\/index.php?rest_route=%2Fwp%2Fv2%2Fproduct_cat&post=440"},{"taxonomy":"product_tag","embeddable":true,"href":"https:\/\/kotlinafishing.pl\/index.php?rest_route=%2Fwp%2Fv2%2Fproduct_tag&post=440"}],"curies":[{"name":"wp","href":"https:\/\/api.w.org\/{rel}","templated":true}]}}