{"id":438,"date":"2025-09-09T08:51:04","date_gmt":"2025-09-09T06:51:04","guid":{"rendered":"http:\/\/kotlinafishing.pl\/?post_type=product&#038;p=438"},"modified":"2026-03-29T18:53:38","modified_gmt":"2026-03-29T16:53:38","slug":"osmo-mini-robak-wiggly-mamba","status":"publish","type":"product","link":"https:\/\/kotlinafishing.pl\/?product=osmo-mini-robak-wiggly-mamba","title":{"rendered":"Osmo Mini Robak Wiggly &#8211; Mamba"},"content":{"rendered":"<p>Wiggly to seria nowych innowacyjnych przyn\u0119t Osmo.<br \/>\nCharakteryzuj\u0105 si\u0119 wyj\u0105tkowym kszta\u0142em kt\u00f3ry mo\u017ce kojarzy\u0107 si\u0119 z robakiem lub wi\u0105zk\u0105 kukurydzy na w\u0142osie. Wygl\u0105d \u0142\u0105cznie z prac\u0105 \u201cWAFTOWANIEM\u201d ma dodaktowo pobudza\u0107 ryby do aktywnego \u017cerowania. Przyn\u0119ta doskonale sprawdzi\u0142a si\u0119 podczas d\u0142ugich test\u00f3w na wod\u0105, dopasowali\u015bmy idealny kszta\u0142t, zapachy oraz kolory, tak aby przyn\u0119ty by\u0142y najskuteczniejsze jak to tylko mo\u017cliwe. Dodatkowo kszta\u0142t wiggly zosta\u0142 dostosowany, podzielony na modu\u0142y tzw. pier\u015bcienie kt\u00f3re mo\u017cna odrywa\u0107, tworz\u0105c r\u00f3\u017cne wielko\u015bci i kompozycje. Pojedy\u0144czy ma\u0142y modu\u0142 \u015bwietnie dzia\u0142a na ostro\u017cne ryby. Wiggly jest oczywi\u015bcie bardzo skuteczny w ca\u0142o\u015bci gdy pokazuje swoje najlepsze walory, a dzi\u0119ki od\u0142upaniu nawet ma\u0142ego kawa\u0142ka mo\u017cemy si\u0119 wyr\u00f3\u017cni\u0107 w sytuacji krytycznej. Wafters Wiggly opr\u00f3cz method feeder znajduje doskona\u0142e zastosowanie w \u0142owieniu na bomb fishing, gdzie idealnie zast\u0119puje tradycyjn\u0105 kukurydze.<\/p>\n<p>Osmo Wiggly Robak Jan-ush wyst\u0119puje w kolorach pomara\u0144czowym i bia\u0142ym. Zapach Janusha to mieszanka najlepszych robaczanych aromat\u00f3w po\u0142\u0105czona w harmonijn\u0105 ca\u0142o\u015b\u0107. Dla jednych zapach mi\u0142y, dla innych nieprzyjemny. Najwa\u017cniejsze, \u017ce ryby go bardzo lubi\u0105.<\/p>\n","protected":false},"excerpt":{"rendered":"<p>Wiggly to seria nowych innowacyjnych przyn\u0119t Osmo.<br \/>\nCharakteryzuj\u0105 si\u0119 wyj\u0105tkowym kszta\u0142em kt\u00f3ry mo\u017ce kojarzy\u0107 si\u0119 z robakiem lub wi\u0105zk\u0105 kukurydzy na w\u0142osie. Wygl\u0105d \u0142\u0105cznie z prac\u0105 \u201cWAFTOWANIEM\u201d ma dodaktowo pobudza\u0107 ryby do aktywnego \u017cerowania. Przyn\u0119ta doskonale sprawdzi\u0142a si\u0119 podczas d\u0142ugich test\u00f3w na wod\u0105, dopasowali\u015bmy idealny kszta\u0142t, zapachy oraz kolory, tak aby przyn\u0119ty by\u0142y najskuteczniejsze jak to tylko mo\u017cliwe. Dodatkowo kszta\u0142t wiggly zosta\u0142 dostosowany, podzielony na modu\u0142y tzw. pier\u015bcienie kt\u00f3re mo\u017cna odrywa\u0107, tworz\u0105c r\u00f3\u017cne wielko\u015bci i kompozycje. Pojedy\u0144czy ma\u0142y modu\u0142 \u015bwietnie dzia\u0142a na ostro\u017cne ryby. Wiggly jest oczywi\u015bcie bardzo skuteczny w ca\u0142o\u015bci gdy pokazuje swoje najlepsze walory, a dzi\u0119ki od\u0142upaniu nawet ma\u0142ego kawa\u0142ka mo\u017cemy si\u0119 wyr\u00f3\u017cni\u0107 w sytuacji krytycznej. Wafters Wiggly opr\u00f3cz method feeder znajduje doskona\u0142e zastosowanie w \u0142owieniu na bomb fishing, gdzie idealnie zast\u0119puje tradycyjn\u0105 kukurydze.<\/p>\n<p>Osmo Wiggly Robak Jan-ush wyst\u0119puje w kolorach pomara\u0144czowym i bia\u0142ym. Zapach Janusha to mieszanka najlepszych robaczanych aromat\u00f3w po\u0142\u0105czona w harmonijn\u0105 ca\u0142o\u015b\u0107. Dla jednych zapach mi\u0142y, dla innych nieprzyjemny. Najwa\u017cniejsze, \u017ce ryby go bardzo lubi\u0105.<\/p>\n","protected":false},"featured_media":2912,"template":"","meta":[],"product_brand":[25],"product_cat":[44,19,41],"product_tag":[],"class_list":{"0":"post-438","1":"product","2":"type-product","3":"status-publish","4":"has-post-thumbnail","6":"product_brand-osmo","7":"product_cat-przynety-method-feeder","8":"product_cat-grunt","9":"product_cat-zanety-przynety-dodatki-gliny","10":"pa_marka-osmo","12":"first","13":"instock","14":"shipping-taxable","15":"purchasable","16":"product-type-simple"},"_links":{"self":[{"href":"https:\/\/kotlinafishing.pl\/index.php?rest_route=\/wp\/v2\/product\/438","targetHints":{"allow":["GET"]}}],"collection":[{"href":"https:\/\/kotlinafishing.pl\/index.php?rest_route=\/wp\/v2\/product"}],"about":[{"href":"https:\/\/kotlinafishing.pl\/index.php?rest_route=\/wp\/v2\/types\/product"}],"wp:featuredmedia":[{"embeddable":true,"href":"https:\/\/kotlinafishing.pl\/index.php?rest_route=\/wp\/v2\/media\/2912"}],"wp:attachment":[{"href":"https:\/\/kotlinafishing.pl\/index.php?rest_route=%2Fwp%2Fv2%2Fmedia&parent=438"}],"wp:term":[{"taxonomy":"product_brand","embeddable":true,"href":"https:\/\/kotlinafishing.pl\/index.php?rest_route=%2Fwp%2Fv2%2Fproduct_brand&post=438"},{"taxonomy":"product_cat","embeddable":true,"href":"https:\/\/kotlinafishing.pl\/index.php?rest_route=%2Fwp%2Fv2%2Fproduct_cat&post=438"},{"taxonomy":"product_tag","embeddable":true,"href":"https:\/\/kotlinafishing.pl\/index.php?rest_route=%2Fwp%2Fv2%2Fproduct_tag&post=438"}],"curies":[{"name":"wp","href":"https:\/\/api.w.org\/{rel}","templated":true}]}}