{"id":436,"date":"2025-09-09T08:48:53","date_gmt":"2025-09-09T06:48:53","guid":{"rendered":"http:\/\/kotlinafishing.pl\/?post_type=product&#038;p=436"},"modified":"2026-03-29T18:54:15","modified_gmt":"2026-03-29T16:54:15","slug":"osmo-match-mini-wafters-white-ghost-6mm","status":"publish","type":"product","link":"https:\/\/kotlinafishing.pl\/?product=osmo-match-mini-wafters-white-ghost-6mm","title":{"rendered":"OSMO Match Mini Wafters &#8211; White Ghost 6mm"},"content":{"rendered":"<p>W \u015bwiecie w\u0119dkarstwa ka\u017cdy poszukuje przyn\u0119t, kt\u00f3re nie tylko przyci\u0105gn\u0105 uwag\u0119 ryb, ale tak\u017ce zagwarantuj\u0105 udane po\u0142owy. Dlatego z dum\u0105 prezentujemy nasz\u0105 najnowsz\u0105 przyn\u0119t\u0119 w ramach serii Match, znane jako Ghost.<\/p>\n","protected":false},"excerpt":{"rendered":"<p>W \u015bwiecie w\u0119dkarstwa ka\u017cdy poszukuje przyn\u0119t, kt\u00f3re nie tylko przyci\u0105gn\u0105 uwag\u0119 ryb, ale tak\u017ce zagwarantuj\u0105 udane po\u0142owy. Dlatego z dum\u0105 prezentujemy nasz\u0105 najnowsz\u0105 przyn\u0119t\u0119 w ramach serii Match, znane jako Ghost.<\/p>\n","protected":false},"featured_media":2905,"template":"","meta":[],"product_brand":[25],"product_cat":[44,19,41],"product_tag":[],"class_list":{"0":"post-436","1":"product","2":"type-product","3":"status-publish","4":"has-post-thumbnail","6":"product_brand-osmo","7":"product_cat-przynety-method-feeder","8":"product_cat-grunt","9":"product_cat-zanety-przynety-dodatki-gliny","10":"pa_marka-osmo","12":"first","13":"outofstock","14":"shipping-taxable","15":"purchasable","16":"product-type-simple"},"_links":{"self":[{"href":"https:\/\/kotlinafishing.pl\/index.php?rest_route=\/wp\/v2\/product\/436","targetHints":{"allow":["GET"]}}],"collection":[{"href":"https:\/\/kotlinafishing.pl\/index.php?rest_route=\/wp\/v2\/product"}],"about":[{"href":"https:\/\/kotlinafishing.pl\/index.php?rest_route=\/wp\/v2\/types\/product"}],"wp:featuredmedia":[{"embeddable":true,"href":"https:\/\/kotlinafishing.pl\/index.php?rest_route=\/wp\/v2\/media\/2905"}],"wp:attachment":[{"href":"https:\/\/kotlinafishing.pl\/index.php?rest_route=%2Fwp%2Fv2%2Fmedia&parent=436"}],"wp:term":[{"taxonomy":"product_brand","embeddable":true,"href":"https:\/\/kotlinafishing.pl\/index.php?rest_route=%2Fwp%2Fv2%2Fproduct_brand&post=436"},{"taxonomy":"product_cat","embeddable":true,"href":"https:\/\/kotlinafishing.pl\/index.php?rest_route=%2Fwp%2Fv2%2Fproduct_cat&post=436"},{"taxonomy":"product_tag","embeddable":true,"href":"https:\/\/kotlinafishing.pl\/index.php?rest_route=%2Fwp%2Fv2%2Fproduct_tag&post=436"}],"curies":[{"name":"wp","href":"https:\/\/api.w.org\/{rel}","templated":true}]}}