{"id":435,"date":"2025-09-09T08:48:10","date_gmt":"2025-09-09T06:48:10","guid":{"rendered":"http:\/\/kotlinafishing.pl\/?post_type=product&#038;p=435"},"modified":"2026-03-29T18:54:30","modified_gmt":"2026-03-29T16:54:30","slug":"osmo-match-mini-dual-wafters-rage-6mm","status":"publish","type":"product","link":"https:\/\/kotlinafishing.pl\/?product=osmo-match-mini-dual-wafters-rage-6mm","title":{"rendered":"OSMO Match Mini Dual Wafters &#8211; Rage 6mm"},"content":{"rendered":"<p>Przedstawiamy Match Dual Rage \u2013 nasz\u0105 przyn\u0119t\u0119 method feeder, stworzon\u0105 z my\u015bl\u0105 o w\u0119dkarzach, kt\u00f3rzy nie boj\u0105 si\u0119 si\u0119ga\u0107 po odwa\u017cne rozwi\u0105zania. Jaskrawe po\u0142\u0105czenie pomara\u0144czu i \u017c\u00f3\u0142ci sprawia, \u017ce przyn\u0119ta jest doskonale widoczna nawet w najtrudniejszych warunkach, skutecznie przyci\u0105gaj\u0105c uwag\u0119 ryb ju\u017c z daleka.<\/p>\n<p>Sekretem skuteczno\u015bci Match Dual Rage jest jednak nie tylko intensywny kolor, ale przede wszystkim unikalne po\u0142\u0105czenie aromat\u00f3w \u2013 owocowej nuty prze\u0142amanej charakterystycznym, \u201e\u015bmierdz\u0105cym\u201d zapachem, kt\u00f3ry prowokuje ryby do brania. Ta wybuchowa mieszanka wabi zar\u00f3wno ciekawskie, jak i ostro\u017cne ryby, zwi\u0119kszaj\u0105c szanse na udane hole.<\/p>\n<p>W Osmo Baits stawiamy na przyn\u0119ty, kt\u00f3re wyr\u00f3\u017cniaj\u0105 si\u0119 nie tylko wygl\u0105dem, ale tak\u017ce dzia\u0142aniem. Match Dual Rage to rezultat naszego zaanga\u017cowania i test\u00f3w, kt\u00f3re przeprowadzili\u015bmy nad wod\u0105, aby dostarczy\u0107 Wam produkt, na kt\u00f3rym mo\u017cecie polega\u0107.<\/p>\n<p>Postawcie na intensywno\u015b\u0107 koloru i aromatu z Match Dual Rage \u2013 bo czasami to, co najbardziej ekstremalne, daje najlepsze efekty!<\/p>\n","protected":false},"excerpt":{"rendered":"<p>Przedstawiamy Match Dual Rage \u2013 nasz\u0105 przyn\u0119t\u0119 method feeder, stworzon\u0105 z my\u015bl\u0105 o w\u0119dkarzach, kt\u00f3rzy nie boj\u0105 si\u0119 si\u0119ga\u0107 po odwa\u017cne rozwi\u0105zania. Jaskrawe po\u0142\u0105czenie pomara\u0144czu i \u017c\u00f3\u0142ci sprawia, \u017ce przyn\u0119ta jest doskonale widoczna nawet w najtrudniejszych warunkach, skutecznie przyci\u0105gaj\u0105c uwag\u0119 ryb ju\u017c z daleka.<\/p>\n","protected":false},"featured_media":2914,"template":"","meta":[],"product_brand":[25],"product_cat":[44,19,41],"product_tag":[],"class_list":{"0":"post-435","1":"product","2":"type-product","3":"status-publish","4":"has-post-thumbnail","6":"product_brand-osmo","7":"product_cat-przynety-method-feeder","8":"product_cat-grunt","9":"product_cat-zanety-przynety-dodatki-gliny","10":"pa_marka-osmo","12":"first","13":"instock","14":"shipping-taxable","15":"purchasable","16":"product-type-simple"},"_links":{"self":[{"href":"https:\/\/kotlinafishing.pl\/index.php?rest_route=\/wp\/v2\/product\/435","targetHints":{"allow":["GET"]}}],"collection":[{"href":"https:\/\/kotlinafishing.pl\/index.php?rest_route=\/wp\/v2\/product"}],"about":[{"href":"https:\/\/kotlinafishing.pl\/index.php?rest_route=\/wp\/v2\/types\/product"}],"wp:featuredmedia":[{"embeddable":true,"href":"https:\/\/kotlinafishing.pl\/index.php?rest_route=\/wp\/v2\/media\/2914"}],"wp:attachment":[{"href":"https:\/\/kotlinafishing.pl\/index.php?rest_route=%2Fwp%2Fv2%2Fmedia&parent=435"}],"wp:term":[{"taxonomy":"product_brand","embeddable":true,"href":"https:\/\/kotlinafishing.pl\/index.php?rest_route=%2Fwp%2Fv2%2Fproduct_brand&post=435"},{"taxonomy":"product_cat","embeddable":true,"href":"https:\/\/kotlinafishing.pl\/index.php?rest_route=%2Fwp%2Fv2%2Fproduct_cat&post=435"},{"taxonomy":"product_tag","embeddable":true,"href":"https:\/\/kotlinafishing.pl\/index.php?rest_route=%2Fwp%2Fv2%2Fproduct_tag&post=435"}],"curies":[{"name":"wp","href":"https:\/\/api.w.org\/{rel}","templated":true}]}}