{"id":434,"date":"2025-09-09T08:47:10","date_gmt":"2025-09-09T06:47:10","guid":{"rendered":"http:\/\/kotlinafishing.pl\/?post_type=product&#038;p=434"},"modified":"2026-03-29T18:54:56","modified_gmt":"2026-03-29T16:54:56","slug":"osmo-match-mini-wafters-washout-yummy-6mm","status":"publish","type":"product","link":"https:\/\/kotlinafishing.pl\/?product=osmo-match-mini-wafters-washout-yummy-6mm","title":{"rendered":"OSMO Match Mini Wafters &#8211; Washout Yummy 6mm"},"content":{"rendered":"<p>Przyn\u0119ty Yummy to prawdziwy festiwal kolor\u00f3w i smak\u00f3w. Zapach wafters\u00f3w jest bardzo przyjemny i s\u0142odkawy, tak \u017ce chcia\u0142oby si\u0119 go zje\u015b\u0107 samemu. W opakowaniu znajdziesz przyn\u0119ty w trzech wypranych kolorach: pomara\u0144czowym, \u017c\u00f3\u0142tym i r\u00f3\u017cowym.<\/p>\n","protected":false},"excerpt":{"rendered":"<p>Przyn\u0119ty Yummy to prawdziwy festiwal kolor\u00f3w i smak\u00f3w. Zapach wafters\u00f3w jest bardzo przyjemny i s\u0142odkawy, tak \u017ce chcia\u0142oby si\u0119 go zje\u015b\u0107 samemu. W opakowaniu znajdziesz przyn\u0119ty w trzech wypranych kolorach: pomara\u0144czowym, \u017c\u00f3\u0142tym i r\u00f3\u017cowym.<\/p>\n","protected":false},"featured_media":2894,"template":"","meta":[],"product_brand":[25],"product_cat":[44,19,41],"product_tag":[],"class_list":{"0":"post-434","1":"product","2":"type-product","3":"status-publish","4":"has-post-thumbnail","6":"product_brand-osmo","7":"product_cat-przynety-method-feeder","8":"product_cat-grunt","9":"product_cat-zanety-przynety-dodatki-gliny","10":"pa_marka-osmo","12":"first","13":"instock","14":"shipping-taxable","15":"purchasable","16":"product-type-simple"},"_links":{"self":[{"href":"https:\/\/kotlinafishing.pl\/index.php?rest_route=\/wp\/v2\/product\/434","targetHints":{"allow":["GET"]}}],"collection":[{"href":"https:\/\/kotlinafishing.pl\/index.php?rest_route=\/wp\/v2\/product"}],"about":[{"href":"https:\/\/kotlinafishing.pl\/index.php?rest_route=\/wp\/v2\/types\/product"}],"wp:featuredmedia":[{"embeddable":true,"href":"https:\/\/kotlinafishing.pl\/index.php?rest_route=\/wp\/v2\/media\/2894"}],"wp:attachment":[{"href":"https:\/\/kotlinafishing.pl\/index.php?rest_route=%2Fwp%2Fv2%2Fmedia&parent=434"}],"wp:term":[{"taxonomy":"product_brand","embeddable":true,"href":"https:\/\/kotlinafishing.pl\/index.php?rest_route=%2Fwp%2Fv2%2Fproduct_brand&post=434"},{"taxonomy":"product_cat","embeddable":true,"href":"https:\/\/kotlinafishing.pl\/index.php?rest_route=%2Fwp%2Fv2%2Fproduct_cat&post=434"},{"taxonomy":"product_tag","embeddable":true,"href":"https:\/\/kotlinafishing.pl\/index.php?rest_route=%2Fwp%2Fv2%2Fproduct_tag&post=434"}],"curies":[{"name":"wp","href":"https:\/\/api.w.org\/{rel}","templated":true}]}}