{"id":433,"date":"2025-09-09T08:46:38","date_gmt":"2025-09-09T06:46:38","guid":{"rendered":"http:\/\/kotlinafishing.pl\/?post_type=product&#038;p=433"},"modified":"2026-02-20T18:20:26","modified_gmt":"2026-02-20T17:20:26","slug":"osmo-match-mini-wafters-fluoro-toby-6mm","status":"publish","type":"product","link":"https:\/\/kotlinafishing.pl\/?product=osmo-match-mini-wafters-fluoro-toby-6mm","title":{"rendered":"OSMO Match Mini Wafters &#8211; Fluoro Toby 6mm"},"content":{"rendered":"<p>Toby, to ma\u0142e, ale skuteczne przyn\u0119ty. W opakowaniu znajdziesz przyn\u0119ty w dw\u00f3ch kolorach: ciemnor\u00f3\u017cowym i fioletowym. Zapach wafters\u00f3w to mieszanka le\u015bnych przysmak\u00f3w z nutk\u0105 any\u017cu, kt\u00f3ra sprawia, \u017ce ryby nie mog\u0105 si\u0119 oprze\u0107 pokusie.<\/p>\n","protected":false},"excerpt":{"rendered":"<p>Toby, to ma\u0142e, ale skuteczne przyn\u0119ty. W opakowaniu znajdziesz przyn\u0119ty w dw\u00f3ch kolorach: ciemnor\u00f3\u017cowym i fioletowym. Zapach wafters\u00f3w to mieszanka le\u015bnych przysmak\u00f3w z nutk\u0105 any\u017cu, kt\u00f3ra sprawia, \u017ce ryby nie mog\u0105 si\u0119 oprze\u0107 pokusie.<\/p>\n","protected":false},"featured_media":2891,"template":"","meta":[],"product_brand":[25],"product_cat":[44,19,41],"product_tag":[],"class_list":{"0":"post-433","1":"product","2":"type-product","3":"status-publish","4":"has-post-thumbnail","6":"product_brand-osmo","7":"product_cat-przynety-method-feeder","8":"product_cat-grunt","9":"product_cat-zanety-przynety-dodatki-gliny","10":"pa_marka-osmo","12":"first","13":"instock","14":"shipping-taxable","15":"purchasable","16":"product-type-simple"},"_links":{"self":[{"href":"https:\/\/kotlinafishing.pl\/index.php?rest_route=\/wp\/v2\/product\/433","targetHints":{"allow":["GET"]}}],"collection":[{"href":"https:\/\/kotlinafishing.pl\/index.php?rest_route=\/wp\/v2\/product"}],"about":[{"href":"https:\/\/kotlinafishing.pl\/index.php?rest_route=\/wp\/v2\/types\/product"}],"wp:featuredmedia":[{"embeddable":true,"href":"https:\/\/kotlinafishing.pl\/index.php?rest_route=\/wp\/v2\/media\/2891"}],"wp:attachment":[{"href":"https:\/\/kotlinafishing.pl\/index.php?rest_route=%2Fwp%2Fv2%2Fmedia&parent=433"}],"wp:term":[{"taxonomy":"product_brand","embeddable":true,"href":"https:\/\/kotlinafishing.pl\/index.php?rest_route=%2Fwp%2Fv2%2Fproduct_brand&post=433"},{"taxonomy":"product_cat","embeddable":true,"href":"https:\/\/kotlinafishing.pl\/index.php?rest_route=%2Fwp%2Fv2%2Fproduct_cat&post=433"},{"taxonomy":"product_tag","embeddable":true,"href":"https:\/\/kotlinafishing.pl\/index.php?rest_route=%2Fwp%2Fv2%2Fproduct_tag&post=433"}],"curies":[{"name":"wp","href":"https:\/\/api.w.org\/{rel}","templated":true}]}}