{"id":432,"date":"2025-09-09T08:45:34","date_gmt":"2025-09-09T06:45:34","guid":{"rendered":"http:\/\/kotlinafishing.pl\/?post_type=product&#038;p=432"},"modified":"2026-02-20T18:22:12","modified_gmt":"2026-02-20T17:22:12","slug":"osmo-match-mini-wafters-orange-flame-6mm","status":"publish","type":"product","link":"https:\/\/kotlinafishing.pl\/?product=osmo-match-mini-wafters-orange-flame-6mm","title":{"rendered":"OSMO Match Mini Wafters &#8211; Orange Flame 6mm"},"content":{"rendered":"<p>W\u015br\u00f3d szerokiego wyboru przyn\u0119t do method feedera, jedna nazwa wyr\u00f3\u017cnia si\u0119 wyj\u0105tkowo &#8211; Flame od Osmo Innovation Baits. Ta przyn\u0119ta, nale\u017c\u0105ca do serii Match, zdobywa serca wielu w\u0119dkarzy dzi\u0119ki swojej skuteczno\u015bci i innowacyjno\u015bci.<\/p>\n","protected":false},"excerpt":{"rendered":"<p>W\u015br\u00f3d szerokiego wyboru przyn\u0119t do method feedera, jedna nazwa wyr\u00f3\u017cnia si\u0119 wyj\u0105tkowo &#8211; Flame od Osmo Innovation Baits. Ta przyn\u0119ta, nale\u017c\u0105ca do serii Match, zdobywa serca wielu w\u0119dkarzy dzi\u0119ki swojej skuteczno\u015bci i innowacyjno\u015bci.<\/p>\n","protected":false},"featured_media":2903,"template":"","meta":[],"product_brand":[25],"product_cat":[44,19,41],"product_tag":[],"class_list":{"0":"post-432","1":"product","2":"type-product","3":"status-publish","4":"has-post-thumbnail","6":"product_brand-osmo","7":"product_cat-przynety-method-feeder","8":"product_cat-grunt","9":"product_cat-zanety-przynety-dodatki-gliny","10":"pa_marka-osmo","12":"first","13":"instock","14":"shipping-taxable","15":"purchasable","16":"product-type-simple"},"_links":{"self":[{"href":"https:\/\/kotlinafishing.pl\/index.php?rest_route=\/wp\/v2\/product\/432","targetHints":{"allow":["GET"]}}],"collection":[{"href":"https:\/\/kotlinafishing.pl\/index.php?rest_route=\/wp\/v2\/product"}],"about":[{"href":"https:\/\/kotlinafishing.pl\/index.php?rest_route=\/wp\/v2\/types\/product"}],"wp:featuredmedia":[{"embeddable":true,"href":"https:\/\/kotlinafishing.pl\/index.php?rest_route=\/wp\/v2\/media\/2903"}],"wp:attachment":[{"href":"https:\/\/kotlinafishing.pl\/index.php?rest_route=%2Fwp%2Fv2%2Fmedia&parent=432"}],"wp:term":[{"taxonomy":"product_brand","embeddable":true,"href":"https:\/\/kotlinafishing.pl\/index.php?rest_route=%2Fwp%2Fv2%2Fproduct_brand&post=432"},{"taxonomy":"product_cat","embeddable":true,"href":"https:\/\/kotlinafishing.pl\/index.php?rest_route=%2Fwp%2Fv2%2Fproduct_cat&post=432"},{"taxonomy":"product_tag","embeddable":true,"href":"https:\/\/kotlinafishing.pl\/index.php?rest_route=%2Fwp%2Fv2%2Fproduct_tag&post=432"}],"curies":[{"name":"wp","href":"https:\/\/api.w.org\/{rel}","templated":true}]}}