{"id":431,"date":"2025-09-09T08:40:58","date_gmt":"2025-09-09T06:40:58","guid":{"rendered":"http:\/\/kotlinafishing.pl\/?post_type=product&#038;p=431"},"modified":"2026-03-29T18:55:15","modified_gmt":"2026-03-29T16:55:15","slug":"osmo-mini-larwa-dual-monster","status":"publish","type":"product","link":"https:\/\/kotlinafishing.pl\/?product=osmo-mini-larwa-dual-monster","title":{"rendered":"Osmo Mini Larwa Dual &#8211; Monster"},"content":{"rendered":"<p>Osmo Larwa Monster to kontynuacja serii dwukolorowych duali. Tym razem mamy waftersa w dw\u00f3ch odcieniach bronzu. Przyn\u0119ta powsta\u0142a z my\u015bl\u0105 o \u0142owieniu ryb w okresach, kiedy s\u0105 bardziej ostro\u017cne i s\u0142abiej reaguj\u0105 na jaskrawe kolory. Mieszanka aromat\u00f3w o wyra\u017anie morskim pochodzeniu w jak\u0105 wyposa\u017cony zosta\u0142 Monster mocno go wyr\u00f3\u017cnia na dnie i znacz\u0105co zwi\u0119ksza w\u0142a\u015bciwo\u015bci wabi\u0105ce.<\/p>\n","protected":false},"excerpt":{"rendered":"<p>Osmo Larwa Monster to kontynuacja serii dwukolorowych duali. Tym razem mamy waftersa w dw\u00f3ch odcieniach bronzu. Przyn\u0119ta powsta\u0142a z my\u015bl\u0105 o \u0142owieniu ryb w okresach, kiedy s\u0105 bardziej ostro\u017cne i s\u0142abiej reaguj\u0105 na jaskrawe kolory. Mieszanka aromat\u00f3w o wyra\u017anie morskim pochodzeniu w jak\u0105 wyposa\u017cony zosta\u0142 Monster mocno go wyr\u00f3\u017cnia na dnie i znacz\u0105co zwi\u0119ksza w\u0142a\u015bciwo\u015bci wabi\u0105ce.<\/p>\n","protected":false},"featured_media":2916,"template":"","meta":[],"product_brand":[25],"product_cat":[44,19,41],"product_tag":[],"class_list":{"0":"post-431","1":"product","2":"type-product","3":"status-publish","4":"has-post-thumbnail","6":"product_brand-osmo","7":"product_cat-przynety-method-feeder","8":"product_cat-grunt","9":"product_cat-zanety-przynety-dodatki-gliny","10":"pa_marka-osmo","12":"first","13":"instock","14":"shipping-taxable","15":"purchasable","16":"product-type-simple"},"_links":{"self":[{"href":"https:\/\/kotlinafishing.pl\/index.php?rest_route=\/wp\/v2\/product\/431","targetHints":{"allow":["GET"]}}],"collection":[{"href":"https:\/\/kotlinafishing.pl\/index.php?rest_route=\/wp\/v2\/product"}],"about":[{"href":"https:\/\/kotlinafishing.pl\/index.php?rest_route=\/wp\/v2\/types\/product"}],"wp:featuredmedia":[{"embeddable":true,"href":"https:\/\/kotlinafishing.pl\/index.php?rest_route=\/wp\/v2\/media\/2916"}],"wp:attachment":[{"href":"https:\/\/kotlinafishing.pl\/index.php?rest_route=%2Fwp%2Fv2%2Fmedia&parent=431"}],"wp:term":[{"taxonomy":"product_brand","embeddable":true,"href":"https:\/\/kotlinafishing.pl\/index.php?rest_route=%2Fwp%2Fv2%2Fproduct_brand&post=431"},{"taxonomy":"product_cat","embeddable":true,"href":"https:\/\/kotlinafishing.pl\/index.php?rest_route=%2Fwp%2Fv2%2Fproduct_cat&post=431"},{"taxonomy":"product_tag","embeddable":true,"href":"https:\/\/kotlinafishing.pl\/index.php?rest_route=%2Fwp%2Fv2%2Fproduct_tag&post=431"}],"curies":[{"name":"wp","href":"https:\/\/api.w.org\/{rel}","templated":true}]}}