{"id":430,"date":"2025-09-09T08:39:26","date_gmt":"2025-09-09T06:39:26","guid":{"rendered":"http:\/\/kotlinafishing.pl\/?post_type=product&#038;p=430"},"modified":"2026-03-19T09:09:23","modified_gmt":"2026-03-19T08:09:23","slug":"osmo-mini-larwa-furia","status":"publish","type":"product","link":"https:\/\/kotlinafishing.pl\/?product=osmo-mini-larwa-furia","title":{"rendered":"Osmo Mini Larwa Dual &#8211; Furia"},"content":{"rendered":"<p>Osmo Furia jest pierwszym dualem, czyli przyn\u0119t\u0105 dwukolorow\u0105 w ofercie Osmo baits. Jest to kolejny wafters w charakterystycznym kszta\u0142cie larwy. Przyn\u0119ta krzyczy pi\u0119knymi jaskrawymi kolorami \u2013 \u017c\u00f3\u0142tym i pomara\u0144czowym, kt\u00f3re s\u0105 doskonale widoczne pod wod\u0105 czym doskonale przykuwaj\u0105 uwag\u0119 ryb. Dodatkowo furia zosta\u0142a wyposa\u017cona w ciekawy i charakterystyczny, lekko ski\u015bni\u0119ty zapach, kt\u00f3ry ma imitowa\u0107 wo\u0144 po\u017cywienia le\u017c\u0105cego ju\u017c jaki\u015b czas na dnie zbiornika, czyli bezpiecznego dla ryby do spo\u017cycia. Po\u0142\u0105czenie kolor\u00f3w i aromat\u00f3w tworzy nam kolejn\u0105 skuteczn\u0105 i wyj\u0105tkow\u0105 przyn\u0119t\u0119, kt\u00f3r\u0105 warto mie\u0107 na swojej p\u00f3\u0142ce.<\/p>\n","protected":false},"excerpt":{"rendered":"<p>Osmo Furia jest pierwszym dualem, czyli przyn\u0119t\u0105 dwukolorow\u0105 w ofercie Osmo baits. Jest to kolejny wafters w charakterystycznym kszta\u0142cie larwy. Przyn\u0119ta krzyczy pi\u0119knymi jaskrawymi kolorami \u2013 \u017c\u00f3\u0142tym i pomara\u0144czowym, kt\u00f3re s\u0105 doskonale widoczne pod wod\u0105 czym doskonale przykuwaj\u0105 uwag\u0119 ryb. Dodatkowo furia zosta\u0142a wyposa\u017cona w ciekawy i charakterystyczny, lekko ski\u015bni\u0119ty zapach, kt\u00f3ry ma imitowa\u0107 wo\u0144 po\u017cywienia le\u017c\u0105cego ju\u017c jaki\u015b czas na dnie zbiornika, czyli bezpiecznego dla ryby do spo\u017cycia. Po\u0142\u0105czenie kolor\u00f3w i aromat\u00f3w tworzy nam kolejn\u0105 skuteczn\u0105 i wyj\u0105tkow\u0105 przyn\u0119t\u0119, kt\u00f3r\u0105 warto mie\u0107 na swojej p\u00f3\u0142ce.<\/p>\n","protected":false},"featured_media":2904,"template":"","meta":[],"product_brand":[25],"product_cat":[44,19,41],"product_tag":[],"class_list":{"0":"post-430","1":"product","2":"type-product","3":"status-publish","4":"has-post-thumbnail","6":"product_brand-osmo","7":"product_cat-przynety-method-feeder","8":"product_cat-grunt","9":"product_cat-zanety-przynety-dodatki-gliny","10":"pa_marka-osmo","12":"first","13":"outofstock","14":"shipping-taxable","15":"purchasable","16":"product-type-simple"},"_links":{"self":[{"href":"https:\/\/kotlinafishing.pl\/index.php?rest_route=\/wp\/v2\/product\/430","targetHints":{"allow":["GET"]}}],"collection":[{"href":"https:\/\/kotlinafishing.pl\/index.php?rest_route=\/wp\/v2\/product"}],"about":[{"href":"https:\/\/kotlinafishing.pl\/index.php?rest_route=\/wp\/v2\/types\/product"}],"wp:featuredmedia":[{"embeddable":true,"href":"https:\/\/kotlinafishing.pl\/index.php?rest_route=\/wp\/v2\/media\/2904"}],"wp:attachment":[{"href":"https:\/\/kotlinafishing.pl\/index.php?rest_route=%2Fwp%2Fv2%2Fmedia&parent=430"}],"wp:term":[{"taxonomy":"product_brand","embeddable":true,"href":"https:\/\/kotlinafishing.pl\/index.php?rest_route=%2Fwp%2Fv2%2Fproduct_brand&post=430"},{"taxonomy":"product_cat","embeddable":true,"href":"https:\/\/kotlinafishing.pl\/index.php?rest_route=%2Fwp%2Fv2%2Fproduct_cat&post=430"},{"taxonomy":"product_tag","embeddable":true,"href":"https:\/\/kotlinafishing.pl\/index.php?rest_route=%2Fwp%2Fv2%2Fproduct_tag&post=430"}],"curies":[{"name":"wp","href":"https:\/\/api.w.org\/{rel}","templated":true}]}}