{"id":428,"date":"2025-09-09T08:34:20","date_gmt":"2025-09-09T06:34:20","guid":{"rendered":"http:\/\/kotlinafishing.pl\/?post_type=product&#038;p=428"},"modified":"2026-02-20T18:26:45","modified_gmt":"2026-02-20T17:26:45","slug":"osmo-mini-larwa-sossy","status":"publish","type":"product","link":"https:\/\/kotlinafishing.pl\/?product=osmo-mini-larwa-sossy","title":{"rendered":"Osmo Mini Larwa &#8211; Sossy"},"content":{"rendered":"<p>Osmo Mini Larwa Wafters \u2013 Sossy to nowa larwa kt\u00f3ra aromatem nawi\u0105zuje do legendarnej przyn\u0119ty SpicySousage. Jednak jak na Osmo przysta\u0142o przyn\u0119ta ta przesz\u0142a ma\u0142y lifting i zosta\u0142a wyposa\u017cona w sportowy wydech w postaci wyci\u0105gu z papryki Jalapenio.<\/p>\n<p>Mini Larwa Sossy:<br \/>\n\u2013 Kolor czerwony<br \/>\n\u2013 Wyporno\u015b\u0107 du\u017ca, dostosowana do hak\u00f3w z grubszego drutu. Preferowane rozmiary 12 i 10<br \/>\n\u2013 Aromat kie\u0142basy i pikanterii<\/p>\n","protected":false},"excerpt":{"rendered":"<p>Osmo Mini Larwa Wafters \u2013 Sossy to nowa larwa kt\u00f3ra aromatem nawi\u0105zuje do legendarnej przyn\u0119ty SpicySousage. Jednak jak na Osmo przysta\u0142o przyn\u0119ta ta przesz\u0142a ma\u0142y lifting i zosta\u0142a wyposa\u017cona w sportowy wydech w postaci wyci\u0105gu z papryki Jalapenio.<\/p>\n<p>Mini Larwa Sossy:<br \/>\n\u2013 Kolor czerwony<br \/>\n\u2013 Wyporno\u015b\u0107 du\u017ca, dostosowana do hak\u00f3w z grubszego drutu. Preferowane rozmiary 12 i 10<br \/>\n\u2013 Aromat kie\u0142basy i pikanterii<\/p>\n","protected":false},"featured_media":2888,"template":"","meta":[],"product_brand":[25],"product_cat":[44,19,41],"product_tag":[],"class_list":{"0":"post-428","1":"product","2":"type-product","3":"status-publish","4":"has-post-thumbnail","6":"product_brand-osmo","7":"product_cat-przynety-method-feeder","8":"product_cat-grunt","9":"product_cat-zanety-przynety-dodatki-gliny","10":"pa_marka-osmo","12":"first","13":"outofstock","14":"shipping-taxable","15":"purchasable","16":"product-type-simple"},"_links":{"self":[{"href":"https:\/\/kotlinafishing.pl\/index.php?rest_route=\/wp\/v2\/product\/428","targetHints":{"allow":["GET"]}}],"collection":[{"href":"https:\/\/kotlinafishing.pl\/index.php?rest_route=\/wp\/v2\/product"}],"about":[{"href":"https:\/\/kotlinafishing.pl\/index.php?rest_route=\/wp\/v2\/types\/product"}],"wp:featuredmedia":[{"embeddable":true,"href":"https:\/\/kotlinafishing.pl\/index.php?rest_route=\/wp\/v2\/media\/2888"}],"wp:attachment":[{"href":"https:\/\/kotlinafishing.pl\/index.php?rest_route=%2Fwp%2Fv2%2Fmedia&parent=428"}],"wp:term":[{"taxonomy":"product_brand","embeddable":true,"href":"https:\/\/kotlinafishing.pl\/index.php?rest_route=%2Fwp%2Fv2%2Fproduct_brand&post=428"},{"taxonomy":"product_cat","embeddable":true,"href":"https:\/\/kotlinafishing.pl\/index.php?rest_route=%2Fwp%2Fv2%2Fproduct_cat&post=428"},{"taxonomy":"product_tag","embeddable":true,"href":"https:\/\/kotlinafishing.pl\/index.php?rest_route=%2Fwp%2Fv2%2Fproduct_tag&post=428"}],"curies":[{"name":"wp","href":"https:\/\/api.w.org\/{rel}","templated":true}]}}