{"id":422,"date":"2025-09-09T08:21:20","date_gmt":"2025-09-09T06:21:20","guid":{"rendered":"http:\/\/kotlinafishing.pl\/?post_type=product&#038;p=422"},"modified":"2026-01-27T15:33:23","modified_gmt":"2026-01-27T14:33:23","slug":"pellet-lorpio-method-basic-45mm-2000g","status":"publish","type":"product","link":"https:\/\/kotlinafishing.pl\/?product=pellet-lorpio-method-basic-45mm-2000g","title":{"rendered":"Pellet LORPIO Method Basic 4,5mm 2000g"},"content":{"rendered":"<p>Stabilny, skuteczny, idealny pellet do method feeder, feeder bomb i pellet waggler. \u0141atwy do przygotowania, wystarczy nawil\u017cy\u0107 pellet wod\u0105, zrobi si\u0119 mi\u0119kki klej\u0105cy, utrzymuj\u0105c jednocze\u015bnie form\u0119. Dobrze trzyma si\u0119 podajnika zan\u0119towego, opada wraz z nim na dno i \u015bcieli si\u0119 w pobli\u017cu przyn\u0119ty haczykowej. Doskonale wabi karpie, liny, leszcze i karasie. Stabilno\u015b\u0107 w wodzie od 0,5\u20133 godzin w zale\u017cno\u015bci od \u015brednicy.<\/p>\n","protected":false},"excerpt":{"rendered":"<p>Stabilny, skuteczny, idealny pellet do method feeder, feeder bomb i pellet waggler. \u0141atwy do przygotowania, wystarczy nawil\u017cy\u0107 pellet wod\u0105, zrobi si\u0119 mi\u0119kki klej\u0105cy, utrzymuj\u0105c jednocze\u015bnie form\u0119. Dobrze trzyma si\u0119 podajnika zan\u0119towego, opada wraz z nim na dno i \u015bcieli si\u0119 w pobli\u017cu przyn\u0119ty haczykowej. Doskonale wabi karpie, liny, leszcze i karasie. Stabilno\u015b\u0107 w wodzie od 0,5\u20133 godzin w zale\u017cno\u015bci od \u015brednicy.<\/p>\n","protected":false},"featured_media":1612,"template":"","meta":[],"product_brand":[23],"product_cat":[43,19,18,41],"product_tag":[],"class_list":{"0":"post-422","1":"product","2":"type-product","3":"status-publish","4":"has-post-thumbnail","6":"product_brand-lorpio","7":"product_cat-pellety-zanetowe","8":"product_cat-grunt","9":"product_cat-splawik","10":"product_cat-zanety-przynety-dodatki-gliny","12":"first","13":"instock","14":"shipping-taxable","15":"purchasable","16":"product-type-simple"},"_links":{"self":[{"href":"https:\/\/kotlinafishing.pl\/index.php?rest_route=\/wp\/v2\/product\/422","targetHints":{"allow":["GET"]}}],"collection":[{"href":"https:\/\/kotlinafishing.pl\/index.php?rest_route=\/wp\/v2\/product"}],"about":[{"href":"https:\/\/kotlinafishing.pl\/index.php?rest_route=\/wp\/v2\/types\/product"}],"wp:featuredmedia":[{"embeddable":true,"href":"https:\/\/kotlinafishing.pl\/index.php?rest_route=\/wp\/v2\/media\/1612"}],"wp:attachment":[{"href":"https:\/\/kotlinafishing.pl\/index.php?rest_route=%2Fwp%2Fv2%2Fmedia&parent=422"}],"wp:term":[{"taxonomy":"product_brand","embeddable":true,"href":"https:\/\/kotlinafishing.pl\/index.php?rest_route=%2Fwp%2Fv2%2Fproduct_brand&post=422"},{"taxonomy":"product_cat","embeddable":true,"href":"https:\/\/kotlinafishing.pl\/index.php?rest_route=%2Fwp%2Fv2%2Fproduct_cat&post=422"},{"taxonomy":"product_tag","embeddable":true,"href":"https:\/\/kotlinafishing.pl\/index.php?rest_route=%2Fwp%2Fv2%2Fproduct_tag&post=422"}],"curies":[{"name":"wp","href":"https:\/\/api.w.org\/{rel}","templated":true}]}}