{"id":418,"date":"2025-09-09T08:11:59","date_gmt":"2025-09-09T06:11:59","guid":{"rendered":"http:\/\/kotlinafishing.pl\/?post_type=product&#038;p=418"},"modified":"2026-04-03T16:19:21","modified_gmt":"2026-04-03T14:19:21","slug":"pellet-lorpio-method-fine-15mm-700g","status":"publish","type":"product","link":"https:\/\/kotlinafishing.pl\/?product=pellet-lorpio-method-fine-15mm-700g","title":{"rendered":"Pellet LORPIO Method Fine 1,5mm 700g"},"content":{"rendered":"<p>Drobny pellet napakowany proteinami, przeznaczony na wszystkie ryby karpiowate. Ma\u0142a \u015brednica 1,50 mm oraz ciemny kolor sprawdzi si\u0119 w okresach gdy ryby s\u0142abiej \u017ceruj\u0105. Niezast\u0105piony w ch\u0142odnych porach roku i na prze\u0142owionych \u0142owiskach komercyjnych. Stabilno\u015b\u0107 w wodzie 0,5 godziny. Drobny pellet napakowany proteinami, przeznaczony na wszystkie ryby karpiowate. Ma\u0142a \u015brednica 1,50 mm oraz ciemny kolor sprawdzi si\u0119 w okresach gdy ryby s\u0142abiej \u017ceruj\u0105. Niezast\u0105piony w ch\u0142odnych porach roku i na prze\u0142owionych \u0142owiskach komercyjnych. Stabilno\u015b\u0107 w wodzie 0,5 godziny.<\/p>\n","protected":false},"excerpt":{"rendered":"<p>Drobny pellet napakowany proteinami, przeznaczony na wszystkie ryby karpiowate. Ma\u0142a \u015brednica 1,50 mm oraz ciemny kolor sprawdzi si\u0119 w okresach gdy ryby s\u0142abiej \u017ceruj\u0105. Niezast\u0105piony w ch\u0142odnych porach roku i na prze\u0142owionych \u0142owiskach komercyjnych. Stabilno\u015b\u0107 w wodzie 0,5 godziny. Drobny pellet napakowany proteinami, przeznaczony na wszystkie ryby karpiowate. Ma\u0142a \u015brednica 1,50 mm oraz ciemny kolor sprawdzi si\u0119 w okresach gdy ryby s\u0142abiej \u017ceruj\u0105. Niezast\u0105piony w ch\u0142odnych porach roku i na prze\u0142owionych \u0142owiskach komercyjnych. Stabilno\u015b\u0107 w wodzie 0,5 godziny.<\/p>\n","protected":false},"featured_media":1614,"template":"","meta":[],"product_brand":[23],"product_cat":[43,19,18,41],"product_tag":[],"class_list":{"0":"post-418","1":"product","2":"type-product","3":"status-publish","4":"has-post-thumbnail","6":"product_brand-lorpio","7":"product_cat-pellety-zanetowe","8":"product_cat-grunt","9":"product_cat-splawik","10":"product_cat-zanety-przynety-dodatki-gliny","12":"first","13":"outofstock","14":"shipping-taxable","15":"purchasable","16":"product-type-simple"},"_links":{"self":[{"href":"https:\/\/kotlinafishing.pl\/index.php?rest_route=\/wp\/v2\/product\/418","targetHints":{"allow":["GET"]}}],"collection":[{"href":"https:\/\/kotlinafishing.pl\/index.php?rest_route=\/wp\/v2\/product"}],"about":[{"href":"https:\/\/kotlinafishing.pl\/index.php?rest_route=\/wp\/v2\/types\/product"}],"wp:featuredmedia":[{"embeddable":true,"href":"https:\/\/kotlinafishing.pl\/index.php?rest_route=\/wp\/v2\/media\/1614"}],"wp:attachment":[{"href":"https:\/\/kotlinafishing.pl\/index.php?rest_route=%2Fwp%2Fv2%2Fmedia&parent=418"}],"wp:term":[{"taxonomy":"product_brand","embeddable":true,"href":"https:\/\/kotlinafishing.pl\/index.php?rest_route=%2Fwp%2Fv2%2Fproduct_brand&post=418"},{"taxonomy":"product_cat","embeddable":true,"href":"https:\/\/kotlinafishing.pl\/index.php?rest_route=%2Fwp%2Fv2%2Fproduct_cat&post=418"},{"taxonomy":"product_tag","embeddable":true,"href":"https:\/\/kotlinafishing.pl\/index.php?rest_route=%2Fwp%2Fv2%2Fproduct_tag&post=418"}],"curies":[{"name":"wp","href":"https:\/\/api.w.org\/{rel}","templated":true}]}}