{"id":413,"date":"2025-09-09T07:59:23","date_gmt":"2025-09-09T05:59:23","guid":{"rendered":"http:\/\/kotlinafishing.pl\/?post_type=product&#038;p=413"},"modified":"2026-01-27T15:37:13","modified_gmt":"2026-01-27T14:37:13","slug":"lorpio-super-leszcz-duzy-1000g","status":"publish","type":"product","link":"https:\/\/kotlinafishing.pl\/?product=lorpio-super-leszcz-duzy-1000g","title":{"rendered":"Zan\u0119ta Lorpio SUPER Leszcz Du\u017cy 1000g"},"content":{"rendered":"<p>Znana i ceniona przez w\u0119dkarzy seria <strong>SUPER<\/strong> powsta\u0142a na bazie do\u015bwiadcze\u0144 i sukces\u00f3w klubu LORPIO oraz Piotra Lorenca, wsp\u00f3\u0142tw\u00f3rcy sukces\u00f3w Polskiej Dru\u017cyny Narodowej. Znaj\u0105c upodobania ryb, stworzyli\u015bmy specjalistyczn\u0105 zan\u0119t\u0119 sprawdzaj\u0105c\u0105 si\u0119 na wszystkich typach w\u00f3d, dostosowan\u0105 do poszczeg\u00f3lnych gatunk\u00f3w. D\u0142ugo utrzymuje ryby w \u0142owisku, stymuluj\u0105c je do intensywnego \u017cerowania.<\/p>\n","protected":false},"excerpt":{"rendered":"<p>Znana i ceniona przez w\u0119dkarzy seria <strong>SUPER<\/strong> powsta\u0142a na bazie do\u015bwiadcze\u0144 i sukces\u00f3w klubu LORPIO oraz Piotra Lorenca, wsp\u00f3\u0142tw\u00f3rcy sukces\u00f3w Polskiej Dru\u017cyny Narodowej. Znaj\u0105c upodobania ryb, stworzyli\u015bmy specjalistyczn\u0105 zan\u0119t\u0119 sprawdzaj\u0105c\u0105 si\u0119 na wszystkich typach w\u00f3d, dostosowan\u0105 do poszczeg\u00f3lnych gatunk\u00f3w. D\u0142ugo utrzymuje ryby w \u0142owisku, stymuluj\u0105c je do intensywnego \u017cerowania.<\/p>\n","protected":false},"featured_media":1594,"template":"","meta":[],"product_brand":[23],"product_cat":[19,18,42,41],"product_tag":[],"class_list":{"0":"post-413","1":"product","2":"type-product","3":"status-publish","4":"has-post-thumbnail","6":"product_brand-lorpio","7":"product_cat-grunt","8":"product_cat-splawik","9":"product_cat-zanety-klasyczne","10":"product_cat-zanety-przynety-dodatki-gliny","12":"first","13":"instock","14":"shipping-taxable","15":"purchasable","16":"product-type-simple"},"_links":{"self":[{"href":"https:\/\/kotlinafishing.pl\/index.php?rest_route=\/wp\/v2\/product\/413","targetHints":{"allow":["GET"]}}],"collection":[{"href":"https:\/\/kotlinafishing.pl\/index.php?rest_route=\/wp\/v2\/product"}],"about":[{"href":"https:\/\/kotlinafishing.pl\/index.php?rest_route=\/wp\/v2\/types\/product"}],"wp:featuredmedia":[{"embeddable":true,"href":"https:\/\/kotlinafishing.pl\/index.php?rest_route=\/wp\/v2\/media\/1594"}],"wp:attachment":[{"href":"https:\/\/kotlinafishing.pl\/index.php?rest_route=%2Fwp%2Fv2%2Fmedia&parent=413"}],"wp:term":[{"taxonomy":"product_brand","embeddable":true,"href":"https:\/\/kotlinafishing.pl\/index.php?rest_route=%2Fwp%2Fv2%2Fproduct_brand&post=413"},{"taxonomy":"product_cat","embeddable":true,"href":"https:\/\/kotlinafishing.pl\/index.php?rest_route=%2Fwp%2Fv2%2Fproduct_cat&post=413"},{"taxonomy":"product_tag","embeddable":true,"href":"https:\/\/kotlinafishing.pl\/index.php?rest_route=%2Fwp%2Fv2%2Fproduct_tag&post=413"}],"curies":[{"name":"wp","href":"https:\/\/api.w.org\/{rel}","templated":true}]}}