{"id":409,"date":"2025-09-09T07:53:36","date_gmt":"2025-09-09T05:53:36","guid":{"rendered":"http:\/\/kotlinafishing.pl\/?post_type=product&#038;p=409"},"modified":"2026-01-27T15:23:06","modified_gmt":"2026-01-27T14:23:06","slug":"lorpio-magnetic-carassio-vanilla-karas-wanilia-2000g","status":"publish","type":"product","link":"https:\/\/kotlinafishing.pl\/?product=lorpio-magnetic-carassio-vanilla-karas-wanilia-2000g","title":{"rendered":"Zan\u0119ta Lorpio MAGNETIC Carassio Vanilla Kara\u015b Wanilia 2000g"},"content":{"rendered":"<p>Seria zan\u0119t <strong>MAGNETIC<\/strong> to produkt, kt\u00f3ry docenili w\u0119dkarze. Od momentu wprowadzenia do sprzeda\u017cy mo\u017cemy w pe\u0142ni stwierdzi\u0107, \u017ce seria przyj\u0119\u0142a si\u0119 doskonale. Dostali\u015bmy bardzo pozytywne opinie od w\u0119dkarzy. Szczeg\u00f3lnie ciesz\u0105 nas te od zawodnik\u00f3w, kt\u00f3rzy wygrali zawody w\u0119dkarskie stosuj\u0105c zan\u0119ty tej serii.<br \/>\n<strong>CARASSIO VANILLA<\/strong> to zan\u0119ta zbudowana na styl zan\u0119t w\u0142oskich, \u017c\u00f3\u0142ta, s\u0142odka o \u015bredniej frakcji i aromacie wanilii.<\/p>\n","protected":false},"excerpt":{"rendered":"<p>Seria zan\u0119t <strong>MAGNETIC<\/strong> to produkt, kt\u00f3ry docenili w\u0119dkarze. Od momentu wprowadzenia do sprzeda\u017cy mo\u017cemy w pe\u0142ni stwierdzi\u0107, \u017ce seria przyj\u0119\u0142a si\u0119 doskonale. Dostali\u015bmy bardzo pozytywne opinie od w\u0119dkarzy. Szczeg\u00f3lnie ciesz\u0105 nas te od zawodnik\u00f3w, kt\u00f3rzy wygrali zawody w\u0119dkarskie stosuj\u0105c zan\u0119ty tej serii.<br \/>\n<strong>CARASSIO VANILLA<\/strong> to zan\u0119ta zbudowana na styl zan\u0119t w\u0142oskich, \u017c\u00f3\u0142ta, s\u0142odka o \u015bredniej frakcji i aromacie wanilii.<\/p>\n","protected":false},"featured_media":1581,"template":"","meta":[],"product_brand":[23],"product_cat":[19,18,42,41],"product_tag":[],"class_list":{"0":"post-409","1":"product","2":"type-product","3":"status-publish","4":"has-post-thumbnail","6":"product_brand-lorpio","7":"product_cat-grunt","8":"product_cat-splawik","9":"product_cat-zanety-klasyczne","10":"product_cat-zanety-przynety-dodatki-gliny","12":"first","13":"instock","14":"shipping-taxable","15":"purchasable","16":"product-type-simple"},"_links":{"self":[{"href":"https:\/\/kotlinafishing.pl\/index.php?rest_route=\/wp\/v2\/product\/409","targetHints":{"allow":["GET"]}}],"collection":[{"href":"https:\/\/kotlinafishing.pl\/index.php?rest_route=\/wp\/v2\/product"}],"about":[{"href":"https:\/\/kotlinafishing.pl\/index.php?rest_route=\/wp\/v2\/types\/product"}],"wp:featuredmedia":[{"embeddable":true,"href":"https:\/\/kotlinafishing.pl\/index.php?rest_route=\/wp\/v2\/media\/1581"}],"wp:attachment":[{"href":"https:\/\/kotlinafishing.pl\/index.php?rest_route=%2Fwp%2Fv2%2Fmedia&parent=409"}],"wp:term":[{"taxonomy":"product_brand","embeddable":true,"href":"https:\/\/kotlinafishing.pl\/index.php?rest_route=%2Fwp%2Fv2%2Fproduct_brand&post=409"},{"taxonomy":"product_cat","embeddable":true,"href":"https:\/\/kotlinafishing.pl\/index.php?rest_route=%2Fwp%2Fv2%2Fproduct_cat&post=409"},{"taxonomy":"product_tag","embeddable":true,"href":"https:\/\/kotlinafishing.pl\/index.php?rest_route=%2Fwp%2Fv2%2Fproduct_tag&post=409"}],"curies":[{"name":"wp","href":"https:\/\/api.w.org\/{rel}","templated":true}]}}