{"id":408,"date":"2025-09-09T07:51:56","date_gmt":"2025-09-09T05:51:56","guid":{"rendered":"http:\/\/kotlinafishing.pl\/?post_type=product&#038;p=408"},"modified":"2026-01-27T15:23:09","modified_gmt":"2026-01-27T14:23:09","slug":"lorpio-magnetic-roach-ploc-2000g","status":"publish","type":"product","link":"https:\/\/kotlinafishing.pl\/?product=lorpio-magnetic-roach-ploc-2000g","title":{"rendered":"Zan\u0119ta Lorpio MAGNETIC Roach P\u0142o\u0107 2000g"},"content":{"rendered":"<p>Seria zan\u0119t <strong>MAGNETIC<\/strong> to produkt, kt\u00f3ry docenili w\u0119dkarze. Od momentu wprowadzenia do sprzeda\u017cy mo\u017cemy w pe\u0142ni stwierdzi\u0107, \u017ce seria przyj\u0119\u0142a si\u0119 doskonale. Dostali\u015bmy bardzo pozytywne opinie od w\u0119dkarzy. Szczeg\u00f3lnie ciesz\u0105 nas te od zawodnik\u00f3w, kt\u00f3rzy wygrali zawody w\u0119dkarskie stosuj\u0105c zan\u0119ty tej serii.<br \/>\n<strong>MAGNETIC ROACH<\/strong> to zan\u0119ta o br\u0105zowej barwie i drobnej frakcji, na p\u0142otki. Odpowiednio dobrana kompozycja sk\u0142adnik\u00f3w, karmelowo-zio\u0142owy aromat oraz s\u0142ony smak. R\u00f3wnomiernie rozrobiona, przetarta przez sito (oczko 2-3 mm) i doci\u0105\u017cona glin\u0105 doskonale pracuje na dnie wabi\u0105c p\u0142ocie. Na niekt\u00f3rych \u0142owiskach sprawdza si\u0119 przy po\u0142owie leszczy. Na kana\u0142y i rzeki wymaga doci\u0105\u017cenia glin\u0105 w zale\u017cno\u015bci od uci\u0105gu i g\u0142\u0119boko\u015bci \u0142owiska, nawet w proporcji 1:1.<\/p>\n","protected":false},"excerpt":{"rendered":"<p>Seria zan\u0119t <strong>MAGNETIC<\/strong> to produkt, kt\u00f3ry docenili w\u0119dkarze. Od momentu wprowadzenia do sprzeda\u017cy mo\u017cemy w pe\u0142ni stwierdzi\u0107, \u017ce seria przyj\u0119\u0142a si\u0119 doskonale. Dostali\u015bmy bardzo pozytywne opinie od w\u0119dkarzy. Szczeg\u00f3lnie ciesz\u0105 nas te od zawodnik\u00f3w, kt\u00f3rzy wygrali zawody w\u0119dkarskie stosuj\u0105c zan\u0119ty tej serii.<br \/>\n<strong>MAGNETIC ROACH<\/strong> to zan\u0119ta o br\u0105zowej barwie i drobnej frakcji, na p\u0142otki. Odpowiednio dobrana kompozycja sk\u0142adnik\u00f3w, karmelowo-zio\u0142owy aromat oraz s\u0142ony smak. R\u00f3wnomiernie rozrobiona, przetarta przez sito (oczko 2-3 mm) i doci\u0105\u017cona glin\u0105 doskonale pracuje na dnie wabi\u0105c p\u0142ocie. Na niekt\u00f3rych \u0142owiskach sprawdza si\u0119 przy po\u0142owie leszczy. Na kana\u0142y i rzeki wymaga doci\u0105\u017cenia glin\u0105 w zale\u017cno\u015bci od uci\u0105gu i g\u0142\u0119boko\u015bci \u0142owiska, nawet w proporcji 1:1.<\/p>\n","protected":false},"featured_media":1585,"template":"","meta":[],"product_brand":[23],"product_cat":[19,18,42,41],"product_tag":[],"class_list":{"0":"post-408","1":"product","2":"type-product","3":"status-publish","4":"has-post-thumbnail","6":"product_brand-lorpio","7":"product_cat-grunt","8":"product_cat-splawik","9":"product_cat-zanety-klasyczne","10":"product_cat-zanety-przynety-dodatki-gliny","12":"first","13":"instock","14":"shipping-taxable","15":"purchasable","16":"product-type-simple"},"_links":{"self":[{"href":"https:\/\/kotlinafishing.pl\/index.php?rest_route=\/wp\/v2\/product\/408","targetHints":{"allow":["GET"]}}],"collection":[{"href":"https:\/\/kotlinafishing.pl\/index.php?rest_route=\/wp\/v2\/product"}],"about":[{"href":"https:\/\/kotlinafishing.pl\/index.php?rest_route=\/wp\/v2\/types\/product"}],"wp:featuredmedia":[{"embeddable":true,"href":"https:\/\/kotlinafishing.pl\/index.php?rest_route=\/wp\/v2\/media\/1585"}],"wp:attachment":[{"href":"https:\/\/kotlinafishing.pl\/index.php?rest_route=%2Fwp%2Fv2%2Fmedia&parent=408"}],"wp:term":[{"taxonomy":"product_brand","embeddable":true,"href":"https:\/\/kotlinafishing.pl\/index.php?rest_route=%2Fwp%2Fv2%2Fproduct_brand&post=408"},{"taxonomy":"product_cat","embeddable":true,"href":"https:\/\/kotlinafishing.pl\/index.php?rest_route=%2Fwp%2Fv2%2Fproduct_cat&post=408"},{"taxonomy":"product_tag","embeddable":true,"href":"https:\/\/kotlinafishing.pl\/index.php?rest_route=%2Fwp%2Fv2%2Fproduct_tag&post=408"}],"curies":[{"name":"wp","href":"https:\/\/api.w.org\/{rel}","templated":true}]}}