{"id":403,"date":"2025-09-04T17:02:50","date_gmt":"2025-09-04T15:02:50","guid":{"rendered":"http:\/\/kotlinafishing.pl\/?post_type=product&#038;p=403"},"modified":"2026-01-27T15:23:58","modified_gmt":"2026-01-27T14:23:58","slug":"lorpio-magnetic-carp-halibut-2000g","status":"publish","type":"product","link":"https:\/\/kotlinafishing.pl\/?product=lorpio-magnetic-carp-halibut-2000g","title":{"rendered":"Zan\u0119ta Lorpio MAGNETIC Carp Halibut 2000g"},"content":{"rendered":"<p>Seria zan\u0119t <strong>MAGNETIC<\/strong> to produkt, kt\u00f3ry docenili w\u0119dkarze. Od momentu wprowadzenia do sprzeda\u017cy mo\u017cemy w pe\u0142ni stwierdzi\u0107, \u017ce seria przyj\u0119\u0142a si\u0119 doskonale. Dostali\u015bmy bardzo pozytywne opinie od w\u0119dkarzy. Szczeg\u00f3lnie ciesz\u0105 nas te od zawodnik\u00f3w, kt\u00f3rzy wygrali zawody w\u0119dkarskie stosuj\u0105c zan\u0119ty tej serii.<br \/>\n<strong>MAGNETIC CARP HALIBUT<\/strong> ma br\u0105zowy kolor, rybny aromat oraz s\u0142odko-s\u0142ony smak. Zan\u0119ta doskonale sprawdza si\u0119 w \u0142owiskach gdzie klasyczne jasne i s\u0142odkie zan\u0119ty karpiowe nie zdaj\u0105 egzaminu. W rzekach skuteczna na du\u017ce leszcze. Na rzeki wymaga doci\u0105\u017cenia glin\u0105 lub \u017cwirem.<\/p>\n","protected":false},"excerpt":{"rendered":"<p>Seria zan\u0119t <strong>MAGNETIC<\/strong> to produkt, kt\u00f3ry docenili w\u0119dkarze. Od momentu wprowadzenia do sprzeda\u017cy mo\u017cemy w pe\u0142ni stwierdzi\u0107, \u017ce seria przyj\u0119\u0142a si\u0119 doskonale. Dostali\u015bmy bardzo pozytywne opinie od w\u0119dkarzy. Szczeg\u00f3lnie ciesz\u0105 nas te od zawodnik\u00f3w, kt\u00f3rzy wygrali zawody w\u0119dkarskie stosuj\u0105c zan\u0119ty tej serii.<br \/>\n<strong>MAGNETIC CARP HALIBUT<\/strong> ma br\u0105zowy kolor, rybny aromat oraz s\u0142odko-s\u0142ony smak. Zan\u0119ta doskonale sprawdza si\u0119 w \u0142owiskach gdzie klasyczne jasne i s\u0142odkie zan\u0119ty karpiowe nie zdaj\u0105 egzaminu. W rzekach skuteczna na du\u017ce leszcze. Na rzeki wymaga doci\u0105\u017cenia glin\u0105 lub \u017cwirem.<\/p>\n","protected":false},"featured_media":1583,"template":"","meta":[],"product_brand":[23],"product_cat":[19,18,42,41],"product_tag":[],"class_list":{"0":"post-403","1":"product","2":"type-product","3":"status-publish","4":"has-post-thumbnail","6":"product_brand-lorpio","7":"product_cat-grunt","8":"product_cat-splawik","9":"product_cat-zanety-klasyczne","10":"product_cat-zanety-przynety-dodatki-gliny","12":"first","13":"instock","14":"shipping-taxable","15":"purchasable","16":"product-type-simple"},"_links":{"self":[{"href":"https:\/\/kotlinafishing.pl\/index.php?rest_route=\/wp\/v2\/product\/403","targetHints":{"allow":["GET"]}}],"collection":[{"href":"https:\/\/kotlinafishing.pl\/index.php?rest_route=\/wp\/v2\/product"}],"about":[{"href":"https:\/\/kotlinafishing.pl\/index.php?rest_route=\/wp\/v2\/types\/product"}],"wp:featuredmedia":[{"embeddable":true,"href":"https:\/\/kotlinafishing.pl\/index.php?rest_route=\/wp\/v2\/media\/1583"}],"wp:attachment":[{"href":"https:\/\/kotlinafishing.pl\/index.php?rest_route=%2Fwp%2Fv2%2Fmedia&parent=403"}],"wp:term":[{"taxonomy":"product_brand","embeddable":true,"href":"https:\/\/kotlinafishing.pl\/index.php?rest_route=%2Fwp%2Fv2%2Fproduct_brand&post=403"},{"taxonomy":"product_cat","embeddable":true,"href":"https:\/\/kotlinafishing.pl\/index.php?rest_route=%2Fwp%2Fv2%2Fproduct_cat&post=403"},{"taxonomy":"product_tag","embeddable":true,"href":"https:\/\/kotlinafishing.pl\/index.php?rest_route=%2Fwp%2Fv2%2Fproduct_tag&post=403"}],"curies":[{"name":"wp","href":"https:\/\/api.w.org\/{rel}","templated":true}]}}