{"id":400,"date":"2025-09-04T16:56:35","date_gmt":"2025-09-04T14:56:35","guid":{"rendered":"http:\/\/kotlinafishing.pl\/?post_type=product&#038;p=400"},"modified":"2026-03-29T18:57:00","modified_gmt":"2026-03-29T16:57:00","slug":"zaneta-lorpio-method-contest-scopex-2000g","status":"publish","type":"product","link":"https:\/\/kotlinafishing.pl\/?product=zaneta-lorpio-method-contest-scopex-2000g","title":{"rendered":"Zan\u0119ta Lorpio METHOD CONTEST Scopex 2000g"},"content":{"rendered":"<p>Przeznaczona na method feeder, klasyczny feeder lub na sp\u0142awik; na karpia, karasia, lina, leszcza. Skuteczna ca\u0142y sezon. Du\u017ca zawarto\u015b\u0107 m\u0105czki rybnej, kruszony pellet, pra\u017cone komponenty. \u0141atwa do rozrobienia, nie zbryla si\u0119. Drobno mielona, dobrze wch\u0142ania wod\u0119. \u0141atwo formuje si\u0119 w foremce. Dobrze trzyma si\u0119 podajnika. Po opadni\u0119ciu na dno szybko rozpada si\u0119, nie zalega w podajniku.<\/p>\n","protected":false},"excerpt":{"rendered":"<p>Przeznaczona na method feeder, klasyczny feeder lub na sp\u0142awik; na karpia, karasia, lina, leszcza. Skuteczna ca\u0142y sezon. Du\u017ca zawarto\u015b\u0107 m\u0105czki rybnej, kruszony pellet, pra\u017cone komponenty. \u0141atwa do rozrobienia, nie zbryla si\u0119. Drobno mielona, dobrze wch\u0142ania wod\u0119. \u0141atwo formuje si\u0119 w foremce. Dobrze trzyma si\u0119 podajnika. Po opadni\u0119ciu na dno szybko rozpada si\u0119, nie zalega w podajniku.<\/p>\n","protected":false},"featured_media":1610,"template":"","meta":[],"product_brand":[23],"product_cat":[59,19,18,41],"product_tag":[],"class_list":{"0":"post-400","1":"product","2":"type-product","3":"status-publish","4":"has-post-thumbnail","6":"product_brand-lorpio","7":"product_cat-method-mixy","8":"product_cat-grunt","9":"product_cat-splawik","10":"product_cat-zanety-przynety-dodatki-gliny","12":"first","13":"instock","14":"shipping-taxable","15":"purchasable","16":"product-type-simple"},"_links":{"self":[{"href":"https:\/\/kotlinafishing.pl\/index.php?rest_route=\/wp\/v2\/product\/400","targetHints":{"allow":["GET"]}}],"collection":[{"href":"https:\/\/kotlinafishing.pl\/index.php?rest_route=\/wp\/v2\/product"}],"about":[{"href":"https:\/\/kotlinafishing.pl\/index.php?rest_route=\/wp\/v2\/types\/product"}],"wp:featuredmedia":[{"embeddable":true,"href":"https:\/\/kotlinafishing.pl\/index.php?rest_route=\/wp\/v2\/media\/1610"}],"wp:attachment":[{"href":"https:\/\/kotlinafishing.pl\/index.php?rest_route=%2Fwp%2Fv2%2Fmedia&parent=400"}],"wp:term":[{"taxonomy":"product_brand","embeddable":true,"href":"https:\/\/kotlinafishing.pl\/index.php?rest_route=%2Fwp%2Fv2%2Fproduct_brand&post=400"},{"taxonomy":"product_cat","embeddable":true,"href":"https:\/\/kotlinafishing.pl\/index.php?rest_route=%2Fwp%2Fv2%2Fproduct_cat&post=400"},{"taxonomy":"product_tag","embeddable":true,"href":"https:\/\/kotlinafishing.pl\/index.php?rest_route=%2Fwp%2Fv2%2Fproduct_tag&post=400"}],"curies":[{"name":"wp","href":"https:\/\/api.w.org\/{rel}","templated":true}]}}