{"id":398,"date":"2025-09-04T16:52:41","date_gmt":"2025-09-04T14:52:41","guid":{"rendered":"http:\/\/kotlinafishing.pl\/?post_type=product&#038;p=398"},"modified":"2026-01-27T15:24:34","modified_gmt":"2026-01-27T14:24:34","slug":"konopie-ziarno-lorpio-600g","status":"publish","type":"product","link":"https:\/\/kotlinafishing.pl\/?product=konopie-ziarno-lorpio-600g","title":{"rendered":"Konopie Ziarno Lorpio 600g"},"content":{"rendered":"<p>Po ugotowaniu doskonale nadaje si\u0119 do n\u0119cenia wszystkich ryb, od ma\u0142ych p\u0142otek do wielkich karpi. Podawane w zan\u0119cie lub luzem (strzelane proc\u0105) wabi karpie, leszcze, liny, klenie, brzany, jazie, karasie. Gotowa\u0107 do momentu a\u017c ziarna zaczn\u0105 si\u0119 otwiera\u0107 i kie\u0142kowa\u0107.<\/p>\n","protected":false},"excerpt":{"rendered":"<p>Po ugotowaniu doskonale nadaje si\u0119 do n\u0119cenia wszystkich ryb, od ma\u0142ych p\u0142otek do wielkich karpi. Podawane w zan\u0119cie lub luzem (strzelane proc\u0105) wabi karpie, leszcze, liny, klenie, brzany, jazie, karasie. Gotowa\u0107 do momentu a\u017c ziarna zaczn\u0105 si\u0119 otwiera\u0107 i kie\u0142kowa\u0107.<\/p>\n","protected":false},"featured_media":1603,"template":"","meta":[],"product_brand":[23],"product_cat":[45,19,18,41],"product_tag":[],"class_list":{"0":"post-398","1":"product","2":"type-product","3":"status-publish","4":"has-post-thumbnail","6":"product_brand-lorpio","7":"product_cat-dodatki-zanetowe-sypkie","8":"product_cat-grunt","9":"product_cat-splawik","10":"product_cat-zanety-przynety-dodatki-gliny","12":"first","13":"instock","14":"shipping-taxable","15":"purchasable","16":"product-type-simple"},"_links":{"self":[{"href":"https:\/\/kotlinafishing.pl\/index.php?rest_route=\/wp\/v2\/product\/398","targetHints":{"allow":["GET"]}}],"collection":[{"href":"https:\/\/kotlinafishing.pl\/index.php?rest_route=\/wp\/v2\/product"}],"about":[{"href":"https:\/\/kotlinafishing.pl\/index.php?rest_route=\/wp\/v2\/types\/product"}],"wp:featuredmedia":[{"embeddable":true,"href":"https:\/\/kotlinafishing.pl\/index.php?rest_route=\/wp\/v2\/media\/1603"}],"wp:attachment":[{"href":"https:\/\/kotlinafishing.pl\/index.php?rest_route=%2Fwp%2Fv2%2Fmedia&parent=398"}],"wp:term":[{"taxonomy":"product_brand","embeddable":true,"href":"https:\/\/kotlinafishing.pl\/index.php?rest_route=%2Fwp%2Fv2%2Fproduct_brand&post=398"},{"taxonomy":"product_cat","embeddable":true,"href":"https:\/\/kotlinafishing.pl\/index.php?rest_route=%2Fwp%2Fv2%2Fproduct_cat&post=398"},{"taxonomy":"product_tag","embeddable":true,"href":"https:\/\/kotlinafishing.pl\/index.php?rest_route=%2Fwp%2Fv2%2Fproduct_tag&post=398"}],"curies":[{"name":"wp","href":"https:\/\/api.w.org\/{rel}","templated":true}]}}