{"id":392,"date":"2025-09-04T16:30:43","date_gmt":"2025-09-04T14:30:43","guid":{"rendered":"http:\/\/kotlinafishing.pl\/?post_type=product&#038;p=392"},"modified":"2026-01-27T15:25:17","modified_gmt":"2026-01-27T14:25:17","slug":"dodatek-lorpio-aromatic-marcepan-200g","status":"publish","type":"product","link":"https:\/\/kotlinafishing.pl\/?product=dodatek-lorpio-aromatic-marcepan-200g","title":{"rendered":"Dodatek Lorpio Aromatic Marcepan 200g"},"content":{"rendered":"<p>Proszkowe, aromatyczne dodatki do zan\u0119t. Rozpuszczaj\u0105 si\u0119 w wodzie i u\u0142atwiaj\u0105 rybom szybk\u0105 lokalizacj\u0119 zan\u0119ty i przyn\u0119ty. Pobudzaj\u0105 je do intensywnego \u017cerowania.<\/p>\n","protected":false},"excerpt":{"rendered":"<p>Proszkowe, aromatyczne dodatki do zan\u0119t. Rozpuszczaj\u0105 si\u0119 w wodzie i u\u0142atwiaj\u0105 rybom szybk\u0105 lokalizacj\u0119 zan\u0119ty i przyn\u0119ty. Pobudzaj\u0105 je do intensywnego \u017cerowania.<\/p>\n","protected":false},"featured_media":1598,"template":"","meta":[],"product_brand":[23],"product_cat":[45,19,18,41],"product_tag":[],"class_list":{"0":"post-392","1":"product","2":"type-product","3":"status-publish","4":"has-post-thumbnail","6":"product_brand-lorpio","7":"product_cat-dodatki-zanetowe-sypkie","8":"product_cat-grunt","9":"product_cat-splawik","10":"product_cat-zanety-przynety-dodatki-gliny","12":"first","13":"instock","14":"shipping-taxable","15":"purchasable","16":"product-type-simple"},"_links":{"self":[{"href":"https:\/\/kotlinafishing.pl\/index.php?rest_route=\/wp\/v2\/product\/392","targetHints":{"allow":["GET"]}}],"collection":[{"href":"https:\/\/kotlinafishing.pl\/index.php?rest_route=\/wp\/v2\/product"}],"about":[{"href":"https:\/\/kotlinafishing.pl\/index.php?rest_route=\/wp\/v2\/types\/product"}],"wp:featuredmedia":[{"embeddable":true,"href":"https:\/\/kotlinafishing.pl\/index.php?rest_route=\/wp\/v2\/media\/1598"}],"wp:attachment":[{"href":"https:\/\/kotlinafishing.pl\/index.php?rest_route=%2Fwp%2Fv2%2Fmedia&parent=392"}],"wp:term":[{"taxonomy":"product_brand","embeddable":true,"href":"https:\/\/kotlinafishing.pl\/index.php?rest_route=%2Fwp%2Fv2%2Fproduct_brand&post=392"},{"taxonomy":"product_cat","embeddable":true,"href":"https:\/\/kotlinafishing.pl\/index.php?rest_route=%2Fwp%2Fv2%2Fproduct_cat&post=392"},{"taxonomy":"product_tag","embeddable":true,"href":"https:\/\/kotlinafishing.pl\/index.php?rest_route=%2Fwp%2Fv2%2Fproduct_tag&post=392"}],"curies":[{"name":"wp","href":"https:\/\/api.w.org\/{rel}","templated":true}]}}