{"id":389,"date":"2025-09-04T16:18:33","date_gmt":"2025-09-04T14:18:33","guid":{"rendered":"http:\/\/kotlinafishing.pl\/?post_type=product&#038;p=389"},"modified":"2026-01-27T15:25:52","modified_gmt":"2026-01-27T14:25:52","slug":"brasem-caramel-champion-feed-250-g","status":"publish","type":"product","link":"https:\/\/kotlinafishing.pl\/?product=brasem-caramel-champion-feed-250-g","title":{"rendered":"BRASEM CARAMEL Champion Feed 250 g"},"content":{"rendered":"<p>Atraktor\u00a0stworzony wed\u0142ug tej samej receptury co produkt o tej samej nazwie firmy MVDE. Najpopularniejszy w\u015br\u00f3d zawodnik\u00f3w dodatek zapachowy\u00a0na leszcze i kr\u0105pie. Posiada charakterystyczny s\u0142odki zapach i s\u0142ony smak. Stosowa\u0107 1 opakowanie na 2-3 kg zan\u0119ty<\/p>\n","protected":false},"excerpt":{"rendered":"<p>Atraktor\u00a0stworzony wed\u0142ug tej samej receptury co produkt o tej samej nazwie firmy MVDE. Najpopularniejszy w\u015br\u00f3d zawodnik\u00f3w dodatek zapachowy\u00a0na leszcze i kr\u0105pie. Posiada charakterystyczny s\u0142odki zapach i s\u0142ony smak. Stosowa\u0107 1 opakowanie na 2-3 kg zan\u0119ty<\/p>\n","protected":false},"featured_media":1545,"template":"","meta":[],"product_brand":[30],"product_cat":[45,19,18,41],"product_tag":[],"class_list":{"0":"post-389","1":"product","2":"type-product","3":"status-publish","4":"has-post-thumbnail","6":"product_brand-champion-feed","7":"product_cat-dodatki-zanetowe-sypkie","8":"product_cat-grunt","9":"product_cat-splawik","10":"product_cat-zanety-przynety-dodatki-gliny","12":"first","13":"instock","14":"shipping-taxable","15":"purchasable","16":"product-type-simple"},"_links":{"self":[{"href":"https:\/\/kotlinafishing.pl\/index.php?rest_route=\/wp\/v2\/product\/389","targetHints":{"allow":["GET"]}}],"collection":[{"href":"https:\/\/kotlinafishing.pl\/index.php?rest_route=\/wp\/v2\/product"}],"about":[{"href":"https:\/\/kotlinafishing.pl\/index.php?rest_route=\/wp\/v2\/types\/product"}],"wp:featuredmedia":[{"embeddable":true,"href":"https:\/\/kotlinafishing.pl\/index.php?rest_route=\/wp\/v2\/media\/1545"}],"wp:attachment":[{"href":"https:\/\/kotlinafishing.pl\/index.php?rest_route=%2Fwp%2Fv2%2Fmedia&parent=389"}],"wp:term":[{"taxonomy":"product_brand","embeddable":true,"href":"https:\/\/kotlinafishing.pl\/index.php?rest_route=%2Fwp%2Fv2%2Fproduct_brand&post=389"},{"taxonomy":"product_cat","embeddable":true,"href":"https:\/\/kotlinafishing.pl\/index.php?rest_route=%2Fwp%2Fv2%2Fproduct_cat&post=389"},{"taxonomy":"product_tag","embeddable":true,"href":"https:\/\/kotlinafishing.pl\/index.php?rest_route=%2Fwp%2Fv2%2Fproduct_tag&post=389"}],"curies":[{"name":"wp","href":"https:\/\/api.w.org\/{rel}","templated":true}]}}