{"id":386,"date":"2025-09-02T17:21:12","date_gmt":"2025-09-02T15:21:12","guid":{"rendered":"http:\/\/kotlinafishing.pl\/?post_type=product&#038;p=386"},"modified":"2026-03-16T23:16:18","modified_gmt":"2026-03-16T22:16:18","slug":"mineral-ploc-suchy-leszczomstop-1kg","status":"publish","type":"product","link":"https:\/\/kotlinafishing.pl\/?product=mineral-ploc-suchy-leszczomstop-1kg","title":{"rendered":"Minera\u0142 P\u0142o\u0107 Suchy LeszczomStop 1kg"},"content":{"rendered":"<p><strong>Minera\u0142 P\u0142o\u0107<\/strong>&#8211; intensywnie smu\u017c\u0105cy dodatek do glin i zan\u0119t w\u0119dkarskich proponowany przez nas w\u00a0 formie suchej (glinka) oraz nawil\u017cona (mieszanka). Dodanie do gliny lub zan\u0119ty wywo\u0142uje w wodzie efekt brunatnej chmury silnie wabi\u0105cej ryby nawet z du\u017cych odleg\u0142o\u015bci. Zalet\u0105 stosowania minera\u0142u P\u0142o\u0107 jest d\u0142ugi czas osiadania najdrobniejszych cz\u0105steczek,kt\u00f3re wywo\u0142uj\u0105 efekt zawieszonej chmury.Idealnie sprawdzi si\u0119 podczas wabienia powierzchniowych uklei,wzdr\u0119gi lub wsz\u0119dobylskich p\u0142oci. Minera\u0142 P\u0142o\u0107 w formie nawil\u017conej to gotowy produkt, kt\u00f3ry zaoszcz\u0119dzi nam czasu w trakcie zawod\u00f3w w\u0119dkarskich<\/p>\n","protected":false},"excerpt":{"rendered":"<p><strong>Minera\u0142 P\u0142o\u0107<\/strong>&#8211; intensywnie smu\u017c\u0105cy dodatek do glin i zan\u0119t w\u0119dkarskich proponowany przez nas w\u00a0 formie suchej (glinka) oraz nawil\u017cona (mieszanka). Dodanie do gliny lub zan\u0119ty wywo\u0142uje w wodzie efekt brunatnej chmury silnie wabi\u0105cej ryby nawet z du\u017cych odleg\u0142o\u015bci. Zalet\u0105 stosowania minera\u0142u P\u0142o\u0107 jest d\u0142ugi czas osiadania najdrobniejszych cz\u0105steczek,kt\u00f3re wywo\u0142uj\u0105 efekt zawieszonej chmury.Idealnie sprawdzi si\u0119 podczas wabienia powierzchniowych uklei,wzdr\u0119gi lub wsz\u0119dobylskich p\u0142oci. Minera\u0142 P\u0142o\u0107 w formie nawil\u017conej to gotowy produkt, kt\u00f3ry zaoszcz\u0119dzi nam czasu w trakcie zawod\u00f3w w\u0119dkarskich<\/p>\n","protected":false},"featured_media":3472,"template":"","meta":[],"product_brand":[139],"product_cat":[47,19,18,41],"product_tag":[],"class_list":{"0":"post-386","1":"product","2":"type-product","3":"status-publish","4":"has-post-thumbnail","6":"product_brand-leszczomstop","7":"product_cat-gliny-i-kleje","8":"product_cat-grunt","9":"product_cat-splawik","10":"product_cat-zanety-przynety-dodatki-gliny","12":"first","13":"instock","14":"shipping-taxable","15":"purchasable","16":"product-type-simple"},"_links":{"self":[{"href":"https:\/\/kotlinafishing.pl\/index.php?rest_route=\/wp\/v2\/product\/386","targetHints":{"allow":["GET"]}}],"collection":[{"href":"https:\/\/kotlinafishing.pl\/index.php?rest_route=\/wp\/v2\/product"}],"about":[{"href":"https:\/\/kotlinafishing.pl\/index.php?rest_route=\/wp\/v2\/types\/product"}],"wp:featuredmedia":[{"embeddable":true,"href":"https:\/\/kotlinafishing.pl\/index.php?rest_route=\/wp\/v2\/media\/3472"}],"wp:attachment":[{"href":"https:\/\/kotlinafishing.pl\/index.php?rest_route=%2Fwp%2Fv2%2Fmedia&parent=386"}],"wp:term":[{"taxonomy":"product_brand","embeddable":true,"href":"https:\/\/kotlinafishing.pl\/index.php?rest_route=%2Fwp%2Fv2%2Fproduct_brand&post=386"},{"taxonomy":"product_cat","embeddable":true,"href":"https:\/\/kotlinafishing.pl\/index.php?rest_route=%2Fwp%2Fv2%2Fproduct_cat&post=386"},{"taxonomy":"product_tag","embeddable":true,"href":"https:\/\/kotlinafishing.pl\/index.php?rest_route=%2Fwp%2Fv2%2Fproduct_tag&post=386"}],"curies":[{"name":"wp","href":"https:\/\/api.w.org\/{rel}","templated":true}]}}