{"id":384,"date":"2025-09-02T17:18:51","date_gmt":"2025-09-02T15:18:51","guid":{"rendered":"http:\/\/kotlinafishing.pl\/?post_type=product&#038;p=384"},"modified":"2026-02-04T20:13:15","modified_gmt":"2026-02-04T19:13:15","slug":"rozpraszacz-do-ochotki-leszczomstop-1000ml","status":"publish","type":"product","link":"https:\/\/kotlinafishing.pl\/?product=rozpraszacz-do-ochotki-leszczomstop-1000ml","title":{"rendered":"Rozpraszacz do ochotki LeszczomStop 1000ml"},"content":{"rendered":"<p>Bardzo wydajny, naturalny rozpraszacz do ochotki. Powoduje rozdzielenie larw celem r\u00f3wnomiernego rozprowadzenia ich w mieszance. Rozpraszacz absorbuje nadmiern\u0105 ilo\u015b\u0107 wilgoci z larw zan\u0119towych,mo\u017cna nim osusza\u0107 bia\u0142e robaki. Pojemno\u015b\u0107 1000 ml<\/p>\n","protected":false},"excerpt":{"rendered":"<p>Bardzo wydajny, naturalny rozpraszacz do ochotki. Powoduje rozdzielenie larw celem r\u00f3wnomiernego rozprowadzenia ich w mieszance. Rozpraszacz absorbuje nadmiern\u0105 ilo\u015b\u0107 wilgoci z larw zan\u0119towych,mo\u017cna nim osusza\u0107 bia\u0142e robaki. Pojemno\u015b\u0107 1000 ml<\/p>\n","protected":false},"featured_media":2600,"template":"","meta":[],"product_brand":[139],"product_cat":[47,19,18,41],"product_tag":[],"class_list":{"0":"post-384","1":"product","2":"type-product","3":"status-publish","4":"has-post-thumbnail","6":"product_brand-leszczomstop","7":"product_cat-gliny-i-kleje","8":"product_cat-grunt","9":"product_cat-splawik","10":"product_cat-zanety-przynety-dodatki-gliny","12":"first","13":"instock","14":"shipping-taxable","15":"purchasable","16":"product-type-simple"},"_links":{"self":[{"href":"https:\/\/kotlinafishing.pl\/index.php?rest_route=\/wp\/v2\/product\/384","targetHints":{"allow":["GET"]}}],"collection":[{"href":"https:\/\/kotlinafishing.pl\/index.php?rest_route=\/wp\/v2\/product"}],"about":[{"href":"https:\/\/kotlinafishing.pl\/index.php?rest_route=\/wp\/v2\/types\/product"}],"wp:featuredmedia":[{"embeddable":true,"href":"https:\/\/kotlinafishing.pl\/index.php?rest_route=\/wp\/v2\/media\/2600"}],"wp:attachment":[{"href":"https:\/\/kotlinafishing.pl\/index.php?rest_route=%2Fwp%2Fv2%2Fmedia&parent=384"}],"wp:term":[{"taxonomy":"product_brand","embeddable":true,"href":"https:\/\/kotlinafishing.pl\/index.php?rest_route=%2Fwp%2Fv2%2Fproduct_brand&post=384"},{"taxonomy":"product_cat","embeddable":true,"href":"https:\/\/kotlinafishing.pl\/index.php?rest_route=%2Fwp%2Fv2%2Fproduct_cat&post=384"},{"taxonomy":"product_tag","embeddable":true,"href":"https:\/\/kotlinafishing.pl\/index.php?rest_route=%2Fwp%2Fv2%2Fproduct_tag&post=384"}],"curies":[{"name":"wp","href":"https:\/\/api.w.org\/{rel}","templated":true}]}}