{"id":380,"date":"2025-09-02T17:11:23","date_gmt":"2025-09-02T15:11:23","guid":{"rendered":"http:\/\/kotlinafishing.pl\/?post_type=product&#038;p=380"},"modified":"2026-02-04T20:21:29","modified_gmt":"2026-02-04T19:21:29","slug":"glina-wiazaca-leszczomstop-2kg","status":"publish","type":"product","link":"https:\/\/kotlinafishing.pl\/?product=glina-wiazaca-leszczomstop-2kg","title":{"rendered":"Glina Wi\u0105\u017c\u0105ca LeszczomStop 2kg"},"content":{"rendered":"<p><strong>Glina wi\u0105\u017c\u0105ca naturalna<\/strong> \u2013 delikatnie klej\u0105ca, drobno mielona nadaj\u0105ca si\u0119 do mieszania z zan\u0119t\u0105 oraz pozosta\u0142ymi glinami LeszczomStop. Przeznaczona do stosowania w wodach o \u015bredniej g\u0142\u0119boko\u015bci i s\u0142abym uci\u0105gu. Glina idealna do tworzenia tzw. dywanu bez nadmiernego efektu chmury.<\/p>\n","protected":false},"excerpt":{"rendered":"<p><strong>Glina wi\u0105\u017c\u0105ca naturalna<\/strong> \u2013 delikatnie klej\u0105ca, drobno mielona nadaj\u0105ca si\u0119 do mieszania z zan\u0119t\u0105 oraz pozosta\u0142ymi glinami LeszczomStop. Przeznaczona do stosowania w wodach o \u015bredniej g\u0142\u0119boko\u015bci i s\u0142abym uci\u0105gu. Glina idealna do tworzenia tzw. dywanu bez nadmiernego efektu chmury.<\/p>\n","protected":false},"featured_media":2604,"template":"","meta":[],"product_brand":[139],"product_cat":[47,19,18,41],"product_tag":[],"class_list":{"0":"post-380","1":"product","2":"type-product","3":"status-publish","4":"has-post-thumbnail","6":"product_brand-leszczomstop","7":"product_cat-gliny-i-kleje","8":"product_cat-grunt","9":"product_cat-splawik","10":"product_cat-zanety-przynety-dodatki-gliny","12":"first","13":"instock","14":"shipping-taxable","15":"purchasable","16":"product-type-simple"},"_links":{"self":[{"href":"https:\/\/kotlinafishing.pl\/index.php?rest_route=\/wp\/v2\/product\/380","targetHints":{"allow":["GET"]}}],"collection":[{"href":"https:\/\/kotlinafishing.pl\/index.php?rest_route=\/wp\/v2\/product"}],"about":[{"href":"https:\/\/kotlinafishing.pl\/index.php?rest_route=\/wp\/v2\/types\/product"}],"wp:featuredmedia":[{"embeddable":true,"href":"https:\/\/kotlinafishing.pl\/index.php?rest_route=\/wp\/v2\/media\/2604"}],"wp:attachment":[{"href":"https:\/\/kotlinafishing.pl\/index.php?rest_route=%2Fwp%2Fv2%2Fmedia&parent=380"}],"wp:term":[{"taxonomy":"product_brand","embeddable":true,"href":"https:\/\/kotlinafishing.pl\/index.php?rest_route=%2Fwp%2Fv2%2Fproduct_brand&post=380"},{"taxonomy":"product_cat","embeddable":true,"href":"https:\/\/kotlinafishing.pl\/index.php?rest_route=%2Fwp%2Fv2%2Fproduct_cat&post=380"},{"taxonomy":"product_tag","embeddable":true,"href":"https:\/\/kotlinafishing.pl\/index.php?rest_route=%2Fwp%2Fv2%2Fproduct_tag&post=380"}],"curies":[{"name":"wp","href":"https:\/\/api.w.org\/{rel}","templated":true}]}}