{"id":379,"date":"2025-09-02T17:08:33","date_gmt":"2025-09-02T15:08:33","guid":{"rendered":"http:\/\/kotlinafishing.pl\/?post_type=product&#038;p=379"},"modified":"2026-03-16T23:27:53","modified_gmt":"2026-03-16T22:27:53","slug":"glina-argile-jasna-leszczomstop-2kg","status":"publish","type":"product","link":"https:\/\/kotlinafishing.pl\/?product=glina-argile-jasna-leszczomstop-2kg","title":{"rendered":"Glina Argile Jasna LeszczomStop 2kg"},"content":{"rendered":"<p><strong>Glina Argile<\/strong> \u2013 lekka glina o du\u017cym rozdrobnieniu, s\u0142abo klej\u0105ca, tworz\u0105ca efekt dywanu oraz delikatnej chmury w \u0142owisku. Z powodzeniem u\u017cywana w mieszankach z innymi produktami LeszczomStop: z ziemiami (torfow\u0105 oraz brunatn\u0105), glinami wi\u0105\u017c\u0105cymi (naturaln\u0105, brunatn\u0105 i czarn\u0105) oraz glin\u0105 rzeczn\u0105. Wszystkie gliny Argile LeszczomStop nie s\u0105 nawil\u017cone, by u\u0142atwi\u0107 ich mieszanie i spos\u00f3b \u0142\u0105czenia z zan\u0119tami lub innymi glinami LeszczomStop. Nawil\u017cenie powoduje intensyfikacj\u0119 koloru oraz delikatnie wzmacnia stopie\u0144 kleisto\u015bci.<\/p>\n","protected":false},"excerpt":{"rendered":"<p><strong>Glina Argile<\/strong> \u2013 lekka glina o du\u017cym rozdrobnieniu, s\u0142abo klej\u0105ca, tworz\u0105ca efekt dywanu oraz delikatnej chmury w \u0142owisku. Z powodzeniem u\u017cywana w mieszankach z innymi produktami LeszczomStop: z ziemiami (torfow\u0105 oraz brunatn\u0105), glinami wi\u0105\u017c\u0105cymi (naturaln\u0105, brunatn\u0105 i czarn\u0105) oraz glin\u0105 rzeczn\u0105. Wszystkie gliny Argile LeszczomStop nie s\u0105 nawil\u017cone, by u\u0142atwi\u0107 ich mieszanie i spos\u00f3b \u0142\u0105czenia z zan\u0119tami lub innymi glinami LeszczomStop. Nawil\u017cenie powoduje intensyfikacj\u0119 koloru oraz delikatnie wzmacnia stopie\u0144 kleisto\u015bci.<\/p>\n","protected":false},"featured_media":3475,"template":"","meta":[],"product_brand":[139],"product_cat":[47,19,18,41],"product_tag":[],"class_list":{"0":"post-379","1":"product","2":"type-product","3":"status-publish","4":"has-post-thumbnail","6":"product_brand-leszczomstop","7":"product_cat-gliny-i-kleje","8":"product_cat-grunt","9":"product_cat-splawik","10":"product_cat-zanety-przynety-dodatki-gliny","12":"first","13":"instock","14":"shipping-taxable","15":"purchasable","16":"product-type-simple"},"_links":{"self":[{"href":"https:\/\/kotlinafishing.pl\/index.php?rest_route=\/wp\/v2\/product\/379","targetHints":{"allow":["GET"]}}],"collection":[{"href":"https:\/\/kotlinafishing.pl\/index.php?rest_route=\/wp\/v2\/product"}],"about":[{"href":"https:\/\/kotlinafishing.pl\/index.php?rest_route=\/wp\/v2\/types\/product"}],"wp:featuredmedia":[{"embeddable":true,"href":"https:\/\/kotlinafishing.pl\/index.php?rest_route=\/wp\/v2\/media\/3475"}],"wp:attachment":[{"href":"https:\/\/kotlinafishing.pl\/index.php?rest_route=%2Fwp%2Fv2%2Fmedia&parent=379"}],"wp:term":[{"taxonomy":"product_brand","embeddable":true,"href":"https:\/\/kotlinafishing.pl\/index.php?rest_route=%2Fwp%2Fv2%2Fproduct_brand&post=379"},{"taxonomy":"product_cat","embeddable":true,"href":"https:\/\/kotlinafishing.pl\/index.php?rest_route=%2Fwp%2Fv2%2Fproduct_cat&post=379"},{"taxonomy":"product_tag","embeddable":true,"href":"https:\/\/kotlinafishing.pl\/index.php?rest_route=%2Fwp%2Fv2%2Fproduct_tag&post=379"}],"curies":[{"name":"wp","href":"https:\/\/api.w.org\/{rel}","templated":true}]}}