{"id":378,"date":"2025-09-02T17:06:11","date_gmt":"2025-09-02T15:06:11","guid":{"rendered":"http:\/\/kotlinafishing.pl\/?post_type=product&#038;p=378"},"modified":"2026-02-04T20:20:44","modified_gmt":"2026-02-04T19:20:44","slug":"glina-double-leam-leszczomstop-2kg","status":"publish","type":"product","link":"https:\/\/kotlinafishing.pl\/?product=glina-double-leam-leszczomstop-2kg","title":{"rendered":"Glina Double Leam LeszczomStop 2kg"},"content":{"rendered":"<p><strong>Glina Double Leam<\/strong> &#8211; ci\u0119\u017cka glina wi\u0105\u017c\u0105ca o zwi\u0119kszonej kleisto\u015bci, przeznaczona m.in. do podawania wi\u0119kszej ilo\u015bci przyn\u0119t. Stworzona w proporcjach 8:1 z gliny wi\u0105\u017c\u0105cej oraz kleju mineralnego. Glina w stanie niedowil\u017conym, by ka\u017cdy w\u0119dkarz m\u00f3g\u0142 uzyska\u0107 po\u017c\u0105dan\u0105 przez siebie konsystencj\u0119, delikatnie dowil\u017caj\u0105c glin\u0119 atomizerem. Stopie\u0144 kleisto\u015bci mo\u017cna spot\u0119gowa\u0107 dodaj\u0105c klej mineralny Liant i nawil\u017caj\u0105c mieszank\u0119 podczas mieszania. Glina Double Leam idealnie nadaje si\u0119 do mieszania<br \/>\nz glin\u0105 rzeczn\u0105 LeszczomStop, w po\u0142\u0105czeniu z kt\u00f3r\u0105 tworzy ci\u0119\u017ck\u0105 mieszank\u0119 \u015bciel\u0105c\u0105 si\u0119 po dnie.<\/p>\n","protected":false},"excerpt":{"rendered":"<p><strong>Glina Double Leam<\/strong> &#8211; ci\u0119\u017cka glina wi\u0105\u017c\u0105ca o zwi\u0119kszonej kleisto\u015bci, przeznaczona m.in. do podawania wi\u0119kszej ilo\u015bci przyn\u0119t. Stworzona w proporcjach 8:1 z gliny wi\u0105\u017c\u0105cej oraz kleju mineralnego. Glina w stanie niedowil\u017conym, by ka\u017cdy w\u0119dkarz m\u00f3g\u0142 uzyska\u0107 po\u017c\u0105dan\u0105 przez siebie konsystencj\u0119, delikatnie dowil\u017caj\u0105c glin\u0119 atomizerem. Stopie\u0144 kleisto\u015bci mo\u017cna spot\u0119gowa\u0107 dodaj\u0105c klej mineralny Liant i nawil\u017caj\u0105c mieszank\u0119 podczas mieszania. Glina Double Leam idealnie nadaje si\u0119 do mieszania<br \/>\nz glin\u0105 rzeczn\u0105 LeszczomStop, w po\u0142\u0105czeniu z kt\u00f3r\u0105 tworzy ci\u0119\u017ck\u0105 mieszank\u0119 \u015bciel\u0105c\u0105 si\u0119 po dnie.<\/p>\n","protected":false},"featured_media":2603,"template":"","meta":[],"product_brand":[139],"product_cat":[47,19,18,41],"product_tag":[],"class_list":{"0":"post-378","1":"product","2":"type-product","3":"status-publish","4":"has-post-thumbnail","6":"product_brand-leszczomstop","7":"product_cat-gliny-i-kleje","8":"product_cat-grunt","9":"product_cat-splawik","10":"product_cat-zanety-przynety-dodatki-gliny","12":"first","13":"instock","14":"shipping-taxable","15":"purchasable","16":"product-type-simple"},"_links":{"self":[{"href":"https:\/\/kotlinafishing.pl\/index.php?rest_route=\/wp\/v2\/product\/378","targetHints":{"allow":["GET"]}}],"collection":[{"href":"https:\/\/kotlinafishing.pl\/index.php?rest_route=\/wp\/v2\/product"}],"about":[{"href":"https:\/\/kotlinafishing.pl\/index.php?rest_route=\/wp\/v2\/types\/product"}],"wp:featuredmedia":[{"embeddable":true,"href":"https:\/\/kotlinafishing.pl\/index.php?rest_route=\/wp\/v2\/media\/2603"}],"wp:attachment":[{"href":"https:\/\/kotlinafishing.pl\/index.php?rest_route=%2Fwp%2Fv2%2Fmedia&parent=378"}],"wp:term":[{"taxonomy":"product_brand","embeddable":true,"href":"https:\/\/kotlinafishing.pl\/index.php?rest_route=%2Fwp%2Fv2%2Fproduct_brand&post=378"},{"taxonomy":"product_cat","embeddable":true,"href":"https:\/\/kotlinafishing.pl\/index.php?rest_route=%2Fwp%2Fv2%2Fproduct_cat&post=378"},{"taxonomy":"product_tag","embeddable":true,"href":"https:\/\/kotlinafishing.pl\/index.php?rest_route=%2Fwp%2Fv2%2Fproduct_tag&post=378"}],"curies":[{"name":"wp","href":"https:\/\/api.w.org\/{rel}","templated":true}]}}