{"id":373,"date":"2025-09-02T16:59:14","date_gmt":"2025-09-02T14:59:14","guid":{"rendered":"http:\/\/kotlinafishing.pl\/?post_type=product&#038;p=373"},"modified":"2026-02-04T20:30:28","modified_gmt":"2026-02-04T19:30:28","slug":"glina-rzeczna-2kg","status":"publish","type":"product","link":"https:\/\/kotlinafishing.pl\/?product=glina-rzeczna-2kg","title":{"rendered":"Glina Rzeczna LeszczomStop 2kg"},"content":{"rendered":"<p><strong>Glina Rzeczna<\/strong> &#8211; najci\u0119\u017csza z proponowanych przez nas glin. Naturalna glina bez dodatku kleju, bez efektu smu\u017cenia, d\u0142ugo utrzymuje form\u0119 kuli pod wod\u0105 nawet przy du\u017cych uci\u0105gach.<br \/>\nW po\u0142\u0105czeniu z zan\u0119tami rzecznymi mocno je doci\u0105\u017ca i klei.<br \/>\nZ powodzeniem stosowana r\u00f3wnie\u017c w wodach stoj\u0105cych, g\u0142\u0119bokich \u0142owiskach o twardym dnie.<\/p>\n","protected":false},"excerpt":{"rendered":"<p><strong>Glina Rzeczna<\/strong> &#8211; najci\u0119\u017csza z proponowanych przez nas glin. Naturalna glina bez dodatku kleju, bez efektu smu\u017cenia, d\u0142ugo utrzymuje form\u0119 kuli pod wod\u0105 nawet przy du\u017cych uci\u0105gach.<br \/>\nW po\u0142\u0105czeniu z zan\u0119tami rzecznymi mocno je doci\u0105\u017ca i klei.<br \/>\nZ powodzeniem stosowana r\u00f3wnie\u017c w wodach stoj\u0105cych, g\u0142\u0119bokich \u0142owiskach o twardym dnie.<\/p>\n","protected":false},"featured_media":2607,"template":"","meta":[],"product_brand":[139],"product_cat":[47,19,18,41],"product_tag":[],"class_list":{"0":"post-373","1":"product","2":"type-product","3":"status-publish","4":"has-post-thumbnail","6":"product_brand-leszczomstop","7":"product_cat-gliny-i-kleje","8":"product_cat-grunt","9":"product_cat-splawik","10":"product_cat-zanety-przynety-dodatki-gliny","12":"first","13":"instock","14":"shipping-taxable","15":"purchasable","16":"product-type-simple"},"_links":{"self":[{"href":"https:\/\/kotlinafishing.pl\/index.php?rest_route=\/wp\/v2\/product\/373","targetHints":{"allow":["GET"]}}],"collection":[{"href":"https:\/\/kotlinafishing.pl\/index.php?rest_route=\/wp\/v2\/product"}],"about":[{"href":"https:\/\/kotlinafishing.pl\/index.php?rest_route=\/wp\/v2\/types\/product"}],"wp:featuredmedia":[{"embeddable":true,"href":"https:\/\/kotlinafishing.pl\/index.php?rest_route=\/wp\/v2\/media\/2607"}],"wp:attachment":[{"href":"https:\/\/kotlinafishing.pl\/index.php?rest_route=%2Fwp%2Fv2%2Fmedia&parent=373"}],"wp:term":[{"taxonomy":"product_brand","embeddable":true,"href":"https:\/\/kotlinafishing.pl\/index.php?rest_route=%2Fwp%2Fv2%2Fproduct_brand&post=373"},{"taxonomy":"product_cat","embeddable":true,"href":"https:\/\/kotlinafishing.pl\/index.php?rest_route=%2Fwp%2Fv2%2Fproduct_cat&post=373"},{"taxonomy":"product_tag","embeddable":true,"href":"https:\/\/kotlinafishing.pl\/index.php?rest_route=%2Fwp%2Fv2%2Fproduct_tag&post=373"}],"curies":[{"name":"wp","href":"https:\/\/api.w.org\/{rel}","templated":true}]}}