{"id":3724,"date":"2026-04-09T10:55:49","date_gmt":"2026-04-09T08:55:49","guid":{"rendered":"https:\/\/kotlinafishing.pl\/?post_type=product&#038;p=3724"},"modified":"2026-04-09T11:02:38","modified_gmt":"2026-04-09T09:02:38","slug":"foremka-xl-mikado-fioletowa","status":"publish","type":"product","link":"https:\/\/kotlinafishing.pl\/?product=foremka-xl-mikado-fioletowa","title":{"rendered":"Foremka XL Mikado &#8211; fioletowa"},"content":{"rendered":"<p>Foremka do nape\u0142niania podajnik\u00f3w method feeder. Wystarczy u\u0142o\u017cy\u0107 nasz\u0105 przyn\u0119t\u0119 wraz z hakiem na \u015brodku, przysypa\u0107 zan\u0119t\u0105 b\u0105d\u017a pelletem i docisn\u0105\u0107 koszykiem. Zan\u0119ta idealnie oblepia podajnik, a przyn\u0119ta pozostaje na wierzchu zan\u0119towej g\u00f3rki.<\/p>\n","protected":false},"excerpt":{"rendered":"<p>Foremka do nape\u0142niania podajnik\u00f3w method feeder. Wystarczy u\u0142o\u017cy\u0107 nasz\u0105 przyn\u0119t\u0119 wraz z hakiem na \u015brodku, przysypa\u0107 zan\u0119t\u0105 b\u0105d\u017a pelletem i docisn\u0105\u0107 koszykiem. Zan\u0119ta idealnie oblepia podajnik, a przyn\u0119ta pozostaje na wierzchu zan\u0119towej g\u00f3rki.<\/p>\n","protected":false},"featured_media":3725,"template":"","meta":[],"product_brand":[22],"product_cat":[57,34,19],"product_tag":[],"class_list":{"0":"post-3724","1":"product","2":"type-product","3":"status-publish","4":"has-post-thumbnail","6":"product_brand-mikado","7":"product_cat-foremki","8":"product_cat-koszyczki-podajniki-foremki","9":"product_cat-grunt","11":"first","12":"instock","13":"shipping-taxable","14":"purchasable","15":"product-type-simple"},"_links":{"self":[{"href":"https:\/\/kotlinafishing.pl\/index.php?rest_route=\/wp\/v2\/product\/3724","targetHints":{"allow":["GET"]}}],"collection":[{"href":"https:\/\/kotlinafishing.pl\/index.php?rest_route=\/wp\/v2\/product"}],"about":[{"href":"https:\/\/kotlinafishing.pl\/index.php?rest_route=\/wp\/v2\/types\/product"}],"wp:featuredmedia":[{"embeddable":true,"href":"https:\/\/kotlinafishing.pl\/index.php?rest_route=\/wp\/v2\/media\/3725"}],"wp:attachment":[{"href":"https:\/\/kotlinafishing.pl\/index.php?rest_route=%2Fwp%2Fv2%2Fmedia&parent=3724"}],"wp:term":[{"taxonomy":"product_brand","embeddable":true,"href":"https:\/\/kotlinafishing.pl\/index.php?rest_route=%2Fwp%2Fv2%2Fproduct_brand&post=3724"},{"taxonomy":"product_cat","embeddable":true,"href":"https:\/\/kotlinafishing.pl\/index.php?rest_route=%2Fwp%2Fv2%2Fproduct_cat&post=3724"},{"taxonomy":"product_tag","embeddable":true,"href":"https:\/\/kotlinafishing.pl\/index.php?rest_route=%2Fwp%2Fv2%2Fproduct_tag&post=3724"}],"curies":[{"name":"wp","href":"https:\/\/api.w.org\/{rel}","templated":true}]}}