{"id":3710,"date":"2026-04-09T09:07:08","date_gmt":"2026-04-09T07:07:08","guid":{"rendered":"https:\/\/kotlinafishing.pl\/?post_type=product&#038;p=3710"},"modified":"2026-04-09T09:08:19","modified_gmt":"2026-04-09T07:08:19","slug":"koszyczek-zanetowy-t3-distance-feeder-mikado-rozm-m-50g","status":"publish","type":"product","link":"https:\/\/kotlinafishing.pl\/?product=koszyczek-zanetowy-t3-distance-feeder-mikado-rozm-m-50g","title":{"rendered":"Koszyczek zan\u0119towy T3 Distance Feeder Mikado rozm. M 50g"},"content":{"rendered":"<p>Profesjonalny koszyczek do po\u0142ow\u00f3w wyczynowych na dystansie. Wybierany g\u0142\u00f3wnie podczas zawod\u00f3w na wodach stoj\u0105cych, przy po\u0142owie daleko od brzegu. Wykonany z twardej siatki i obci\u0105\u017ceniem skupionym na ko\u0144cu koszyczka. Wyposa\u017cony w \u0142\u0105cznik z linki.<\/p>\n<p><strong>Rozmiar:<\/strong> M<\/p>\n<p><strong>Waga:<\/strong> 50g<\/p>\n","protected":false},"excerpt":{"rendered":"<p>Profesjonalny koszyczek do po\u0142ow\u00f3w wyczynowych na dystansie. Wybierany g\u0142\u00f3wnie podczas zawod\u00f3w na wodach stoj\u0105cych, przy po\u0142owie daleko od brzegu. Wykonany z twardej siatki i obci\u0105\u017ceniem skupionym na ko\u0144cu koszyczka. Wyposa\u017cony w \u0142\u0105cznik z linki.<\/p>\n<p><strong>Rozmiar:<\/strong> M<\/p>\n<p><strong>Waga:<\/strong> 50g<\/p>\n","protected":false},"featured_media":3706,"template":"","meta":[],"product_brand":[22],"product_cat":[54,34,19],"product_tag":[],"class_list":{"0":"post-3710","1":"product","2":"type-product","3":"status-publish","4":"has-post-thumbnail","6":"product_brand-mikado","7":"product_cat-koszyczki-klasyczny-feeder","8":"product_cat-koszyczki-podajniki-foremki","9":"product_cat-grunt","11":"first","12":"instock","13":"shipping-taxable","14":"purchasable","15":"product-type-simple"},"_links":{"self":[{"href":"https:\/\/kotlinafishing.pl\/index.php?rest_route=\/wp\/v2\/product\/3710","targetHints":{"allow":["GET"]}}],"collection":[{"href":"https:\/\/kotlinafishing.pl\/index.php?rest_route=\/wp\/v2\/product"}],"about":[{"href":"https:\/\/kotlinafishing.pl\/index.php?rest_route=\/wp\/v2\/types\/product"}],"wp:featuredmedia":[{"embeddable":true,"href":"https:\/\/kotlinafishing.pl\/index.php?rest_route=\/wp\/v2\/media\/3706"}],"wp:attachment":[{"href":"https:\/\/kotlinafishing.pl\/index.php?rest_route=%2Fwp%2Fv2%2Fmedia&parent=3710"}],"wp:term":[{"taxonomy":"product_brand","embeddable":true,"href":"https:\/\/kotlinafishing.pl\/index.php?rest_route=%2Fwp%2Fv2%2Fproduct_brand&post=3710"},{"taxonomy":"product_cat","embeddable":true,"href":"https:\/\/kotlinafishing.pl\/index.php?rest_route=%2Fwp%2Fv2%2Fproduct_cat&post=3710"},{"taxonomy":"product_tag","embeddable":true,"href":"https:\/\/kotlinafishing.pl\/index.php?rest_route=%2Fwp%2Fv2%2Fproduct_tag&post=3710"}],"curies":[{"name":"wp","href":"https:\/\/api.w.org\/{rel}","templated":true}]}}