{"id":371,"date":"2025-09-02T16:35:21","date_gmt":"2025-09-02T14:35:21","guid":{"rendered":"http:\/\/kotlinafishing.pl\/?post_type=product&#038;p=371"},"modified":"2026-02-04T20:14:58","modified_gmt":"2026-02-04T19:14:58","slug":"glina-wiazaca-czarna-leszczomstop-2kg","status":"publish","type":"product","link":"https:\/\/kotlinafishing.pl\/?product=glina-wiazaca-czarna-leszczomstop-2kg","title":{"rendered":"Glina Wi\u0105\u017c\u0105ca Czarna LeszczomStop 2kg"},"content":{"rendered":"<p><strong>Glina wi\u0105\u017c\u0105ca czarna<\/strong> \u2013 bardzo dobrze klej\u0105ca, naturalnie czarna nadaj\u0105ca si\u0119 do mieszania z zan\u0119t\u0105 oraz pozosta\u0142ymi glinami LeszczomStop \u2013 szczeg\u00f3lnie z glin\u0105 argille czarn\u0105. Przeznaczona do po\u0142owu du\u017cych ostro\u017cnych ryb w wodach o \u015bredniej i du\u017cej g\u0142\u0119boko\u015bci oraz \u015brednim uci\u0105gu. Jej naturalny czarny kolor, du\u017ca kleisto\u015b\u0107 umo\u017cliwia podanie bardzo du\u017cej ilo\u015bci przyn\u0119t w stosunkowo niewielkiej kuli, co skutecznie wabi i utrzymuje w \u0142owisku najstarsze roczniki ryb.<\/p>\n","protected":false},"excerpt":{"rendered":"<p><strong>Glina wi\u0105\u017c\u0105ca czarna<\/strong> \u2013 bardzo dobrze klej\u0105ca, naturalnie czarna nadaj\u0105ca si\u0119 do mieszania z zan\u0119t\u0105 oraz pozosta\u0142ymi glinami LeszczomStop \u2013 szczeg\u00f3lnie z glin\u0105 argille czarn\u0105. Przeznaczona do po\u0142owu du\u017cych ostro\u017cnych ryb w wodach o \u015bredniej i du\u017cej g\u0142\u0119boko\u015bci oraz \u015brednim uci\u0105gu. Jej naturalny czarny kolor, du\u017ca kleisto\u015b\u0107 umo\u017cliwia podanie bardzo du\u017cej ilo\u015bci przyn\u0119t w stosunkowo niewielkiej kuli, co skutecznie wabi i utrzymuje w \u0142owisku najstarsze roczniki ryb.<\/p>\n","protected":false},"featured_media":2601,"template":"","meta":[],"product_brand":[139],"product_cat":[47,19,18,41],"product_tag":[],"class_list":{"0":"post-371","1":"product","2":"type-product","3":"status-publish","4":"has-post-thumbnail","6":"product_brand-leszczomstop","7":"product_cat-gliny-i-kleje","8":"product_cat-grunt","9":"product_cat-splawik","10":"product_cat-zanety-przynety-dodatki-gliny","12":"first","13":"instock","14":"shipping-taxable","15":"purchasable","16":"product-type-simple"},"_links":{"self":[{"href":"https:\/\/kotlinafishing.pl\/index.php?rest_route=\/wp\/v2\/product\/371","targetHints":{"allow":["GET"]}}],"collection":[{"href":"https:\/\/kotlinafishing.pl\/index.php?rest_route=\/wp\/v2\/product"}],"about":[{"href":"https:\/\/kotlinafishing.pl\/index.php?rest_route=\/wp\/v2\/types\/product"}],"wp:featuredmedia":[{"embeddable":true,"href":"https:\/\/kotlinafishing.pl\/index.php?rest_route=\/wp\/v2\/media\/2601"}],"wp:attachment":[{"href":"https:\/\/kotlinafishing.pl\/index.php?rest_route=%2Fwp%2Fv2%2Fmedia&parent=371"}],"wp:term":[{"taxonomy":"product_brand","embeddable":true,"href":"https:\/\/kotlinafishing.pl\/index.php?rest_route=%2Fwp%2Fv2%2Fproduct_brand&post=371"},{"taxonomy":"product_cat","embeddable":true,"href":"https:\/\/kotlinafishing.pl\/index.php?rest_route=%2Fwp%2Fv2%2Fproduct_cat&post=371"},{"taxonomy":"product_tag","embeddable":true,"href":"https:\/\/kotlinafishing.pl\/index.php?rest_route=%2Fwp%2Fv2%2Fproduct_tag&post=371"}],"curies":[{"name":"wp","href":"https:\/\/api.w.org\/{rel}","templated":true}]}}