{"id":3703,"date":"2026-04-09T08:47:40","date_gmt":"2026-04-09T06:47:40","guid":{"rendered":"https:\/\/kotlinafishing.pl\/?post_type=product&#038;p=3703"},"modified":"2026-04-09T08:48:46","modified_gmt":"2026-04-09T06:48:46","slug":"koszyczek-zanetowy-t1-cage-feeder-mikado-rozm-l-20g","status":"publish","type":"product","link":"https:\/\/kotlinafishing.pl\/?product=koszyczek-zanetowy-t1-cage-feeder-mikado-rozm-l-20g","title":{"rendered":"Koszyczek zan\u0119towy T1 Cage Feeder Mikado rozm. L 20g"},"content":{"rendered":"<p>Wyczynowy, okr\u0105g\u0142y koszyk do w\u0119dkowania g\u0142\u00f3wnie w wodach stoj\u0105cych. Wykonany z bardzo twardej i wytrzyma\u0142ej, metalowej siatki oraz wyko\u0144czony link\u0105 w postaci \u0142\u0105cznika. Dost\u0119pny w 3 rozmiarach idealnie pasuj\u0105cych do wi\u0119kszo\u015bci \u0142owisk.<\/p>\n<p><strong>Rozmiar:<\/strong> L<\/p>\n<p><strong>Waga:<\/strong> 20g<\/p>\n","protected":false},"excerpt":{"rendered":"<p>Wyczynowy, okr\u0105g\u0142y koszyk do w\u0119dkowania g\u0142\u00f3wnie w wodach stoj\u0105cych. Wykonany z bardzo twardej i wytrzyma\u0142ej, metalowej siatki oraz wyko\u0144czony link\u0105 w postaci \u0142\u0105cznika. Dost\u0119pny w 3 rozmiarach idealnie pasuj\u0105cych do wi\u0119kszo\u015bci \u0142owisk.<\/p>\n<p><strong>Rozmiar:<\/strong> L<\/p>\n<p><strong>Waga:<\/strong> 20g<\/p>\n","protected":false},"featured_media":3358,"template":"","meta":[],"product_brand":[22],"product_cat":[54,34,19],"product_tag":[],"class_list":{"0":"post-3703","1":"product","2":"type-product","3":"status-publish","4":"has-post-thumbnail","6":"product_brand-mikado","7":"product_cat-koszyczki-klasyczny-feeder","8":"product_cat-koszyczki-podajniki-foremki","9":"product_cat-grunt","11":"first","12":"instock","13":"shipping-taxable","14":"purchasable","15":"product-type-simple"},"_links":{"self":[{"href":"https:\/\/kotlinafishing.pl\/index.php?rest_route=\/wp\/v2\/product\/3703","targetHints":{"allow":["GET"]}}],"collection":[{"href":"https:\/\/kotlinafishing.pl\/index.php?rest_route=\/wp\/v2\/product"}],"about":[{"href":"https:\/\/kotlinafishing.pl\/index.php?rest_route=\/wp\/v2\/types\/product"}],"wp:featuredmedia":[{"embeddable":true,"href":"https:\/\/kotlinafishing.pl\/index.php?rest_route=\/wp\/v2\/media\/3358"}],"wp:attachment":[{"href":"https:\/\/kotlinafishing.pl\/index.php?rest_route=%2Fwp%2Fv2%2Fmedia&parent=3703"}],"wp:term":[{"taxonomy":"product_brand","embeddable":true,"href":"https:\/\/kotlinafishing.pl\/index.php?rest_route=%2Fwp%2Fv2%2Fproduct_brand&post=3703"},{"taxonomy":"product_cat","embeddable":true,"href":"https:\/\/kotlinafishing.pl\/index.php?rest_route=%2Fwp%2Fv2%2Fproduct_cat&post=3703"},{"taxonomy":"product_tag","embeddable":true,"href":"https:\/\/kotlinafishing.pl\/index.php?rest_route=%2Fwp%2Fv2%2Fproduct_tag&post=3703"}],"curies":[{"name":"wp","href":"https:\/\/api.w.org\/{rel}","templated":true}]}}