{"id":370,"date":"2025-09-02T16:33:58","date_gmt":"2025-09-02T14:33:58","guid":{"rendered":"http:\/\/kotlinafishing.pl\/?post_type=product&#038;p=370"},"modified":"2026-02-04T20:35:22","modified_gmt":"2026-02-04T19:35:22","slug":"glina-klubowa-river-leszczomstop-2kg","status":"publish","type":"product","link":"https:\/\/kotlinafishing.pl\/?product=glina-klubowa-river-leszczomstop-2kg","title":{"rendered":"Glina Klubowa River LeszczomStop 2kg"},"content":{"rendered":"<p>Glina Klubowa RIVER jest to ci\u0119\u017cka, dobrze klej\u0105ca mieszanka, kt\u00f3ra nie powoduje efektu chmury, \u015bwietnie koncentruje ryby w polu n\u0119cenia. Jej NATURALNY czarny kolor, uzupe\u0142niony dodatkami pobudzaj\u0105cymi do \u017cerowania i zainteresowania przyn\u0119tami nawet najbardziej ostro\u017cne i nieufne gatunki ryb.<\/p>\n<p>Stopie\u0144 spoisto\u015bci mo\u017cemy uzyska\u0107 w g\u0142\u00f3wnej mierze za pomoc\u0105 wody, kt\u00f3rej u\u017cycie w ma\u0142ej ilo\u015bci pozwoli nam \u0142owi\u0105c metod\u0105 sp\u0142awikow\u0105 utworzy\u0107 dywan, przy metodzie feeder na szybkie rozmycie kuli\/wa\u0142ka lub przy mocniejszym nawil\u017ceniu podanie w obydwu metodach du\u017cej ilo\u015bci robak\u00f3w w niewielkiej kuli\/koszyczku. Na dnie tworzy naturaln\u0105 czarn\u0105 plam\u0119 wyra\u017anie eksponuj\u0105c\u0105 przyn\u0119ty zan\u0119towe oraz nasz\u0105 przyn\u0119t\u0119 na haczyku.<\/p>\n<p>\u015awietnie nadaje si\u0119 do \u0142owienia du\u017cych, ostro\u017cnych ryb kt\u00f3re ch\u0119tnie wp\u0142ywaj\u0105 w pole n\u0119cenia. Szczeg\u00f3lnie polecana przy po\u0142owie du\u017cych leszczy jak r\u00f3wnie\u017c p\u0142oci. Zmieszana z ciemn\u0105 zan\u0119t\u0105 jest bardzo skuteczna w ch\u0142odnych porach roku<\/p>\n","protected":false},"excerpt":{"rendered":"<p>Glina Klubowa RIVER jest to ci\u0119\u017cka, dobrze klej\u0105ca mieszanka, kt\u00f3ra nie powoduje efektu chmury, \u015bwietnie koncentruje ryby w polu n\u0119cenia. Jej NATURALNY czarny kolor, uzupe\u0142niony dodatkami pobudzaj\u0105cymi do \u017cerowania i zainteresowania przyn\u0119tami nawet najbardziej ostro\u017cne i nieufne gatunki ryb.<\/p>\n","protected":false},"featured_media":2609,"template":"","meta":[],"product_brand":[139],"product_cat":[47,19,18,41],"product_tag":[],"class_list":{"0":"post-370","1":"product","2":"type-product","3":"status-publish","4":"has-post-thumbnail","6":"product_brand-leszczomstop","7":"product_cat-gliny-i-kleje","8":"product_cat-grunt","9":"product_cat-splawik","10":"product_cat-zanety-przynety-dodatki-gliny","12":"first","13":"instock","14":"shipping-taxable","15":"purchasable","16":"product-type-simple"},"_links":{"self":[{"href":"https:\/\/kotlinafishing.pl\/index.php?rest_route=\/wp\/v2\/product\/370","targetHints":{"allow":["GET"]}}],"collection":[{"href":"https:\/\/kotlinafishing.pl\/index.php?rest_route=\/wp\/v2\/product"}],"about":[{"href":"https:\/\/kotlinafishing.pl\/index.php?rest_route=\/wp\/v2\/types\/product"}],"wp:featuredmedia":[{"embeddable":true,"href":"https:\/\/kotlinafishing.pl\/index.php?rest_route=\/wp\/v2\/media\/2609"}],"wp:attachment":[{"href":"https:\/\/kotlinafishing.pl\/index.php?rest_route=%2Fwp%2Fv2%2Fmedia&parent=370"}],"wp:term":[{"taxonomy":"product_brand","embeddable":true,"href":"https:\/\/kotlinafishing.pl\/index.php?rest_route=%2Fwp%2Fv2%2Fproduct_brand&post=370"},{"taxonomy":"product_cat","embeddable":true,"href":"https:\/\/kotlinafishing.pl\/index.php?rest_route=%2Fwp%2Fv2%2Fproduct_cat&post=370"},{"taxonomy":"product_tag","embeddable":true,"href":"https:\/\/kotlinafishing.pl\/index.php?rest_route=%2Fwp%2Fv2%2Fproduct_tag&post=370"}],"curies":[{"name":"wp","href":"https:\/\/api.w.org\/{rel}","templated":true}]}}