{"id":369,"date":"2025-09-02T16:31:39","date_gmt":"2025-09-02T14:31:39","guid":{"rendered":"http:\/\/kotlinafishing.pl\/?post_type=product&#038;p=369"},"modified":"2026-03-16T23:28:18","modified_gmt":"2026-03-16T22:28:18","slug":"ziemia-torfowa-leszczomstop-15kg","status":"publish","type":"product","link":"https:\/\/kotlinafishing.pl\/?product=ziemia-torfowa-leszczomstop-15kg","title":{"rendered":"Ziemia Torfowa LeszczomStop 1,5kg"},"content":{"rendered":"<p><strong>Ziemia torfowa<\/strong> \u2013 bardzo lekka ziemia o czarnym naturalnym kolorze, najl\u017cejsza z dost\u0119pnych na rynku. Stosowana<br \/>\nw \u0142owiskach o mulistym, mi\u0119kkim dnie. Po dodaniu do zan\u0119ty lub gliny zdecydowanie zmniejsza ich ci\u0119\u017car oraz naturalnie przyciemnia mieszank\u0119. Niedoci\u015bni\u0119ta kula z gliny wrzucona do wody powoduje powstanie efektu chmury, kt\u00f3ry szczeg\u00f3lnie wabi drobne ryby w czystych wodach, stwarzaj\u0105c im \u015brodowisko, w kt\u00f3rym czuj\u0105 si\u0119 bezpiecznie.<\/p>\n","protected":false},"excerpt":{"rendered":"<p>Ziemia torfowa \u2013 bardzo lekka ziemia o czarnym naturalnym kolorze, najl\u017cejsza z dost\u0119pnych na rynku. Stosowana w \u0142owiskach o mulistym, mi\u0119kkim dnie. Po dodaniu do zan\u0119ty lub gliny zdecydowanie zmniejsza ich ci\u0119\u017car oraz naturalnie przyciemnia mieszank\u0119. Niedoci\u015bni\u0119ta kula z gliny wrzucona do wody powoduje powstanie efektu chmury, kt\u00f3ry szczeg\u00f3lnie wabi drobne ryby w czystych wodach,&hellip;<\/p>\n","protected":false},"featured_media":0,"template":"","meta":[],"product_brand":[139],"product_cat":[47,18,41],"product_tag":[],"class_list":{"0":"post-369","1":"product","2":"type-product","3":"status-publish","5":"product_brand-leszczomstop","6":"product_cat-gliny-i-kleje","7":"product_cat-splawik","8":"product_cat-zanety-przynety-dodatki-gliny","10":"first","11":"instock","12":"shipping-taxable","13":"purchasable","14":"product-type-simple"},"_links":{"self":[{"href":"https:\/\/kotlinafishing.pl\/index.php?rest_route=\/wp\/v2\/product\/369","targetHints":{"allow":["GET"]}}],"collection":[{"href":"https:\/\/kotlinafishing.pl\/index.php?rest_route=\/wp\/v2\/product"}],"about":[{"href":"https:\/\/kotlinafishing.pl\/index.php?rest_route=\/wp\/v2\/types\/product"}],"wp:attachment":[{"href":"https:\/\/kotlinafishing.pl\/index.php?rest_route=%2Fwp%2Fv2%2Fmedia&parent=369"}],"wp:term":[{"taxonomy":"product_brand","embeddable":true,"href":"https:\/\/kotlinafishing.pl\/index.php?rest_route=%2Fwp%2Fv2%2Fproduct_brand&post=369"},{"taxonomy":"product_cat","embeddable":true,"href":"https:\/\/kotlinafishing.pl\/index.php?rest_route=%2Fwp%2Fv2%2Fproduct_cat&post=369"},{"taxonomy":"product_tag","embeddable":true,"href":"https:\/\/kotlinafishing.pl\/index.php?rest_route=%2Fwp%2Fv2%2Fproduct_tag&post=369"}],"curies":[{"name":"wp","href":"https:\/\/api.w.org\/{rel}","templated":true}]}}