{"id":3671,"date":"2026-04-03T16:12:09","date_gmt":"2026-04-03T14:12:09","guid":{"rendered":"https:\/\/kotlinafishing.pl\/?post_type=product&#038;p=3671"},"modified":"2026-04-03T18:38:23","modified_gmt":"2026-04-03T16:38:23","slug":"pijawka-rybia-m-r-baits-45mm-biala","status":"publish","type":"product","link":"https:\/\/kotlinafishing.pl\/?product=pijawka-rybia-m-r-baits-45mm-biala","title":{"rendered":"Pijawka rybia M.R. Baits 45mm bia\u0142a 1szt."},"content":{"rendered":"<p>Pijawka rybia wykonana jest z mi\u0119kkiego, p\u0142ywaj\u0105cego materia\u0142u. Jest idealn\u0105 przyn\u0119ta do \u0142owienia ryb drapie\u017cnych oraz bia\u0142orybu. Metody zbrojenia: drop shot, czeburaszka, g\u0142\u00f3wka jigowa, ned rig, boczny trok, carolina rig, jig rig. Zaleca si\u0119 u\u017cywania hak\u00f3w w rozmiarach #4 &#8211; #8. D\u0142ugo\u015b\u0107 przyn\u0119ty 45 mm. Waga 0,4 grama.<\/p>\n","protected":false},"excerpt":{"rendered":"<p>Pijawka rybia wykonana jest z mi\u0119kkiego, p\u0142ywaj\u0105cego materia\u0142u. Jest idealn\u0105 przyn\u0119ta do \u0142owienia ryb drapie\u017cnych oraz bia\u0142orybu. Metody zbrojenia: drop shot, czeburaszka, g\u0142\u00f3wka jigowa, ned rig, boczny trok, carolina rig, jig rig. Zaleca si\u0119 u\u017cywania hak\u00f3w w rozmiarach #4 &#8211; #8. D\u0142ugo\u015b\u0107 przyn\u0119ty 45 mm. Waga 0,4 grama.<\/p>\n","protected":false},"featured_media":3692,"template":"","meta":[],"product_brand":[229],"product_cat":[195,251,194,21],"product_tag":[],"class_list":{"0":"post-3671","1":"product","2":"type-product","3":"status-publish","4":"has-post-thumbnail","6":"product_brand-m-r-baits","7":"product_cat-gumy","8":"product_cat-imitacje-robakow","9":"product_cat-przynety-spinningowe","10":"product_cat-spinning","11":"pa_dlugosc-45mm","13":"first","14":"instock","15":"shipping-taxable","16":"purchasable","17":"product-type-simple"},"_links":{"self":[{"href":"https:\/\/kotlinafishing.pl\/index.php?rest_route=\/wp\/v2\/product\/3671","targetHints":{"allow":["GET"]}}],"collection":[{"href":"https:\/\/kotlinafishing.pl\/index.php?rest_route=\/wp\/v2\/product"}],"about":[{"href":"https:\/\/kotlinafishing.pl\/index.php?rest_route=\/wp\/v2\/types\/product"}],"wp:featuredmedia":[{"embeddable":true,"href":"https:\/\/kotlinafishing.pl\/index.php?rest_route=\/wp\/v2\/media\/3692"}],"wp:attachment":[{"href":"https:\/\/kotlinafishing.pl\/index.php?rest_route=%2Fwp%2Fv2%2Fmedia&parent=3671"}],"wp:term":[{"taxonomy":"product_brand","embeddable":true,"href":"https:\/\/kotlinafishing.pl\/index.php?rest_route=%2Fwp%2Fv2%2Fproduct_brand&post=3671"},{"taxonomy":"product_cat","embeddable":true,"href":"https:\/\/kotlinafishing.pl\/index.php?rest_route=%2Fwp%2Fv2%2Fproduct_cat&post=3671"},{"taxonomy":"product_tag","embeddable":true,"href":"https:\/\/kotlinafishing.pl\/index.php?rest_route=%2Fwp%2Fv2%2Fproduct_tag&post=3671"}],"curies":[{"name":"wp","href":"https:\/\/api.w.org\/{rel}","templated":true}]}}