{"id":3652,"date":"2026-04-02T17:01:16","date_gmt":"2026-04-02T15:01:16","guid":{"rendered":"https:\/\/kotlinafishing.pl\/?post_type=product&#038;p=3652"},"modified":"2026-04-03T17:04:43","modified_gmt":"2026-04-03T15:04:43","slug":"top-dumbels-sinking-7mm-ryba-matchpro-op-25g","status":"publish","type":"product","link":"https:\/\/kotlinafishing.pl\/?product=top-dumbels-sinking-7mm-ryba-matchpro-op-25g","title":{"rendered":"Top Dumbels Sinking 7mm Ryba MatchPro (op. 25g)"},"content":{"rendered":"<p>Seria najwy\u017cszej jako\u015bci przyn\u0119t o kszta\u0142cie wa\u0142ka (dumbells) w rozmiarze 7mm. D\u0142ugie i intensywne testy tych przyn\u0119t pozwoli\u0142y dopracowa\u0107 ich sk\u0142ad i w\u0142a\u015bciwo\u015bci tak aby by\u0142y bardzo skuteczne w ka\u017cdych warunkach. To co wyr\u00f3\u017cnia Matchpro Top Dumbells to idealna mi\u0119kko\u015b\u0107, dzi\u0119ki kt\u00f3rej ryby pewnie j\u0105 pobieraj\u0105. Wyj\u0105tkowa lekko\u015b\u0107 przyn\u0119ty zapewnia bardzo naturalne zachowanie si\u0119 w wodzie co niezwykle podnosi skuteczno\u015b\u0107 \u0142owienia. Top Matchpro Dumbells s\u0105 bardzo aromatyczne, oddaj\u0105c przez d\u0142ugi czas r\u00f3wnomiernie aromat w wodzie co przek\u0142ada si\u0119 na du\u017c\u0105 ilo\u015b\u0107 bra\u0144. R\u00f3\u017cnorodno\u015b\u0107 smak\u00f3w i kolor\u00f3w pozwala dopasowa\u0107 si\u0119 ka\u017cdemu w\u0119dkarzowi do aktualnych warunk\u00f3w panuj\u0105cych na \u0142owisku.<\/p>\n<p>Pakowane po 25g.<\/p>\n<p><strong>Smak:<\/strong>\u00a0Ryba<\/p>\n<p><strong>Kolor:<\/strong>\u00a0Szary<\/p>\n","protected":false},"excerpt":{"rendered":"<p>Seria najwy\u017cszej jako\u015bci przyn\u0119t o kszta\u0142cie wa\u0142ka (dumbells) w rozmiarze 7mm. D\u0142ugie i intensywne testy tych przyn\u0119t pozwoli\u0142y dopracowa\u0107 ich sk\u0142ad i w\u0142a\u015bciwo\u015bci tak aby by\u0142y bardzo skuteczne w ka\u017cdych warunkach. To co wyr\u00f3\u017cnia Matchpro Top Dumbells to idealna mi\u0119kko\u015b\u0107, dzi\u0119ki kt\u00f3rej ryby pewnie j\u0105 pobieraj\u0105. Wyj\u0105tkowa lekko\u015b\u0107 przyn\u0119ty zapewnia bardzo naturalne zachowanie si\u0119 w wodzie co niezwykle podnosi skuteczno\u015b\u0107 \u0142owienia. Top Matchpro Dumbells s\u0105 bardzo aromatyczne, oddaj\u0105c przez d\u0142ugi czas r\u00f3wnomiernie aromat w wodzie co przek\u0142ada si\u0119 na du\u017c\u0105 ilo\u015b\u0107 bra\u0144. R\u00f3\u017cnorodno\u015b\u0107 smak\u00f3w i kolor\u00f3w pozwala dopasowa\u0107 si\u0119 ka\u017cdemu w\u0119dkarzowi do aktualnych warunk\u00f3w panuj\u0105cych na \u0142owisku.<\/p>\n","protected":false},"featured_media":3678,"template":"","meta":[],"product_brand":[24],"product_cat":[44,19,41],"product_tag":[],"class_list":{"0":"post-3652","1":"product","2":"type-product","3":"status-publish","4":"has-post-thumbnail","6":"product_brand-matchpro","7":"product_cat-przynety-method-feeder","8":"product_cat-grunt","9":"product_cat-zanety-przynety-dodatki-gliny","11":"first","12":"instock","13":"shipping-taxable","14":"purchasable","15":"product-type-simple"},"_links":{"self":[{"href":"https:\/\/kotlinafishing.pl\/index.php?rest_route=\/wp\/v2\/product\/3652","targetHints":{"allow":["GET"]}}],"collection":[{"href":"https:\/\/kotlinafishing.pl\/index.php?rest_route=\/wp\/v2\/product"}],"about":[{"href":"https:\/\/kotlinafishing.pl\/index.php?rest_route=\/wp\/v2\/types\/product"}],"wp:featuredmedia":[{"embeddable":true,"href":"https:\/\/kotlinafishing.pl\/index.php?rest_route=\/wp\/v2\/media\/3678"}],"wp:attachment":[{"href":"https:\/\/kotlinafishing.pl\/index.php?rest_route=%2Fwp%2Fv2%2Fmedia&parent=3652"}],"wp:term":[{"taxonomy":"product_brand","embeddable":true,"href":"https:\/\/kotlinafishing.pl\/index.php?rest_route=%2Fwp%2Fv2%2Fproduct_brand&post=3652"},{"taxonomy":"product_cat","embeddable":true,"href":"https:\/\/kotlinafishing.pl\/index.php?rest_route=%2Fwp%2Fv2%2Fproduct_cat&post=3652"},{"taxonomy":"product_tag","embeddable":true,"href":"https:\/\/kotlinafishing.pl\/index.php?rest_route=%2Fwp%2Fv2%2Fproduct_tag&post=3652"}],"curies":[{"name":"wp","href":"https:\/\/api.w.org\/{rel}","templated":true}]}}