{"id":3646,"date":"2026-04-02T16:51:36","date_gmt":"2026-04-02T14:51:36","guid":{"rendered":"https:\/\/kotlinafishing.pl\/?post_type=product&#038;p=3646"},"modified":"2026-04-03T17:12:24","modified_gmt":"2026-04-03T15:12:24","slug":"top-wafters-truskawka-6mm-matchpro-op-20g","status":"publish","type":"product","link":"https:\/\/kotlinafishing.pl\/?product=top-wafters-truskawka-6mm-matchpro-op-20g","title":{"rendered":"Top Wafters Truskawka 6mm Matchpro (op. 20g)"},"content":{"rendered":"<p>Najnowszej generacji przyn\u0119ty w\u0119dkarskie o fantastycznych w\u0142a\u015bciwo\u015bciach! Idealny balans w wodzie powoduje, \u017ce ryby nie czuj\u0105 oporu podczas pobierania przyn\u0119ty. Naturalna mi\u0119kko\u015b\u0107 oraz intensywny aromat tworz\u0105 przyn\u0119t\u0119 doskona\u0142\u0105.<\/p>\n<p><strong>Smak \/ Aromat<\/strong> &#8211; Truskawka<\/p>\n<p><strong>Kolor:<\/strong> czerwony<\/p>\n<p><strong>Zachowanie w wodzie:<\/strong> Balans<\/p>\n","protected":false},"excerpt":{"rendered":"<p>Najnowszej generacji przyn\u0119ty w\u0119dkarskie o fantastycznych w\u0142a\u015bciwo\u015bciach! Idealny balans w wodzie powoduje, \u017ce ryby nie czuj\u0105 oporu podczas pobierania przyn\u0119ty. Naturalna mi\u0119kko\u015b\u0107 oraz intensywny aromat tworz\u0105 przyn\u0119t\u0119 doskona\u0142\u0105.<\/p>\n","protected":false},"featured_media":3684,"template":"","meta":[],"product_brand":[24],"product_cat":[44,19,41],"product_tag":[],"class_list":{"0":"post-3646","1":"product","2":"type-product","3":"status-publish","4":"has-post-thumbnail","6":"product_brand-matchpro","7":"product_cat-przynety-method-feeder","8":"product_cat-grunt","9":"product_cat-zanety-przynety-dodatki-gliny","11":"first","12":"instock","13":"shipping-taxable","14":"purchasable","15":"product-type-simple"},"_links":{"self":[{"href":"https:\/\/kotlinafishing.pl\/index.php?rest_route=\/wp\/v2\/product\/3646","targetHints":{"allow":["GET"]}}],"collection":[{"href":"https:\/\/kotlinafishing.pl\/index.php?rest_route=\/wp\/v2\/product"}],"about":[{"href":"https:\/\/kotlinafishing.pl\/index.php?rest_route=\/wp\/v2\/types\/product"}],"wp:featuredmedia":[{"embeddable":true,"href":"https:\/\/kotlinafishing.pl\/index.php?rest_route=\/wp\/v2\/media\/3684"}],"wp:attachment":[{"href":"https:\/\/kotlinafishing.pl\/index.php?rest_route=%2Fwp%2Fv2%2Fmedia&parent=3646"}],"wp:term":[{"taxonomy":"product_brand","embeddable":true,"href":"https:\/\/kotlinafishing.pl\/index.php?rest_route=%2Fwp%2Fv2%2Fproduct_brand&post=3646"},{"taxonomy":"product_cat","embeddable":true,"href":"https:\/\/kotlinafishing.pl\/index.php?rest_route=%2Fwp%2Fv2%2Fproduct_cat&post=3646"},{"taxonomy":"product_tag","embeddable":true,"href":"https:\/\/kotlinafishing.pl\/index.php?rest_route=%2Fwp%2Fv2%2Fproduct_tag&post=3646"}],"curies":[{"name":"wp","href":"https:\/\/api.w.org\/{rel}","templated":true}]}}