{"id":363,"date":"2025-09-02T16:19:48","date_gmt":"2025-09-02T14:19:48","guid":{"rendered":"http:\/\/kotlinafishing.pl\/?post_type=product&#038;p=363"},"modified":"2026-01-27T14:44:41","modified_gmt":"2026-01-27T13:44:41","slug":"zaneta-lorpio-feeder-grand-prix-natural-1kg","status":"publish","type":"product","link":"https:\/\/kotlinafishing.pl\/?product=zaneta-lorpio-feeder-grand-prix-natural-1kg","title":{"rendered":"Zan\u0119ta Lorpio FEEDER GRAND PRIX Natural 1kg"},"content":{"rendered":"<p>Oryginalna receptura do klasycznego feedera lub na sp\u0142awik. Pra\u017cone komponenty najlepszej jako\u015bci z minimaln\u0105 ilo\u015bci\u0105 frakcji pylistych. Atrakcyjny aromat, kolor i smak wabi\u0105 i utrzymuj\u0105 ryby w \u0142owisku. Szybko rozpada si\u0119 po opadni\u0119ciu na dno nie blokuje si\u0119 w koszyczku zan\u0119towym. Seria zan\u0119t w \u017c\u00f3\u0142tym, naturalnym i ciemnym kolorze. Wybieraj\u0105c odpowiedni kolor zan\u0119ty dopasujesz si\u0119 do upodoba\u0144 ryb na ka\u017cdym \u0142owisku. Zan\u0119ta River bardziej wi\u0105\u017c\u0105ca, o nieco grubszej frakcji, pozosta\u0142e o ma\u0142ej kleisto\u015bci i drobnej frakcji. Poszczeg\u00f3lne rodzaje zan\u0119t mo\u017cna miesza\u0107 ze sob\u0105 w dowolnej proporcji.<\/p>\n","protected":false},"excerpt":{"rendered":"<p>Oryginalna receptura do klasycznego feedera lub na sp\u0142awik. Pra\u017cone komponenty najlepszej jako\u015bci z minimaln\u0105 ilo\u015bci\u0105 frakcji pylistych. Atrakcyjny aromat, kolor i smak wabi\u0105 i utrzymuj\u0105 ryby w \u0142owisku. Szybko rozpada si\u0119 po opadni\u0119ciu na dno nie blokuje si\u0119 w koszyczku zan\u0119towym. Seria zan\u0119t w \u017c\u00f3\u0142tym, naturalnym i ciemnym kolorze. Wybieraj\u0105c odpowiedni kolor zan\u0119ty dopasujesz si\u0119 do upodoba\u0144 ryb na ka\u017cdym \u0142owisku. Zan\u0119ta River bardziej wi\u0105\u017c\u0105ca, o nieco grubszej frakcji, pozosta\u0142e o ma\u0142ej kleisto\u015bci i drobnej frakcji. Poszczeg\u00f3lne rodzaje zan\u0119t mo\u017cna miesza\u0107 ze sob\u0105 w dowolnej proporcji.<\/p>\n","protected":false},"featured_media":1576,"template":"","meta":[],"product_brand":[23],"product_cat":[19,42,41],"product_tag":[],"class_list":{"0":"post-363","1":"product","2":"type-product","3":"status-publish","4":"has-post-thumbnail","6":"product_brand-lorpio","7":"product_cat-grunt","8":"product_cat-zanety-klasyczne","9":"product_cat-zanety-przynety-dodatki-gliny","11":"first","12":"instock","13":"shipping-taxable","14":"purchasable","15":"product-type-simple"},"_links":{"self":[{"href":"https:\/\/kotlinafishing.pl\/index.php?rest_route=\/wp\/v2\/product\/363","targetHints":{"allow":["GET"]}}],"collection":[{"href":"https:\/\/kotlinafishing.pl\/index.php?rest_route=\/wp\/v2\/product"}],"about":[{"href":"https:\/\/kotlinafishing.pl\/index.php?rest_route=\/wp\/v2\/types\/product"}],"wp:featuredmedia":[{"embeddable":true,"href":"https:\/\/kotlinafishing.pl\/index.php?rest_route=\/wp\/v2\/media\/1576"}],"wp:attachment":[{"href":"https:\/\/kotlinafishing.pl\/index.php?rest_route=%2Fwp%2Fv2%2Fmedia&parent=363"}],"wp:term":[{"taxonomy":"product_brand","embeddable":true,"href":"https:\/\/kotlinafishing.pl\/index.php?rest_route=%2Fwp%2Fv2%2Fproduct_brand&post=363"},{"taxonomy":"product_cat","embeddable":true,"href":"https:\/\/kotlinafishing.pl\/index.php?rest_route=%2Fwp%2Fv2%2Fproduct_cat&post=363"},{"taxonomy":"product_tag","embeddable":true,"href":"https:\/\/kotlinafishing.pl\/index.php?rest_route=%2Fwp%2Fv2%2Fproduct_tag&post=363"}],"curies":[{"name":"wp","href":"https:\/\/api.w.org\/{rel}","templated":true}]}}