{"id":3611,"date":"2026-04-01T17:07:17","date_gmt":"2026-04-01T15:07:17","guid":{"rendered":"https:\/\/kotlinafishing.pl\/?post_type=product&#038;p=3611"},"modified":"2026-04-02T15:30:52","modified_gmt":"2026-04-02T13:30:52","slug":"kosz-do-podbieraka-delphin-fold-cube-60x50cm","status":"publish","type":"product","link":"https:\/\/kotlinafishing.pl\/?product=kosz-do-podbieraka-delphin-fold-cube-60x50cm","title":{"rendered":"Kosz do podbieraka Delphin Fold CUBE &#8211; sk\u0142adany, gumowana siatka (60x50cm)"},"content":{"rendered":"<p>P\u0142ywaj\u0105cy kosz o kwadratowym kszta\u0142cie z serii REAXE z lekk\u0105, ale wytrzyma\u0142\u0105 czarn\u0105 aluminiow\u0105 ram\u0105.<\/p>\n<p>Siatka podbieraka FloateR FoldCUBE pokryta jest gum\u0105, dzi\u0119ki czemu nie ch\u0142onie wody i szybko schnie. Dodatkowo jest pokryta zielon\u0105 tkanin\u0105 na ca\u0142ej ramie od spodu, aby zwi\u0119kszy\u0107 trwa\u0142o\u015b\u0107.<\/p>\n<p>Poniewa\u017c kosz unosi si\u0119 na powierzchni wody, mo\u017cna go tam pozostawi\u0107 do czasu, a\u017c ryba zostanie wyholowana i doprowadzona do podbieraka. Konstrukcja pasuje do zielono-czarnego koloru naszej serii REAXE. Rama jest sk\u0142adana na p\u00f3\u0142 i nie zajmuje tyle miejsca, co standardowe kosze podbierak\u00f3w.<\/p>\n<p>Idealnie nadaje si\u0119 do \u0142\u0105czenia ze sztyc\u0105 REAXE, ale pasuje do wi\u0119kszo\u015bci standardowych sztyc dost\u0119pnych na rynku.<\/p>\n<p><strong>Informacje techniczne:<\/strong><br \/>\n<strong>Gumowa pow\u0142oka:<\/strong> Tak<br \/>\n<strong>Rozmiar oczka:<\/strong> 8 mm x 8 mm<\/p>\n","protected":false},"excerpt":{"rendered":"<p>P\u0142ywaj\u0105cy kosz o kwadratowym kszta\u0142cie z serii REAXE z lekk\u0105, ale wytrzyma\u0142\u0105 czarn\u0105 aluminiow\u0105 ram\u0105.<\/p>\n<p>Siatka podbieraka FloateR FoldCUBE pokryta jest gum\u0105, dzi\u0119ki czemu nie ch\u0142onie wody i szybko schnie. Dodatkowo jest pokryta zielon\u0105 tkanin\u0105 na ca\u0142ej ramie od spodu, aby zwi\u0119kszy\u0107 trwa\u0142o\u015b\u0107.<\/p>\n","protected":false},"featured_media":3624,"template":"","meta":[],"product_brand":[97],"product_cat":[83,80,19],"product_tag":[],"class_list":{"0":"post-3611","1":"product","2":"type-product","3":"status-publish","4":"has-post-thumbnail","6":"product_brand-delphin","7":"product_cat-kosze-do-podbierakow","8":"product_cat-siatki-podbieraki-sztyce","9":"product_cat-grunt","11":"first","12":"instock","13":"shipping-taxable","14":"purchasable","15":"product-type-simple"},"_links":{"self":[{"href":"https:\/\/kotlinafishing.pl\/index.php?rest_route=\/wp\/v2\/product\/3611","targetHints":{"allow":["GET"]}}],"collection":[{"href":"https:\/\/kotlinafishing.pl\/index.php?rest_route=\/wp\/v2\/product"}],"about":[{"href":"https:\/\/kotlinafishing.pl\/index.php?rest_route=\/wp\/v2\/types\/product"}],"wp:featuredmedia":[{"embeddable":true,"href":"https:\/\/kotlinafishing.pl\/index.php?rest_route=\/wp\/v2\/media\/3624"}],"wp:attachment":[{"href":"https:\/\/kotlinafishing.pl\/index.php?rest_route=%2Fwp%2Fv2%2Fmedia&parent=3611"}],"wp:term":[{"taxonomy":"product_brand","embeddable":true,"href":"https:\/\/kotlinafishing.pl\/index.php?rest_route=%2Fwp%2Fv2%2Fproduct_brand&post=3611"},{"taxonomy":"product_cat","embeddable":true,"href":"https:\/\/kotlinafishing.pl\/index.php?rest_route=%2Fwp%2Fv2%2Fproduct_cat&post=3611"},{"taxonomy":"product_tag","embeddable":true,"href":"https:\/\/kotlinafishing.pl\/index.php?rest_route=%2Fwp%2Fv2%2Fproduct_tag&post=3611"}],"curies":[{"name":"wp","href":"https:\/\/api.w.org\/{rel}","templated":true}]}}