{"id":3607,"date":"2026-04-01T16:58:23","date_gmt":"2026-04-01T14:58:23","guid":{"rendered":"https:\/\/kotlinafishing.pl\/?post_type=product&#038;p=3607"},"modified":"2026-04-02T15:33:06","modified_gmt":"2026-04-02T13:33:06","slug":"kosz-do-podbieraka-delphin-atak-sp-r","status":"publish","type":"product","link":"https:\/\/kotlinafishing.pl\/?product=kosz-do-podbieraka-delphin-atak-sp-r","title":{"rendered":"Kosz do podbieraka Delphin Atak SP-R &#8211; gumowana siatka (50x40cm)"},"content":{"rendered":"<p>Delphin ATAK! SP-R FLOATY to p\u0142ywaj\u0105cy kosz do podbieraka z gumow\u0105 siatk\u0105. Czarna gumowa siatka z pomara\u0144czowymi przeszyciami jest przymocowana do lekkiej, ale solidnej aluminiowej ramy w kolorze pomara\u0144czowym. P\u0142ywaj\u0105ce akcesoria u\u0142atwi\u0105 holowanie ryb. Idealnie nadaje si\u0119 do manipulacji w wodzie podczas robienia zdj\u0119\u0107 \u2013 nie b\u0119dziesz musia\u0142 podchodzi\u0107 do brzegu, a rama utrzyma podbierak na wodzie. Gumowa pow\u0142oka jest ca\u0142kowicie bezzapachowa i bardzo szybko schnie. Ten kosz jest idealny do specjalnej serii Atak! , ale mo\u017cesz go u\u017cywa\u0107 z ka\u017cd\u0105 sztyc\u0105 dost\u0119pn\u0105 na rynku. SP-R Floaty z pewno\u015bci\u0105 stanie si\u0119 sta\u0142ym wyborem podczas twoich w\u0119dkarskich sesji.<\/p>\n<p><strong>Specyfikacja:<\/strong><br \/>\n<strong>Pow\u0142oka gumowa:<\/strong> Tak<br \/>\n<strong>Rozmiar oczek:<\/strong> 8 mm x 8 mm<\/p>\n","protected":false},"excerpt":{"rendered":"<p>Delphin ATAK! SP-R FLOATY to p\u0142ywaj\u0105cy kosz do podbieraka z gumow\u0105 siatk\u0105. Czarna gumowa siatka z pomara\u0144czowymi przeszyciami jest przymocowana do lekkiej, ale solidnej aluminiowej ramy w kolorze pomara\u0144czowym. P\u0142ywaj\u0105ce akcesoria u\u0142atwi\u0105 holowanie ryb. Idealnie nadaje si\u0119 do manipulacji w wodzie podczas robienia zdj\u0119\u0107 \u2013 nie b\u0119dziesz musia\u0142 podchodzi\u0107 do brzegu, a rama utrzyma podbierak na wodzie. Gumowa pow\u0142oka jest ca\u0142kowicie bezzapachowa i bardzo szybko schnie. Ten kosz jest idealny do specjalnej serii Atak! , ale mo\u017cesz go u\u017cywa\u0107 z ka\u017cd\u0105 sztyc\u0105 dost\u0119pn\u0105 na rynku. SP-R Floaty z pewno\u015bci\u0105 stanie si\u0119 sta\u0142ym wyborem podczas twoich w\u0119dkarskich sesji.<\/p>\n","protected":false},"featured_media":3626,"template":"","meta":[],"product_brand":[97],"product_cat":[83,80,19],"product_tag":[],"class_list":{"0":"post-3607","1":"product","2":"type-product","3":"status-publish","4":"has-post-thumbnail","6":"product_brand-delphin","7":"product_cat-kosze-do-podbierakow","8":"product_cat-siatki-podbieraki-sztyce","9":"product_cat-grunt","11":"first","12":"instock","13":"shipping-taxable","14":"purchasable","15":"product-type-simple"},"_links":{"self":[{"href":"https:\/\/kotlinafishing.pl\/index.php?rest_route=\/wp\/v2\/product\/3607","targetHints":{"allow":["GET"]}}],"collection":[{"href":"https:\/\/kotlinafishing.pl\/index.php?rest_route=\/wp\/v2\/product"}],"about":[{"href":"https:\/\/kotlinafishing.pl\/index.php?rest_route=\/wp\/v2\/types\/product"}],"wp:featuredmedia":[{"embeddable":true,"href":"https:\/\/kotlinafishing.pl\/index.php?rest_route=\/wp\/v2\/media\/3626"}],"wp:attachment":[{"href":"https:\/\/kotlinafishing.pl\/index.php?rest_route=%2Fwp%2Fv2%2Fmedia&parent=3607"}],"wp:term":[{"taxonomy":"product_brand","embeddable":true,"href":"https:\/\/kotlinafishing.pl\/index.php?rest_route=%2Fwp%2Fv2%2Fproduct_brand&post=3607"},{"taxonomy":"product_cat","embeddable":true,"href":"https:\/\/kotlinafishing.pl\/index.php?rest_route=%2Fwp%2Fv2%2Fproduct_cat&post=3607"},{"taxonomy":"product_tag","embeddable":true,"href":"https:\/\/kotlinafishing.pl\/index.php?rest_route=%2Fwp%2Fv2%2Fproduct_tag&post=3607"}],"curies":[{"name":"wp","href":"https:\/\/api.w.org\/{rel}","templated":true}]}}