{"id":3605,"date":"2026-04-01T16:54:15","date_gmt":"2026-04-01T14:54:15","guid":{"rendered":"https:\/\/kotlinafishing.pl\/?post_type=product&#038;p=3605"},"modified":"2026-04-02T15:35:02","modified_gmt":"2026-04-02T13:35:02","slug":"kosz-do-podbieraka-delphin-reaxe-easycube-50x40cm","status":"publish","type":"product","link":"https:\/\/kotlinafishing.pl\/?product=kosz-do-podbieraka-delphin-reaxe-easycube-50x40cm","title":{"rendered":"Kosz do podbieraka Delphin Reaxe EasyCUBE (50x40cm)"},"content":{"rendered":"<p>Kwadratowy kosz podbieraka z serii REAXE z lekk\u0105, ale wytrzyma\u0142\u0105 czarn\u0105 aluminiow\u0105 ram\u0105. Siatka jest zielona z wysokiej jako\u015bci przeszyciami. Jest mi\u0119kka, a zatem delikatniejsza dla ryb ni\u017c siatka gumowa lub nylonowa. Dodatkowo jest pokryta czarn\u0105 tkanin\u0105 na ca\u0142ej ramie od spodu, aby zwi\u0119kszy\u0107 trwa\u0142o\u015b\u0107.<\/p>\n<p>Wz\u00f3r pasuje do zielono-czarnego koloru naszej serii REAXE. Idealnie nadaje si\u0119 do \u0142\u0105czenia ze sztyc\u0105 REAXE, ale pasuje do wi\u0119kszo\u015bci standardowych sztyc dost\u0119pnych na rynku.<\/p>\n<p><strong>Informacje techniczne:<\/strong><\/p>\n<p><strong>Gumowa pow\u0142oka:<\/strong> Nie<br \/>\n<strong>Rozmiar oczka:<\/strong> 8 mm x 8 mm<\/p>\n","protected":false},"excerpt":{"rendered":"<p>Kwadratowy kosz podbieraka z serii REAXE z lekk\u0105, ale wytrzyma\u0142\u0105 czarn\u0105 aluminiow\u0105 ram\u0105. Siatka jest zielona z wysokiej jako\u015bci przeszyciami. Jest mi\u0119kka, a zatem delikatniejsza dla ryb ni\u017c siatka gumowa lub nylonowa. Dodatkowo jest pokryta czarn\u0105 tkanin\u0105 na ca\u0142ej ramie od spodu, aby zwi\u0119kszy\u0107 trwa\u0142o\u015b\u0107.<\/p>\n","protected":false},"featured_media":3629,"template":"","meta":[],"product_brand":[97],"product_cat":[83,80,19],"product_tag":[],"class_list":{"0":"post-3605","1":"product","2":"type-product","3":"status-publish","4":"has-post-thumbnail","6":"product_brand-delphin","7":"product_cat-kosze-do-podbierakow","8":"product_cat-siatki-podbieraki-sztyce","9":"product_cat-grunt","11":"first","12":"instock","13":"shipping-taxable","14":"purchasable","15":"product-type-simple"},"_links":{"self":[{"href":"https:\/\/kotlinafishing.pl\/index.php?rest_route=\/wp\/v2\/product\/3605","targetHints":{"allow":["GET"]}}],"collection":[{"href":"https:\/\/kotlinafishing.pl\/index.php?rest_route=\/wp\/v2\/product"}],"about":[{"href":"https:\/\/kotlinafishing.pl\/index.php?rest_route=\/wp\/v2\/types\/product"}],"wp:featuredmedia":[{"embeddable":true,"href":"https:\/\/kotlinafishing.pl\/index.php?rest_route=\/wp\/v2\/media\/3629"}],"wp:attachment":[{"href":"https:\/\/kotlinafishing.pl\/index.php?rest_route=%2Fwp%2Fv2%2Fmedia&parent=3605"}],"wp:term":[{"taxonomy":"product_brand","embeddable":true,"href":"https:\/\/kotlinafishing.pl\/index.php?rest_route=%2Fwp%2Fv2%2Fproduct_brand&post=3605"},{"taxonomy":"product_cat","embeddable":true,"href":"https:\/\/kotlinafishing.pl\/index.php?rest_route=%2Fwp%2Fv2%2Fproduct_cat&post=3605"},{"taxonomy":"product_tag","embeddable":true,"href":"https:\/\/kotlinafishing.pl\/index.php?rest_route=%2Fwp%2Fv2%2Fproduct_tag&post=3605"}],"curies":[{"name":"wp","href":"https:\/\/api.w.org\/{rel}","templated":true}]}}