{"id":3600,"date":"2026-04-01T16:12:27","date_gmt":"2026-04-01T14:12:27","guid":{"rendered":"https:\/\/kotlinafishing.pl\/?post_type=product&#038;p=3600"},"modified":"2026-04-03T16:04:32","modified_gmt":"2026-04-03T14:04:32","slug":"larwa-36mm-m-r-baits-czekoladowo-zolty-1szt","status":"publish","type":"product","link":"https:\/\/kotlinafishing.pl\/?product=larwa-36mm-m-r-baits-czekoladowo-zolty-1szt","title":{"rendered":"Larwa 36mm M.R. Baits czekoladowo &#8211; \u017c\u00f3\u0142ty 1szt."},"content":{"rendered":"<p>Waga 1,5 grama.<\/p>\n<p>D\u0142ugo\u015b\u0107 36 mm.<\/p>\n<p><strong>Sprzedawane na sztuki.<\/strong><\/p>\n","protected":false},"excerpt":{"rendered":"<p>Waga 1,5 grama.<\/p>\n<p>D\u0142ugo\u015b\u0107 36 mm.<\/p>\n<p><strong>Sprzedawane na sztuki.<\/strong><\/p>\n","protected":false},"featured_media":3664,"template":"","meta":[],"product_brand":[229],"product_cat":[195,251,194,21],"product_tag":[],"class_list":{"0":"post-3600","1":"product","2":"type-product","3":"status-publish","4":"has-post-thumbnail","6":"product_brand-m-r-baits","7":"product_cat-gumy","8":"product_cat-imitacje-robakow","9":"product_cat-przynety-spinningowe","10":"product_cat-spinning","11":"pa_dlugosc-36mm","12":"pa_marka-m-r-baits","14":"first","15":"instock","16":"shipping-taxable","17":"purchasable","18":"product-type-simple"},"_links":{"self":[{"href":"https:\/\/kotlinafishing.pl\/index.php?rest_route=\/wp\/v2\/product\/3600","targetHints":{"allow":["GET"]}}],"collection":[{"href":"https:\/\/kotlinafishing.pl\/index.php?rest_route=\/wp\/v2\/product"}],"about":[{"href":"https:\/\/kotlinafishing.pl\/index.php?rest_route=\/wp\/v2\/types\/product"}],"wp:featuredmedia":[{"embeddable":true,"href":"https:\/\/kotlinafishing.pl\/index.php?rest_route=\/wp\/v2\/media\/3664"}],"wp:attachment":[{"href":"https:\/\/kotlinafishing.pl\/index.php?rest_route=%2Fwp%2Fv2%2Fmedia&parent=3600"}],"wp:term":[{"taxonomy":"product_brand","embeddable":true,"href":"https:\/\/kotlinafishing.pl\/index.php?rest_route=%2Fwp%2Fv2%2Fproduct_brand&post=3600"},{"taxonomy":"product_cat","embeddable":true,"href":"https:\/\/kotlinafishing.pl\/index.php?rest_route=%2Fwp%2Fv2%2Fproduct_cat&post=3600"},{"taxonomy":"product_tag","embeddable":true,"href":"https:\/\/kotlinafishing.pl\/index.php?rest_route=%2Fwp%2Fv2%2Fproduct_tag&post=3600"}],"curies":[{"name":"wp","href":"https:\/\/api.w.org\/{rel}","templated":true}]}}