{"id":3598,"date":"2026-04-01T16:07:34","date_gmt":"2026-04-01T14:07:34","guid":{"rendered":"https:\/\/kotlinafishing.pl\/?post_type=product&#038;p=3598"},"modified":"2026-04-03T16:05:47","modified_gmt":"2026-04-03T14:05:47","slug":"szerszen-40mm-m-r-baits-1szt","status":"publish","type":"product","link":"https:\/\/kotlinafishing.pl\/?product=szerszen-40mm-m-r-baits-1szt","title":{"rendered":"Szersze\u0144 40mm M.R. Baits 1szt."},"content":{"rendered":"<p>Imitacja owada powierzchniowego. Doskona\u0142a przyn\u0119ta na aktywne ryby \u017ceruj\u0105ce z powierzchni.<\/p>\n","protected":false},"excerpt":{"rendered":"<p>Imitacja owada powierzchniowego. Doskona\u0142a przyn\u0119ta na aktywne ryby \u017ceruj\u0105ce z powierzchni.<\/p>\n","protected":false},"featured_media":3656,"template":"","meta":[],"product_brand":[229],"product_cat":[195,251,194,21],"product_tag":[],"class_list":{"0":"post-3598","1":"product","2":"type-product","3":"status-publish","4":"has-post-thumbnail","6":"product_brand-m-r-baits","7":"product_cat-gumy","8":"product_cat-imitacje-robakow","9":"product_cat-przynety-spinningowe","10":"product_cat-spinning","11":"pa_dlugosc-40mm","12":"pa_marka-m-r-baits","14":"first","15":"instock","16":"shipping-taxable","17":"purchasable","18":"product-type-simple"},"_links":{"self":[{"href":"https:\/\/kotlinafishing.pl\/index.php?rest_route=\/wp\/v2\/product\/3598","targetHints":{"allow":["GET"]}}],"collection":[{"href":"https:\/\/kotlinafishing.pl\/index.php?rest_route=\/wp\/v2\/product"}],"about":[{"href":"https:\/\/kotlinafishing.pl\/index.php?rest_route=\/wp\/v2\/types\/product"}],"wp:featuredmedia":[{"embeddable":true,"href":"https:\/\/kotlinafishing.pl\/index.php?rest_route=\/wp\/v2\/media\/3656"}],"wp:attachment":[{"href":"https:\/\/kotlinafishing.pl\/index.php?rest_route=%2Fwp%2Fv2%2Fmedia&parent=3598"}],"wp:term":[{"taxonomy":"product_brand","embeddable":true,"href":"https:\/\/kotlinafishing.pl\/index.php?rest_route=%2Fwp%2Fv2%2Fproduct_brand&post=3598"},{"taxonomy":"product_cat","embeddable":true,"href":"https:\/\/kotlinafishing.pl\/index.php?rest_route=%2Fwp%2Fv2%2Fproduct_cat&post=3598"},{"taxonomy":"product_tag","embeddable":true,"href":"https:\/\/kotlinafishing.pl\/index.php?rest_route=%2Fwp%2Fv2%2Fproduct_tag&post=3598"}],"curies":[{"name":"wp","href":"https:\/\/api.w.org\/{rel}","templated":true}]}}