{"id":3597,"date":"2026-04-01T16:05:08","date_gmt":"2026-04-01T14:05:08","guid":{"rendered":"https:\/\/kotlinafishing.pl\/?post_type=product&#038;p=3597"},"modified":"2026-04-03T16:07:43","modified_gmt":"2026-04-03T14:07:43","slug":"chrabaszcz-35mm-m-r-baits-1szt","status":"publish","type":"product","link":"https:\/\/kotlinafishing.pl\/?product=chrabaszcz-35mm-m-r-baits-1szt","title":{"rendered":"Chrab\u0105szcz 35mm M.R. Baits 1szt."},"content":{"rendered":"<p><strong>CHRAB\u0104SZCZ<\/strong>\u00a035 mm &#8211;\u00a0<strong>realistyczna imitacja owada<\/strong>\u00a0jest skuteczn\u0105 przyn\u0119t\u0105 ca\u0142y rok. W ciep\u0142ych miesi\u0105cach \u0142owi ryby zbieraj\u0105ce pokarm z powierzchni natomiast jesieni\u0105, zim\u0105 i wczesn\u0105 wiosn\u0105 uzbrojony w czeburaszk\u0119 lub gruby hak skutecznie wabi toniowe lub przebywaj\u0105ce przy dnie ryby. Jego waga 1,9 grama.<\/p>\n","protected":false},"excerpt":{"rendered":"<p><strong>CHRAB\u0104SZCZ<\/strong>\u00a035 mm &#8211;\u00a0<strong>realistyczna imitacja owada<\/strong>\u00a0jest skuteczn\u0105 przyn\u0119t\u0105 ca\u0142y rok. W ciep\u0142ych miesi\u0105cach \u0142owi ryby zbieraj\u0105ce pokarm z powierzchni natomiast jesieni\u0105, zim\u0105 i wczesn\u0105 wiosn\u0105 uzbrojony w czeburaszk\u0119 lub gruby hak skutecznie wabi toniowe lub przebywaj\u0105ce przy dnie ryby. Jego waga 1,9 grama.<\/p>\n","protected":false},"featured_media":3662,"template":"","meta":[],"product_brand":[229],"product_cat":[195,251,194,21],"product_tag":[],"class_list":{"0":"post-3597","1":"product","2":"type-product","3":"status-publish","4":"has-post-thumbnail","6":"product_brand-m-r-baits","7":"product_cat-gumy","8":"product_cat-imitacje-robakow","9":"product_cat-przynety-spinningowe","10":"product_cat-spinning","11":"pa_dlugosc-35mm","13":"first","14":"instock","15":"shipping-taxable","16":"purchasable","17":"product-type-simple"},"_links":{"self":[{"href":"https:\/\/kotlinafishing.pl\/index.php?rest_route=\/wp\/v2\/product\/3597","targetHints":{"allow":["GET"]}}],"collection":[{"href":"https:\/\/kotlinafishing.pl\/index.php?rest_route=\/wp\/v2\/product"}],"about":[{"href":"https:\/\/kotlinafishing.pl\/index.php?rest_route=\/wp\/v2\/types\/product"}],"wp:featuredmedia":[{"embeddable":true,"href":"https:\/\/kotlinafishing.pl\/index.php?rest_route=\/wp\/v2\/media\/3662"}],"wp:attachment":[{"href":"https:\/\/kotlinafishing.pl\/index.php?rest_route=%2Fwp%2Fv2%2Fmedia&parent=3597"}],"wp:term":[{"taxonomy":"product_brand","embeddable":true,"href":"https:\/\/kotlinafishing.pl\/index.php?rest_route=%2Fwp%2Fv2%2Fproduct_brand&post=3597"},{"taxonomy":"product_cat","embeddable":true,"href":"https:\/\/kotlinafishing.pl\/index.php?rest_route=%2Fwp%2Fv2%2Fproduct_cat&post=3597"},{"taxonomy":"product_tag","embeddable":true,"href":"https:\/\/kotlinafishing.pl\/index.php?rest_route=%2Fwp%2Fv2%2Fproduct_tag&post=3597"}],"curies":[{"name":"wp","href":"https:\/\/api.w.org\/{rel}","templated":true}]}}