{"id":3593,"date":"2026-04-01T15:55:30","date_gmt":"2026-04-01T13:55:30","guid":{"rendered":"https:\/\/kotlinafishing.pl\/?post_type=product&#038;p=3593"},"modified":"2026-04-02T15:45:33","modified_gmt":"2026-04-02T13:45:33","slug":"sztyca-spinningowa-delphin-atak-single-40cm","status":"publish","type":"product","link":"https:\/\/kotlinafishing.pl\/?product=sztyca-spinningowa-delphin-atak-single-40cm","title":{"rendered":"Sztyca spinningowa Delphin Atak Single 40cm"},"content":{"rendered":"<p>Jednocz\u0119\u015bciowa sztyca do podbieraka Delphin ATAK! SINGLE to lekki, a zarazem bardzo mocny uchwyt, kt\u00f3ry sprawdzi si\u0119 nawet w najbardziej wymagaj\u0105cych warunkach. Przyda Ci si\u0119 nie tylko podczas w\u0119dkowania z \u0142odzi ale tak\u017ce podczas spinningowania z brzegu. Uchwyt przeznaczony dla spinningist\u00f3w ale sprawdzi si\u0119 r\u00f3wnie\u017c w\u0119dkuj\u0105cym na much\u0119. Korpus wykonany jest z wysokiej jako\u015bci w\u0119gla 24T co zapenia wysoki komfort u\u017cytkowania i znacz\u0105co redukuje mas\u0119 podbieraka. Na r\u0119koje\u015bci znajduje si\u0119 gumowa powierzchnia antypo\u015blizgowa, kt\u00f3r\u0105 docenimy podczas podbierania ryby w wodzie, np. w spodniobutach. Na ko\u0144cu znajduje si\u0119 pasek zabezpieczaj\u0105cy, kt\u00f3ry umo\u017cliwia za\u0142o\u017cenie go na r\u0119k\u0119 lub przypi\u0119cie podbieraka np. do kamizelki.<\/p>\n<p>Sztyca wyposa\u017cona jest w standardowy gwint, kt\u00f3ry pasuje do wi\u0119kszo\u015bci popularnych podbierak\u00f3w i koszy. Szczeg\u00f3lnie polecamy po\u0142\u0105czenie z koszem Delphin ATAK! SP-R FLOATY, kt\u00f3ry b\u0119dzie si\u0119 idealnie komponowa\u0142 funkcjonalnie ale i wizualnie.<\/p>\n<p><strong>Parametry techniczne:<\/strong><\/p>\n<p>Model: 40 cm \/ 1 cz\u0119\u015b\u0107<br \/>\nMateria\u0142 uchwytu: w\u0142\u00f3kno w\u0119glowe<br \/>\n\u015arednica sztycy nad uchwytem: 14,6 mm<br \/>\nD\u0142ugo\u015b\u0107 transportowa: 42 cm<br \/>\nWaga sztycy: 52g<\/p>\n","protected":false},"excerpt":{"rendered":"<p>Jednocz\u0119\u015bciowa sztyca do podbieraka Delphin ATAK! SINGLE to lekki, a zarazem bardzo mocny uchwyt, kt\u00f3ry sprawdzi si\u0119 nawet w najbardziej wymagaj\u0105cych warunkach. Przyda Ci si\u0119 nie tylko podczas w\u0119dkowania z \u0142odzi ale tak\u017ce podczas spinningowania z brzegu. Uchwyt przeznaczony dla spinningist\u00f3w ale sprawdzi si\u0119 r\u00f3wnie\u017c w\u0119dkuj\u0105cym na much\u0119. Korpus wykonany jest z wysokiej jako\u015bci w\u0119gla 24T co zapenia wysoki komfort u\u017cytkowania i znacz\u0105co redukuje mas\u0119 podbieraka. Na r\u0119koje\u015bci znajduje si\u0119 gumowa powierzchnia antypo\u015blizgowa, kt\u00f3r\u0105 docenimy podczas podbierania ryby w wodzie, np. w spodniobutach. Na ko\u0144cu znajduje si\u0119 pasek zabezpieczaj\u0105cy, kt\u00f3ry umo\u017cliwia za\u0142o\u017cenie go na r\u0119k\u0119 lub przypi\u0119cie podbieraka np. do kamizelki.<\/p>\n","protected":false},"featured_media":3633,"template":"","meta":[],"product_brand":[97],"product_cat":[289,21],"product_tag":[],"class_list":{"0":"post-3593","1":"product","2":"type-product","3":"status-publish","4":"has-post-thumbnail","6":"product_brand-delphin","7":"product_cat-podbieraki-spinningowe","8":"product_cat-spinning","9":"pa_marka-delphin","11":"first","12":"instock","13":"shipping-taxable","14":"purchasable","15":"product-type-simple"},"_links":{"self":[{"href":"https:\/\/kotlinafishing.pl\/index.php?rest_route=\/wp\/v2\/product\/3593","targetHints":{"allow":["GET"]}}],"collection":[{"href":"https:\/\/kotlinafishing.pl\/index.php?rest_route=\/wp\/v2\/product"}],"about":[{"href":"https:\/\/kotlinafishing.pl\/index.php?rest_route=\/wp\/v2\/types\/product"}],"wp:featuredmedia":[{"embeddable":true,"href":"https:\/\/kotlinafishing.pl\/index.php?rest_route=\/wp\/v2\/media\/3633"}],"wp:attachment":[{"href":"https:\/\/kotlinafishing.pl\/index.php?rest_route=%2Fwp%2Fv2%2Fmedia&parent=3593"}],"wp:term":[{"taxonomy":"product_brand","embeddable":true,"href":"https:\/\/kotlinafishing.pl\/index.php?rest_route=%2Fwp%2Fv2%2Fproduct_brand&post=3593"},{"taxonomy":"product_cat","embeddable":true,"href":"https:\/\/kotlinafishing.pl\/index.php?rest_route=%2Fwp%2Fv2%2Fproduct_cat&post=3593"},{"taxonomy":"product_tag","embeddable":true,"href":"https:\/\/kotlinafishing.pl\/index.php?rest_route=%2Fwp%2Fv2%2Fproduct_tag&post=3593"}],"curies":[{"name":"wp","href":"https:\/\/api.w.org\/{rel}","templated":true}]}}